{"id":131,"date":"2020-06-06T08:46:38","date_gmt":"2020-06-06T07:46:38","guid":{"rendered":"https:\/\/johannes-sieber.ch\/ahead\/?p=131"},"modified":"2025-02-11T17:50:16","modified_gmt":"2025-02-11T16:50:16","slug":"themen","status":"publish","type":"page","link":"https:\/\/www.johannes-sieber.ch\/move\/","title":{"rendered":"Kultur, Klima, Stadt &amp; Menschen"},"content":{"rendered":"\n<p><strong>Im Februar 2025 hat meine zweite Legislatur begonnen. Ich bedanke mich bei allen, die mir im Wahlkreis Kleinbasel ihre Stimme gegeben haben. Gerne begleite ich meine politischen Vorst\u00f6sse der letzten vier Jahre weiter und setze mein Engagement f\u00fcr einen urbanen und lebendigen Kanton Basel-Stadt im Zentrum der Metropolregion Nordwestschweiz am Dreil\u00e4ndereck fort.<\/strong><\/p>\n\n\n\n<p>Seit mehreren Jahren besch\u00e4ftigen mich die Themen <strong>Kultur<\/strong>, <strong>Klima<\/strong>, <strong><strong>Stadt <\/strong><\/strong>und<strong><strong> Menschen<\/strong><\/strong> beruflich und politisch. Mein Fokus liegt bei <strong>Unternehmen der Kultur<\/strong> (Hochkultur \u00fcber Pop bis Soziokultur, Gastronomie und Tourismus im urbanen Lebensraum), <strong>erneuerbare Energie<\/strong> (Forschung, Entwicklung, Innovation) und <strong>offene Gesellschaft<\/strong> (gleiche Rechte und Chancen, liberale Gesellschaft und Selbstbestimmung). Ich bin im sozial-liberalen Spektrum positioniert.<\/p>\n\n\n\n<p>Meine parlamentarischen Vorst\u00f6sse der laufenden Legislatur (2021-2025) findest Du im <a href=\"https:\/\/grosserrat.bs.ch\/mitglieder\/15004034\">Gesch\u00e4ftsverzeichnis des Grossen Rats<\/a>. Sie sind zudem <a href=\"https:\/\/www.johannes-sieber.ch\/move\/\">unter Notizen von mir kommentiert und mit der Medienberichterstattung archiviert<\/a>.<\/p>\n\n\n\n<p>Ideologie- und dogmafrei erarbeite und vertrete ich <strong>praktikable Antworten f\u00fcr die aktuellen Herausforderungen<\/strong> unserer Zeit. Nicht Verbote, sondern <strong>Anreize f\u00f6rdern Wandel und Innovation.<\/strong><\/p>\n\n\n\n<p><strong>Meine Anliegen:<\/strong><\/p>\n\n\n\n<div class=\"themabox\">\n<b>Kultur- und Kreativbranche<\/b>\n<ul>\n<li>Anerkennen der Kulturunternehmen und Kreativbranche\n<\/li><li>F\u00f6rderung von Innovation etablierter Kultur-Institutionen\n<\/li><li>F\u00f6rderung eines weiten Kulturverst\u00e4ndnisses\n<\/li><\/ul>\n<b>Lesen:<\/b> <a href=\"https:\/\/johannes-sieber.ch\/move\/kultur\">mehr zum Thema Kultur<\/a>\n<\/div>\n\n\n\n<div class=\"themabox\"><b>Klima, Energie und Umwelt<\/b>\n<ul>\n<li>Energiewende rasch umsetzen<\/li>\n<li>Energieeffizienz priorisieren<\/li>\n<li>Erneuerbare Energie f\u00f6rdern<\/li>\n<\/ul>\n<b>Lesen:<\/b> <a href=\"https:\/\/johannes-sieber.ch\/move\/klima\">mehr zum Thema Klima<\/a>\n<\/div>\n\n\n\n<div class=\"themabox\"><b>Chancengerechtigkeit und offene Gesellschaft<\/b>\n<ul><li>Diverse Gleichstellungspolitik\n<\/li><li>Ganzheitliche L\u00f6sungen\n<\/li><li>F\u00fcr alle Geschlechter und Minderheiten\n<\/li><\/ul>\n<b>Lesen:<\/b> <a href=\"https:\/\/johannes-sieber.ch\/move\/gleichstellung\">mehr zum Thema offene Gesellschaft<\/a>\n<\/div>\n\n\n\n<p><\/p>\n\n\n\n<p>Weitere Anliegen: Nachhaltige Mobilit\u00e4t; starke Bildung und Forschung; eine offene und vernetzte Schweiz; direkte Demokratie und V\u00f6lkerrecht; Sozialpolitik: Unterst\u00fctzung zur Eigenverantwortung; Migration: humanit\u00e4re Tradition; Gesundheit: Qualit\u00e4t sichern, Kosten senken; Raumplanung: verdichten statt zersiedeln; Sicherheitspolitik: Grundrechte sch\u00fctzen.<\/p>\n\n\n\n<p>Drehb\u00fccher erfolgreicher Filme werden heute im Team geschrieben. Das ist mit Politik genau so: Mehrheitsf\u00e4hig sind L\u00f6sungen, die Perspektiven vieler ber\u00fccksichtigen. Mach mit: <a href=\"https:\/\/www.johannes-sieber.ch\/move\/resonanz\/\">Schreibe dich hier in mein Resonanz-Netzwerk ein<\/a>!<\/p>\n\n\n\n<p class=\"hinweisbox\">Online: Johannes Sieber, Erneuerungswahlen, 20. Oktober 2024<br>Highlights Legislatur 2021 &#8211; 2025<br><a href=\"https:\/\/www.johannes-sieber.ch\/move\/highlights-legislatur-2021-2025\/\" target=\"_blank\" rel=\"noreferrer noopener\">Johannes Sieber, Highlights<\/a><\/p>\n\n\n\n<p class=\"hinweisbox\">Online: Johannes Sieber, Notizen<br>Kommentierte politische Vorst\u00f6sse Grosser Rat<br><a href=\"https:\/\/www.johannes-sieber.ch\/move\" target=\"_blank\" rel=\"noreferrer noopener\">Johannes Sieber, Notizen<\/a><\/p>\n\n\n\n<p><\/p>\n\n\n\n<p class=\"fotoquelle\">Foto zur Notiz: Xenia \/ Kulturstadt Jetzt<\/p>\n","protected":false},"excerpt":{"rendered":"<p>Im Februar 2025 hat meine zweite Legislatur begonnen. Ich bedanke mich bei allen, die mir im Wahlkreis Kleinbasel ihre Stimme gegeben haben. Gerne begleite ich meine politischen Vorst\u00f6sse der letzten vier Jahre weiter und setze&#8230;<\/p>\n","protected":false},"author":1,"featured_media":7999,"parent":0,"menu_order":0,"comment_status":"closed","ping_status":"open","template":"","meta":{"footnotes":""},"class_list":["post-131","page","type-page","status-publish","has-post-thumbnail","hentry"],"yoast_head":"<!-- This site is optimized with the Yoast SEO plugin v27.3 - https:\/\/yoast.com\/product\/yoast-seo-wordpress\/ -->\n<title>Kultur, Klima, Stadt &amp; Menschen - Johannes Sieber<\/title>\n<meta name=\"robots\" content=\"index, follow, max-snippet:-1, max-image-preview:large, max-video-preview:-1\" \/>\n<link rel=\"canonical\" href=\"https:\/\/www.johannes-sieber.ch\/move\/\" \/>\n<meta property=\"og:locale\" content=\"de_DE\" \/>\n<meta property=\"og:type\" content=\"article\" \/>\n<meta property=\"og:title\" content=\"Kultur, Klima, Stadt &amp; Menschen - Johannes Sieber\" \/>\n<meta property=\"og:description\" content=\"Im Februar 2025 hat meine zweite Legislatur begonnen. Ich bedanke mich bei allen, die mir im Wahlkreis Kleinbasel ihre Stimme gegeben haben. Gerne begleite ich meine politischen Vorst\u00f6sse der letzten vier Jahre weiter und setze...\" \/>\n<meta property=\"og:url\" content=\"https:\/\/www.johannes-sieber.ch\/move\/\" \/>\n<meta property=\"og:site_name\" content=\"Johannes Sieber\" \/>\n<meta property=\"article:modified_time\" content=\"2025-02-11T16:50:16+00:00\" \/>\n<meta property=\"og:image\" content=\"https:\/\/www.johannes-sieber.ch\/move\/wp-content\/uploads\/2024\/06\/JohannesSieber_2024Juni_by_Xenja_2-700x404.png\" \/>\n\t<meta property=\"og:image:width\" content=\"700\" \/>\n\t<meta property=\"og:image:height\" content=\"404\" \/>\n\t<meta property=\"og:image:type\" content=\"image\/png\" \/>\n<meta name=\"twitter:card\" content=\"summary_large_image\" \/>\n<meta name=\"twitter:site\" content=\"@JohannesSieber\" \/>\n<meta name=\"twitter:label1\" content=\"Gesch\u00e4tzte Lesezeit\" \/>\n\t<meta name=\"twitter:data1\" content=\"2\u00a0Minuten\" \/>\n<script type=\"application\/ld+json\" class=\"yoast-schema-graph\">{\"@context\":\"https:\\\/\\\/schema.org\",\"@graph\":[{\"@type\":\"WebPage\",\"@id\":\"https:\\\/\\\/www.johannes-sieber.ch\\\/move\\\/\",\"url\":\"https:\\\/\\\/www.johannes-sieber.ch\\\/move\\\/\",\"name\":\"Kultur, Klima, Stadt &amp; Menschen - Johannes Sieber\",\"isPartOf\":{\"@id\":\"https:\\\/\\\/www.johannes-sieber.ch\\\/move\\\/#website\"},\"primaryImageOfPage\":{\"@id\":\"https:\\\/\\\/www.johannes-sieber.ch\\\/move\\\/#primaryimage\"},\"image\":{\"@id\":\"https:\\\/\\\/www.johannes-sieber.ch\\\/move\\\/#primaryimage\"},\"thumbnailUrl\":\"https:\\\/\\\/www.johannes-sieber.ch\\\/move\\\/wp-content\\\/uploads\\\/2024\\\/06\\\/JohannesSieber_2024Juni_by_Xenja_2.png\",\"datePublished\":\"2020-06-06T07:46:38+00:00\",\"dateModified\":\"2025-02-11T16:50:16+00:00\",\"breadcrumb\":{\"@id\":\"https:\\\/\\\/www.johannes-sieber.ch\\\/move\\\/#breadcrumb\"},\"inLanguage\":\"de\",\"potentialAction\":[{\"@type\":\"ReadAction\",\"target\":[\"https:\\\/\\\/www.johannes-sieber.ch\\\/move\\\/\"]}]},{\"@type\":\"ImageObject\",\"inLanguage\":\"de\",\"@id\":\"https:\\\/\\\/www.johannes-sieber.ch\\\/move\\\/#primaryimage\",\"url\":\"https:\\\/\\\/www.johannes-sieber.ch\\\/move\\\/wp-content\\\/uploads\\\/2024\\\/06\\\/JohannesSieber_2024Juni_by_Xenja_2.png\",\"contentUrl\":\"https:\\\/\\\/www.johannes-sieber.ch\\\/move\\\/wp-content\\\/uploads\\\/2024\\\/06\\\/JohannesSieber_2024Juni_by_Xenja_2.png\",\"width\":2378,\"height\":1374,\"caption\":\"Johannes Sieber\"},{\"@type\":\"BreadcrumbList\",\"@id\":\"https:\\\/\\\/www.johannes-sieber.ch\\\/move\\\/#breadcrumb\",\"itemListElement\":[{\"@type\":\"ListItem\",\"position\":1,\"name\":\"Startseite\",\"item\":\"https:\\\/\\\/www.johannes-sieber.ch\\\/move\\\/\"},{\"@type\":\"ListItem\",\"position\":2,\"name\":\"Kultur, Klima, Stadt &amp; Menschen\"}]},{\"@type\":\"WebSite\",\"@id\":\"https:\\\/\\\/www.johannes-sieber.ch\\\/move\\\/#website\",\"url\":\"https:\\\/\\\/www.johannes-sieber.ch\\\/move\\\/\",\"name\":\"Johannes Sieber\",\"description\":\"Notizen zu Kultur, Klima, Stadt &amp; Menschen\",\"publisher\":{\"@id\":\"https:\\\/\\\/www.johannes-sieber.ch\\\/move\\\/#\\\/schema\\\/person\\\/d92682c5f067a49d1c1f925bd5422e14\"},\"potentialAction\":[{\"@type\":\"SearchAction\",\"target\":{\"@type\":\"EntryPoint\",\"urlTemplate\":\"https:\\\/\\\/www.johannes-sieber.ch\\\/move\\\/?s={search_term_string}\"},\"query-input\":{\"@type\":\"PropertyValueSpecification\",\"valueRequired\":true,\"valueName\":\"search_term_string\"}}],\"inLanguage\":\"de\"},{\"@type\":[\"Person\",\"Organization\"],\"@id\":\"https:\\\/\\\/www.johannes-sieber.ch\\\/move\\\/#\\\/schema\\\/person\\\/d92682c5f067a49d1c1f925bd5422e14\",\"name\":\"Johannes Sieber\",\"image\":{\"@type\":\"ImageObject\",\"inLanguage\":\"de\",\"@id\":\"https:\\\/\\\/secure.gravatar.com\\\/avatar\\\/31f81941f5205fb74a8b0f15334401b3be15721e177e88208533a81bf8dae247?s=96&d=mm&r=g\",\"url\":\"https:\\\/\\\/secure.gravatar.com\\\/avatar\\\/31f81941f5205fb74a8b0f15334401b3be15721e177e88208533a81bf8dae247?s=96&d=mm&r=g\",\"contentUrl\":\"https:\\\/\\\/secure.gravatar.com\\\/avatar\\\/31f81941f5205fb74a8b0f15334401b3be15721e177e88208533a81bf8dae247?s=96&d=mm&r=g\",\"caption\":\"Johannes Sieber\"},\"logo\":{\"@id\":\"https:\\\/\\\/secure.gravatar.com\\\/avatar\\\/31f81941f5205fb74a8b0f15334401b3be15721e177e88208533a81bf8dae247?s=96&d=mm&r=g\"},\"sameAs\":[\"https:\\\/\\\/www.johannes-sieber.ch\\\/\",\"https:\\\/\\\/www.instagram.com\\\/johannes__sieber\",\"https:\\\/\\\/x.com\\\/https:\\\/\\\/twitter.com\\\/JohannesSieber\"]}]}<\/script>\n<!-- \/ Yoast SEO plugin. -->","yoast_head_json":{"title":"Kultur, Klima, Stadt &amp; Menschen - Johannes Sieber","robots":{"index":"index","follow":"follow","max-snippet":"max-snippet:-1","max-image-preview":"max-image-preview:large","max-video-preview":"max-video-preview:-1"},"canonical":"https:\/\/www.johannes-sieber.ch\/move\/","og_locale":"de_DE","og_type":"article","og_title":"Kultur, Klima, Stadt &amp; Menschen - Johannes Sieber","og_description":"Im Februar 2025 hat meine zweite Legislatur begonnen. Ich bedanke mich bei allen, die mir im Wahlkreis Kleinbasel ihre Stimme gegeben haben. Gerne begleite ich meine politischen Vorst\u00f6sse der letzten vier Jahre weiter und setze...","og_url":"https:\/\/www.johannes-sieber.ch\/move\/","og_site_name":"Johannes Sieber","article_modified_time":"2025-02-11T16:50:16+00:00","og_image":[{"width":700,"height":404,"url":"https:\/\/www.johannes-sieber.ch\/move\/wp-content\/uploads\/2024\/06\/JohannesSieber_2024Juni_by_Xenja_2-700x404.png","type":"image\/png"}],"twitter_card":"summary_large_image","twitter_site":"@JohannesSieber","twitter_misc":{"Gesch\u00e4tzte Lesezeit":"2\u00a0Minuten"},"schema":{"@context":"https:\/\/schema.org","@graph":[{"@type":"WebPage","@id":"https:\/\/www.johannes-sieber.ch\/move\/","url":"https:\/\/www.johannes-sieber.ch\/move\/","name":"Kultur, Klima, Stadt &amp; Menschen - Johannes Sieber","isPartOf":{"@id":"https:\/\/www.johannes-sieber.ch\/move\/#website"},"primaryImageOfPage":{"@id":"https:\/\/www.johannes-sieber.ch\/move\/#primaryimage"},"image":{"@id":"https:\/\/www.johannes-sieber.ch\/move\/#primaryimage"},"thumbnailUrl":"https:\/\/www.johannes-sieber.ch\/move\/wp-content\/uploads\/2024\/06\/JohannesSieber_2024Juni_by_Xenja_2.png","datePublished":"2020-06-06T07:46:38+00:00","dateModified":"2025-02-11T16:50:16+00:00","breadcrumb":{"@id":"https:\/\/www.johannes-sieber.ch\/move\/#breadcrumb"},"inLanguage":"de","potentialAction":[{"@type":"ReadAction","target":["https:\/\/www.johannes-sieber.ch\/move\/"]}]},{"@type":"ImageObject","inLanguage":"de","@id":"https:\/\/www.johannes-sieber.ch\/move\/#primaryimage","url":"https:\/\/www.johannes-sieber.ch\/move\/wp-content\/uploads\/2024\/06\/JohannesSieber_2024Juni_by_Xenja_2.png","contentUrl":"https:\/\/www.johannes-sieber.ch\/move\/wp-content\/uploads\/2024\/06\/JohannesSieber_2024Juni_by_Xenja_2.png","width":2378,"height":1374,"caption":"Johannes Sieber"},{"@type":"BreadcrumbList","@id":"https:\/\/www.johannes-sieber.ch\/move\/#breadcrumb","itemListElement":[{"@type":"ListItem","position":1,"name":"Startseite","item":"https:\/\/www.johannes-sieber.ch\/move\/"},{"@type":"ListItem","position":2,"name":"Kultur, Klima, Stadt &amp; Menschen"}]},{"@type":"WebSite","@id":"https:\/\/www.johannes-sieber.ch\/move\/#website","url":"https:\/\/www.johannes-sieber.ch\/move\/","name":"Johannes Sieber","description":"Notizen zu Kultur, Klima, Stadt &amp; Menschen","publisher":{"@id":"https:\/\/www.johannes-sieber.ch\/move\/#\/schema\/person\/d92682c5f067a49d1c1f925bd5422e14"},"potentialAction":[{"@type":"SearchAction","target":{"@type":"EntryPoint","urlTemplate":"https:\/\/www.johannes-sieber.ch\/move\/?s={search_term_string}"},"query-input":{"@type":"PropertyValueSpecification","valueRequired":true,"valueName":"search_term_string"}}],"inLanguage":"de"},{"@type":["Person","Organization"],"@id":"https:\/\/www.johannes-sieber.ch\/move\/#\/schema\/person\/d92682c5f067a49d1c1f925bd5422e14","name":"Johannes Sieber","image":{"@type":"ImageObject","inLanguage":"de","@id":"https:\/\/secure.gravatar.com\/avatar\/31f81941f5205fb74a8b0f15334401b3be15721e177e88208533a81bf8dae247?s=96&d=mm&r=g","url":"https:\/\/secure.gravatar.com\/avatar\/31f81941f5205fb74a8b0f15334401b3be15721e177e88208533a81bf8dae247?s=96&d=mm&r=g","contentUrl":"https:\/\/secure.gravatar.com\/avatar\/31f81941f5205fb74a8b0f15334401b3be15721e177e88208533a81bf8dae247?s=96&d=mm&r=g","caption":"Johannes Sieber"},"logo":{"@id":"https:\/\/secure.gravatar.com\/avatar\/31f81941f5205fb74a8b0f15334401b3be15721e177e88208533a81bf8dae247?s=96&d=mm&r=g"},"sameAs":["https:\/\/www.johannes-sieber.ch\/","https:\/\/www.instagram.com\/johannes__sieber","https:\/\/x.com\/https:\/\/twitter.com\/JohannesSieber"]}]}},"jetpack_sharing_enabled":true,"_links":{"self":[{"href":"https:\/\/www.johannes-sieber.ch\/move\/wp-json\/wp\/v2\/pages\/131","targetHints":{"allow":["GET"]}}],"collection":[{"href":"https:\/\/www.johannes-sieber.ch\/move\/wp-json\/wp\/v2\/pages"}],"about":[{"href":"https:\/\/www.johannes-sieber.ch\/move\/wp-json\/wp\/v2\/types\/page"}],"author":[{"embeddable":true,"href":"https:\/\/www.johannes-sieber.ch\/move\/wp-json\/wp\/v2\/users\/1"}],"replies":[{"embeddable":true,"href":"https:\/\/www.johannes-sieber.ch\/move\/wp-json\/wp\/v2\/comments?post=131"}],"version-history":[{"count":263,"href":"https:\/\/www.johannes-sieber.ch\/move\/wp-json\/wp\/v2\/pages\/131\/revisions"}],"predecessor-version":[{"id":8744,"href":"https:\/\/www.johannes-sieber.ch\/move\/wp-json\/wp\/v2\/pages\/131\/revisions\/8744"}],"wp:featuredmedia":[{"embeddable":true,"href":"https:\/\/www.johannes-sieber.ch\/move\/wp-json\/wp\/v2\/media\/7999"}],"wp:attachment":[{"href":"https:\/\/www.johannes-sieber.ch\/move\/wp-json\/wp\/v2\/media?parent=131"}],"curies":[{"name":"wp","href":"https:\/\/api.w.org\/{rel}","templated":true}]}}