{"id":151,"date":"2020-06-05T16:58:52","date_gmt":"2020-06-05T15:58:52","guid":{"rendered":"https:\/\/johannes-sieber.ch\/ahead\/?page_id=151"},"modified":"2025-10-04T16:24:37","modified_gmt":"2025-10-04T15:24:37","slug":"resonanz","status":"publish","type":"page","link":"https:\/\/www.johannes-sieber.ch\/move\/resonanz\/","title":{"rendered":"Abonnieren: Updates Politik"},"content":{"rendered":"\n<p>Drehb\u00fccher erfolgreicher Filme werden heute im Team geschrieben. Das ist mit Politik genau so: Mehrheitsf\u00e4hig sind L\u00f6sungen, die Perspektiven vieler ber\u00fccksichtigen.<\/p>\n\n\n\n<p><\/p>\n\n\n\n<p><strong>Das Resonanz Netzwerk unterst\u00fctzt mich dabei, Gedanken zu ordnen, Positionen zu finden und Argumente zu sch\u00e4rfen. Werde jetzt Teil davon. Abonniere den Newsletter:<\/strong><\/p>\n\n\n\n<script>(function() {\n\twindow.mc4wp = window.mc4wp || {\n\t\tlisteners: [],\n\t\tforms: {\n\t\t\ton: function(evt, cb) {\n\t\t\t\twindow.mc4wp.listeners.push(\n\t\t\t\t\t{\n\t\t\t\t\t\tevent   : evt,\n\t\t\t\t\t\tcallback: cb\n\t\t\t\t\t}\n\t\t\t\t);\n\t\t\t}\n\t\t}\n\t}\n})();\n<\/script><!-- Mailchimp for WordPress v4.12.1 - https:\/\/wordpress.org\/plugins\/mailchimp-for-wp\/ --><form id=\"mc4wp-form-1\" class=\"mc4wp-form mc4wp-form-388\" method=\"post\" data-id=\"388\" data-name=\"Updates\" ><div class=\"mc4wp-form-fields\"><p>\r\n    <label>Vorname *<\/label><br \/>\r\n    <input style=\"width:500px;\" type=\"text\" name=\"FNAME\" required=\"\">\r\n<\/p>\r\n<p>\r\n    <label>Name *<\/label><br \/>\r\n    <input style=\"width:500px;\" type=\"text\" name=\"LNAME\" required=\"\">\r\n<\/p>\r\n<p>\r\n    <label>Strasse, Nr<\/label><br \/>\r\n    <input style=\"width:500px;\" type=\"text\" name=\"ADDRESS\">\r\n<\/p>\r\n<p>\r\n    <label>PLZ<\/label><br \/>\r\n    <input style=\"width:500px;\" type=\"text\" name=\"ZIP\">\r\n<\/p>\r\n<p>\r\n    <label>Ort<\/label><br \/>\r\n    <input style=\"width:500px;\" type=\"text\" name=\"CITY\">\r\n<\/p>\r\n<p>\r\n    <label>Email *<\/label><br \/>\r\n    <input style=\"width:500px;\" type=\"email\" name=\"EMAIL\" required=\"\">\r\n<\/p>\r\n<p>\r\n  <small>* Pflichtfelder<\/small>\r\n<\/p>\r\n<p>\r\n\t<input type=\"submit\" value=\"Resonanz Netzwerk beitreten\" \/>\r\n<\/p><\/div><label style=\"display: none !important;\">Wenn du ein Mensch bist, lasse das Feld leer: <input type=\"text\" name=\"_mc4wp_honeypot\" value=\"\" tabindex=\"-1\" autocomplete=\"off\" \/><\/label><input type=\"hidden\" name=\"_mc4wp_timestamp\" value=\"1776357801\" \/><input type=\"hidden\" name=\"_mc4wp_form_id\" value=\"388\" \/><input type=\"hidden\" name=\"_mc4wp_form_element_id\" value=\"mc4wp-form-1\" \/><div class=\"mc4wp-response\"><\/div><\/form><!-- \/ Mailchimp for WordPress Plugin -->\n\n\n\n<p class=\"fotoquelle\">Foto: Kvalifik<\/p>\n\n\n\n<p><\/p>\n","protected":false},"excerpt":{"rendered":"<p>Drehb\u00fccher erfolgreicher Filme werden heute im Team geschrieben. Das ist mit Politik genau so: Mehrheitsf\u00e4hig sind L\u00f6sungen, die Perspektiven vieler ber\u00fccksichtigen. Das Resonanz Netzwerk unterst\u00fctzt mich dabei, Gedanken zu ordnen, Positionen zu finden und Argumente&#8230;<\/p>\n","protected":false},"author":1,"featured_media":3858,"parent":0,"menu_order":0,"comment_status":"closed","ping_status":"closed","template":"","meta":{"footnotes":""},"class_list":["post-151","page","type-page","status-publish","has-post-thumbnail","hentry"],"yoast_head":"<!-- This site is optimized with the Yoast SEO plugin v27.4 - https:\/\/yoast.com\/product\/yoast-seo-wordpress\/ -->\n<title>Abonnieren: Updates Politik - Johannes Sieber<\/title>\n<meta name=\"robots\" content=\"index, follow, max-snippet:-1, max-image-preview:large, max-video-preview:-1\" \/>\n<link rel=\"canonical\" href=\"https:\/\/www.johannes-sieber.ch\/move\/resonanz\/\" \/>\n<meta property=\"og:locale\" content=\"de_DE\" \/>\n<meta property=\"og:type\" content=\"article\" \/>\n<meta property=\"og:title\" content=\"Abonnieren: Updates Politik - Johannes Sieber\" \/>\n<meta property=\"og:description\" content=\"Drehb\u00fccher erfolgreicher Filme werden heute im Team geschrieben. Das ist mit Politik genau so: Mehrheitsf\u00e4hig sind L\u00f6sungen, die Perspektiven vieler ber\u00fccksichtigen. Das Resonanz Netzwerk unterst\u00fctzt mich dabei, Gedanken zu ordnen, Positionen zu finden und Argumente...\" \/>\n<meta property=\"og:url\" content=\"https:\/\/www.johannes-sieber.ch\/move\/resonanz\/\" \/>\n<meta property=\"og:site_name\" content=\"Johannes Sieber\" \/>\n<meta property=\"article:modified_time\" content=\"2025-10-04T15:24:37+00:00\" \/>\n<meta property=\"og:image\" content=\"https:\/\/www.johannes-sieber.ch\/move\/wp-content\/uploads\/2020\/12\/kvalifik-5Q07sS54D0Q-unsplash-1-scaled.jpg\" \/>\n\t<meta property=\"og:image:width\" content=\"2560\" \/>\n\t<meta property=\"og:image:height\" content=\"1920\" \/>\n\t<meta property=\"og:image:type\" content=\"image\/jpeg\" \/>\n<meta name=\"twitter:card\" content=\"summary_large_image\" \/>\n<meta name=\"twitter:site\" content=\"@JohannesSieber\" \/>\n<meta name=\"twitter:label1\" content=\"Gesch\u00e4tzte Lesezeit\" \/>\n\t<meta name=\"twitter:data1\" content=\"1\u00a0Minute\" \/>\n<script type=\"application\/ld+json\" class=\"yoast-schema-graph\">{\"@context\":\"https:\\\/\\\/schema.org\",\"@graph\":[{\"@type\":\"WebPage\",\"@id\":\"https:\\\/\\\/www.johannes-sieber.ch\\\/move\\\/resonanz\\\/\",\"url\":\"https:\\\/\\\/www.johannes-sieber.ch\\\/move\\\/resonanz\\\/\",\"name\":\"Abonnieren: Updates Politik - Johannes Sieber\",\"isPartOf\":{\"@id\":\"https:\\\/\\\/www.johannes-sieber.ch\\\/move\\\/#website\"},\"primaryImageOfPage\":{\"@id\":\"https:\\\/\\\/www.johannes-sieber.ch\\\/move\\\/resonanz\\\/#primaryimage\"},\"image\":{\"@id\":\"https:\\\/\\\/www.johannes-sieber.ch\\\/move\\\/resonanz\\\/#primaryimage\"},\"thumbnailUrl\":\"https:\\\/\\\/www.johannes-sieber.ch\\\/move\\\/wp-content\\\/uploads\\\/2020\\\/12\\\/kvalifik-5Q07sS54D0Q-unsplash-1-scaled.jpg\",\"datePublished\":\"2020-06-05T15:58:52+00:00\",\"dateModified\":\"2025-10-04T15:24:37+00:00\",\"breadcrumb\":{\"@id\":\"https:\\\/\\\/www.johannes-sieber.ch\\\/move\\\/resonanz\\\/#breadcrumb\"},\"inLanguage\":\"de\",\"potentialAction\":[{\"@type\":\"ReadAction\",\"target\":[\"https:\\\/\\\/www.johannes-sieber.ch\\\/move\\\/resonanz\\\/\"]}]},{\"@type\":\"ImageObject\",\"inLanguage\":\"de\",\"@id\":\"https:\\\/\\\/www.johannes-sieber.ch\\\/move\\\/resonanz\\\/#primaryimage\",\"url\":\"https:\\\/\\\/www.johannes-sieber.ch\\\/move\\\/wp-content\\\/uploads\\\/2020\\\/12\\\/kvalifik-5Q07sS54D0Q-unsplash-1-scaled.jpg\",\"contentUrl\":\"https:\\\/\\\/www.johannes-sieber.ch\\\/move\\\/wp-content\\\/uploads\\\/2020\\\/12\\\/kvalifik-5Q07sS54D0Q-unsplash-1-scaled.jpg\",\"width\":2560,\"height\":1920,\"caption\":\"Innovation & Change\"},{\"@type\":\"BreadcrumbList\",\"@id\":\"https:\\\/\\\/www.johannes-sieber.ch\\\/move\\\/resonanz\\\/#breadcrumb\",\"itemListElement\":[{\"@type\":\"ListItem\",\"position\":1,\"name\":\"Startseite\",\"item\":\"https:\\\/\\\/www.johannes-sieber.ch\\\/move\\\/\"},{\"@type\":\"ListItem\",\"position\":2,\"name\":\"Abonnieren: Updates Politik\"}]},{\"@type\":\"WebSite\",\"@id\":\"https:\\\/\\\/www.johannes-sieber.ch\\\/move\\\/#website\",\"url\":\"https:\\\/\\\/www.johannes-sieber.ch\\\/move\\\/\",\"name\":\"Johannes Sieber\",\"description\":\"Notizen zu Kultur, Klima, Stadt &amp; Menschen\",\"publisher\":{\"@id\":\"https:\\\/\\\/www.johannes-sieber.ch\\\/move\\\/#\\\/schema\\\/person\\\/d92682c5f067a49d1c1f925bd5422e14\"},\"potentialAction\":[{\"@type\":\"SearchAction\",\"target\":{\"@type\":\"EntryPoint\",\"urlTemplate\":\"https:\\\/\\\/www.johannes-sieber.ch\\\/move\\\/?s={search_term_string}\"},\"query-input\":{\"@type\":\"PropertyValueSpecification\",\"valueRequired\":true,\"valueName\":\"search_term_string\"}}],\"inLanguage\":\"de\"},{\"@type\":[\"Person\",\"Organization\"],\"@id\":\"https:\\\/\\\/www.johannes-sieber.ch\\\/move\\\/#\\\/schema\\\/person\\\/d92682c5f067a49d1c1f925bd5422e14\",\"name\":\"Johannes Sieber\",\"image\":{\"@type\":\"ImageObject\",\"inLanguage\":\"de\",\"@id\":\"https:\\\/\\\/secure.gravatar.com\\\/avatar\\\/31f81941f5205fb74a8b0f15334401b3be15721e177e88208533a81bf8dae247?s=96&d=mm&r=g\",\"url\":\"https:\\\/\\\/secure.gravatar.com\\\/avatar\\\/31f81941f5205fb74a8b0f15334401b3be15721e177e88208533a81bf8dae247?s=96&d=mm&r=g\",\"contentUrl\":\"https:\\\/\\\/secure.gravatar.com\\\/avatar\\\/31f81941f5205fb74a8b0f15334401b3be15721e177e88208533a81bf8dae247?s=96&d=mm&r=g\",\"caption\":\"Johannes Sieber\"},\"logo\":{\"@id\":\"https:\\\/\\\/secure.gravatar.com\\\/avatar\\\/31f81941f5205fb74a8b0f15334401b3be15721e177e88208533a81bf8dae247?s=96&d=mm&r=g\"},\"sameAs\":[\"https:\\\/\\\/www.johannes-sieber.ch\\\/\",\"https:\\\/\\\/www.instagram.com\\\/johannes__sieber\",\"https:\\\/\\\/x.com\\\/https:\\\/\\\/twitter.com\\\/JohannesSieber\"]}]}<\/script>\n<!-- \/ Yoast SEO plugin. -->","yoast_head_json":{"title":"Abonnieren: Updates Politik - Johannes Sieber","robots":{"index":"index","follow":"follow","max-snippet":"max-snippet:-1","max-image-preview":"max-image-preview:large","max-video-preview":"max-video-preview:-1"},"canonical":"https:\/\/www.johannes-sieber.ch\/move\/resonanz\/","og_locale":"de_DE","og_type":"article","og_title":"Abonnieren: Updates Politik - Johannes Sieber","og_description":"Drehb\u00fccher erfolgreicher Filme werden heute im Team geschrieben. Das ist mit Politik genau so: Mehrheitsf\u00e4hig sind L\u00f6sungen, die Perspektiven vieler ber\u00fccksichtigen. Das Resonanz Netzwerk unterst\u00fctzt mich dabei, Gedanken zu ordnen, Positionen zu finden und Argumente...","og_url":"https:\/\/www.johannes-sieber.ch\/move\/resonanz\/","og_site_name":"Johannes Sieber","article_modified_time":"2025-10-04T15:24:37+00:00","og_image":[{"width":2560,"height":1920,"url":"https:\/\/www.johannes-sieber.ch\/move\/wp-content\/uploads\/2020\/12\/kvalifik-5Q07sS54D0Q-unsplash-1-scaled.jpg","type":"image\/jpeg"}],"twitter_card":"summary_large_image","twitter_site":"@JohannesSieber","twitter_misc":{"Gesch\u00e4tzte Lesezeit":"1\u00a0Minute"},"schema":{"@context":"https:\/\/schema.org","@graph":[{"@type":"WebPage","@id":"https:\/\/www.johannes-sieber.ch\/move\/resonanz\/","url":"https:\/\/www.johannes-sieber.ch\/move\/resonanz\/","name":"Abonnieren: Updates Politik - Johannes Sieber","isPartOf":{"@id":"https:\/\/www.johannes-sieber.ch\/move\/#website"},"primaryImageOfPage":{"@id":"https:\/\/www.johannes-sieber.ch\/move\/resonanz\/#primaryimage"},"image":{"@id":"https:\/\/www.johannes-sieber.ch\/move\/resonanz\/#primaryimage"},"thumbnailUrl":"https:\/\/www.johannes-sieber.ch\/move\/wp-content\/uploads\/2020\/12\/kvalifik-5Q07sS54D0Q-unsplash-1-scaled.jpg","datePublished":"2020-06-05T15:58:52+00:00","dateModified":"2025-10-04T15:24:37+00:00","breadcrumb":{"@id":"https:\/\/www.johannes-sieber.ch\/move\/resonanz\/#breadcrumb"},"inLanguage":"de","potentialAction":[{"@type":"ReadAction","target":["https:\/\/www.johannes-sieber.ch\/move\/resonanz\/"]}]},{"@type":"ImageObject","inLanguage":"de","@id":"https:\/\/www.johannes-sieber.ch\/move\/resonanz\/#primaryimage","url":"https:\/\/www.johannes-sieber.ch\/move\/wp-content\/uploads\/2020\/12\/kvalifik-5Q07sS54D0Q-unsplash-1-scaled.jpg","contentUrl":"https:\/\/www.johannes-sieber.ch\/move\/wp-content\/uploads\/2020\/12\/kvalifik-5Q07sS54D0Q-unsplash-1-scaled.jpg","width":2560,"height":1920,"caption":"Innovation & Change"},{"@type":"BreadcrumbList","@id":"https:\/\/www.johannes-sieber.ch\/move\/resonanz\/#breadcrumb","itemListElement":[{"@type":"ListItem","position":1,"name":"Startseite","item":"https:\/\/www.johannes-sieber.ch\/move\/"},{"@type":"ListItem","position":2,"name":"Abonnieren: Updates Politik"}]},{"@type":"WebSite","@id":"https:\/\/www.johannes-sieber.ch\/move\/#website","url":"https:\/\/www.johannes-sieber.ch\/move\/","name":"Johannes Sieber","description":"Notizen zu Kultur, Klima, Stadt &amp; Menschen","publisher":{"@id":"https:\/\/www.johannes-sieber.ch\/move\/#\/schema\/person\/d92682c5f067a49d1c1f925bd5422e14"},"potentialAction":[{"@type":"SearchAction","target":{"@type":"EntryPoint","urlTemplate":"https:\/\/www.johannes-sieber.ch\/move\/?s={search_term_string}"},"query-input":{"@type":"PropertyValueSpecification","valueRequired":true,"valueName":"search_term_string"}}],"inLanguage":"de"},{"@type":["Person","Organization"],"@id":"https:\/\/www.johannes-sieber.ch\/move\/#\/schema\/person\/d92682c5f067a49d1c1f925bd5422e14","name":"Johannes Sieber","image":{"@type":"ImageObject","inLanguage":"de","@id":"https:\/\/secure.gravatar.com\/avatar\/31f81941f5205fb74a8b0f15334401b3be15721e177e88208533a81bf8dae247?s=96&d=mm&r=g","url":"https:\/\/secure.gravatar.com\/avatar\/31f81941f5205fb74a8b0f15334401b3be15721e177e88208533a81bf8dae247?s=96&d=mm&r=g","contentUrl":"https:\/\/secure.gravatar.com\/avatar\/31f81941f5205fb74a8b0f15334401b3be15721e177e88208533a81bf8dae247?s=96&d=mm&r=g","caption":"Johannes Sieber"},"logo":{"@id":"https:\/\/secure.gravatar.com\/avatar\/31f81941f5205fb74a8b0f15334401b3be15721e177e88208533a81bf8dae247?s=96&d=mm&r=g"},"sameAs":["https:\/\/www.johannes-sieber.ch\/","https:\/\/www.instagram.com\/johannes__sieber","https:\/\/x.com\/https:\/\/twitter.com\/JohannesSieber"]}]}},"jetpack_sharing_enabled":true,"_links":{"self":[{"href":"https:\/\/www.johannes-sieber.ch\/move\/wp-json\/wp\/v2\/pages\/151","targetHints":{"allow":["GET"]}}],"collection":[{"href":"https:\/\/www.johannes-sieber.ch\/move\/wp-json\/wp\/v2\/pages"}],"about":[{"href":"https:\/\/www.johannes-sieber.ch\/move\/wp-json\/wp\/v2\/types\/page"}],"author":[{"embeddable":true,"href":"https:\/\/www.johannes-sieber.ch\/move\/wp-json\/wp\/v2\/users\/1"}],"replies":[{"embeddable":true,"href":"https:\/\/www.johannes-sieber.ch\/move\/wp-json\/wp\/v2\/comments?post=151"}],"version-history":[{"count":145,"href":"https:\/\/www.johannes-sieber.ch\/move\/wp-json\/wp\/v2\/pages\/151\/revisions"}],"predecessor-version":[{"id":8848,"href":"https:\/\/www.johannes-sieber.ch\/move\/wp-json\/wp\/v2\/pages\/151\/revisions\/8848"}],"wp:featuredmedia":[{"embeddable":true,"href":"https:\/\/www.johannes-sieber.ch\/move\/wp-json\/wp\/v2\/media\/3858"}],"wp:attachment":[{"href":"https:\/\/www.johannes-sieber.ch\/move\/wp-json\/wp\/v2\/media?parent=151"}],"curies":[{"name":"wp","href":"https:\/\/api.w.org\/{rel}","templated":true}]}}