{"id":266,"date":"2020-06-06T09:32:54","date_gmt":"2020-06-06T08:32:54","guid":{"rendered":"https:\/\/johannes-sieber.ch\/ahead\/?page_id=266"},"modified":"2025-08-27T07:26:02","modified_gmt":"2025-08-27T06:26:02","slug":"ueber-mich","status":"publish","type":"page","link":"https:\/\/www.johannes-sieber.ch\/move\/ueber-mich\/","title":{"rendered":"\u00dcber mich"},"content":{"rendered":"\n<p>Als selbstst\u00e4ndiger Unternehmer entwickle ich seit 20 Jahren Kulturprojekte und begleite heute K\u00fcnstler, Kulturschaffende und Unternehmen der Kultur bei Fragen zu Konzept, Strategie und Kommunikation.<\/p>\n\n\n\n<p>Vernetzt bin ich in der Popkultur und in der Kunst und ich habe eine Affinit\u00e4t zur Soziokultur. Seit 2005 engagiere ich mich mit der Plattform GayBasel f\u00fcr die queere Kultur der Region Basel. Im Rahmen vom Studienangebot Kulturmanagement der Universit\u00e4t Basel setze ich mich mit aktueller Management-Theorie und Kultur auseinander.<\/p>\n\n\n\n<p>Mehr Hintergrund zu mir und meinen beruflichen und gesch\u00e4ftlichen Engagements findest Du auf meiner Website: <a rel=\"noreferrer noopener\" href=\"http:\/\/www.johannes-sieber.ch\" target=\"_blank\">www.johannes-sieber.ch<\/a><\/p>\n\n\n\n<p><strong>Politisches Engagement<\/strong><br>Seit mehreren Jahren besch\u00e4ftigen mich die Themen Kultur, Klima und urbane Gesellschaft auch politisch. Ich bringe <a href=\"https:\/\/johannes-sieber.ch\/move\/themen\">meine Themen<\/a> \u00fcber Vereine, Verb\u00e4nde und politische Parteien aktiv in die regionale und nationale Politik ein. Was mich besch\u00e4ftigt, kannst Du in den <a href=\"https:\/\/johannes-sieber.ch\/move\/\">Notizen<\/a> nachlesen. Auf die Legislatur 2021-2025 <a href=\"https:\/\/www.johannes-sieber.ch\/move\/grosser-rat-ich-kandidiere\/\">kandidierte ich f\u00fcr das Parlament vom Kanton Basel-Stadt<\/a> und durfte die Unterst\u00fctzung von <a href=\"https:\/\/www.johannes-sieber.ch\/move\/stimmen\/\">einigen der Besten unserer Stadt<\/a> geniessen. Am 25. Oktober 2020 wurde ich gew\u00e4hlt. Meine Politik ist sozial, liberal und \u00f6kologisch. Seit Februar 2021 bin ich in der Fraktion der Gr\u00fcnliberalen f\u00fcr eine gesellschaftsliberales Basel engagiert. Interessierte k\u00f6nnen \u00fcber mein <a href=\"https:\/\/www.johannes-sieber.ch\/move\/resonanz\/\">Resonanz Netzwerk<\/a> am Parlamentsbetrieb partizipieren. Ich freue mich \u00fcber die <a href=\"https:\/\/johannes-sieber.ch\/move\/mitmachen\">Kontaktaufnahme<\/a> von Menschen mit \u00e4hnlichen oder anderen Interessen. Hier geht&#8217;s lang zu meinem <a href=\"https:\/\/www.grosserrat.bs.ch\/mitglieder\/15004034\" target=\"_blank\" rel=\"noreferrer noopener\">Mitglieder-Profil, Grosser Rat Basel-Stadt<\/a>.  <\/p>\n\n\n\n<p><strong>Mitmachen<\/strong><br>Politik ist keine Einbahnstrasse. <strong>Schreib mir, was Dich besch\u00e4ftigt<\/strong> und wie wir unsere Stadt Basel, die Region und die Welt gemeinsam zu einem noch besseren Ort machen k\u00f6nnen. <strong>Mitmachen<\/strong>: <a href=\"https:\/\/johannes-sieber.ch\/move\/mitmachen\">Bringe Dich ein<\/a>!<\/p>\n\n\n\n<p><strong>Mitgliedschaften<\/strong><br>Ich bin Mitglied bei folgenden Organisationen: <a href=\"https:\/\/www.rfv.ch\/\" target=\"_blank\" rel=\"noreferrer noopener\">RFV Basel \u2013 Popf\u00f6rderung und Musiknetzwerk der Region Basel<\/a>, <a href=\"https:\/\/www.kaserne-basel.ch\" target=\"_blank\" rel=\"noreferrer noopener\">Kulturwerkstatt Kaserne<\/a>, <a rel=\"noreferrer noopener\" href=\"https:\/\/www.kulturstammtisch.ch\/\" target=\"_blank\">Verein Kulturstammtisch<\/a>, <a rel=\"noreferrer noopener\" href=\"https:\/\/www.sonart.swiss\/\" target=\"_blank\">Sonart &#8211; Musikschaffende Schweiz<\/a>, <a href=\"https:\/\/www.network.ch\" target=\"_blank\" rel=\"noreferrer noopener\">Network &#8211; Gay Leadership<\/a>, <a href=\"https:\/\/www.pinkcross.ch\/\" target=\"_blank\" rel=\"noreferrer noopener\">Pinkcross<\/a>, <a href=\"https:\/\/www.los.ch\/\" target=\"_blank\" rel=\"noreferrer noopener\">LOS &#8211; Lesbenorganisation Schweiz<\/a>, <a href=\"http:\/\/www.habs.ch\/\" target=\"_blank\" rel=\"noreferrer noopener\">habs queer basel<\/a>, <a href=\"https:\/\/www.create-equality.ch\/\" target=\"_blank\" rel=\"noreferrer noopener\">Create Equality<\/a>, <a href=\"https:\/\/bas3l.org\/\" target=\"_blank\" rel=\"noreferrer noopener\">Bas3l.org<\/a>, <a href=\"https:\/\/www.sosf.ch\/de\/ueber-uns\/index.html\" target=\"_blank\" rel=\"noreferrer noopener\">Solidarit\u00e9 sans fronti\u00e8res<\/a>. Ich bin Genossenschafter der <a rel=\"noreferrer noopener\" href=\"https:\/\/www.srgd.ch\/de\/\" target=\"_blank\">SRG Region Basel<\/a> und Abonnent der <a rel=\"noreferrer noopener\" href=\"https:\/\/www.bzbasel.ch\/\" target=\"_blank\">bz &#8211; Zeitung f\u00fcr die Region Basel<\/a>, <a href=\"https:\/\/www.bazonline.ch\/\" target=\"_blank\" rel=\"noreferrer noopener\">Basler Zeitung<\/a>, <a href=\"https:\/\/primenews.ch\/\" target=\"_blank\" rel=\"noreferrer noopener\">PrimeNews<\/a>, <a href=\"http:\/\/www.bajour.ch\" target=\"_blank\" rel=\"noreferrer noopener\">Bajour<\/a>, <a href=\"https:\/\/republik.ch\/\" target=\"_blank\" rel=\"noreferrer noopener\">Republik<\/a>, <a href=\"https:\/\/www.programmzeitung.ch\" target=\"_blank\" rel=\"noreferrer noopener\">Programmzeitung<\/a> und <a rel=\"noreferrer noopener\" href=\"https:\/\/www.woz.ch\/\" target=\"_blank\">WoZ &#8211; die Wochenzeitung<\/a>.<\/p>\n\n\n\n<p>Du kannst mich <a href=\"https:\/\/johannes-sieber.ch\/move\/mitmachen\">hier kontaktieren<\/a>.<\/p>\n\n\n\n<p class=\"fotoquelle\">Foto: Tatjana R\u00fcegsegger<\/p>\n","protected":false},"excerpt":{"rendered":"<p>Als selbstst\u00e4ndiger Unternehmer entwickle ich seit 20 Jahren Kulturprojekte und begleite heute K\u00fcnstler, Kulturschaffende und Unternehmen der Kultur bei Fragen zu Konzept, Strategie und Kommunikation. Vernetzt bin ich in der Popkultur und in der Kunst&#8230;<\/p>\n","protected":false},"author":1,"featured_media":8822,"parent":0,"menu_order":0,"comment_status":"closed","ping_status":"closed","template":"","meta":{"footnotes":""},"class_list":["post-266","page","type-page","status-publish","has-post-thumbnail","hentry"],"yoast_head":"<!-- This site is optimized with the Yoast SEO plugin v27.4 - https:\/\/yoast.com\/product\/yoast-seo-wordpress\/ -->\n<title>\u00dcber mich - Johannes Sieber<\/title>\n<meta name=\"robots\" content=\"index, follow, max-snippet:-1, max-image-preview:large, max-video-preview:-1\" \/>\n<link rel=\"canonical\" href=\"https:\/\/www.johannes-sieber.ch\/move\/ueber-mich\/\" \/>\n<meta property=\"og:locale\" content=\"de_DE\" \/>\n<meta property=\"og:type\" content=\"article\" \/>\n<meta property=\"og:title\" content=\"\u00dcber mich - Johannes Sieber\" \/>\n<meta property=\"og:description\" content=\"Als selbstst\u00e4ndiger Unternehmer entwickle ich seit 20 Jahren Kulturprojekte und begleite heute K\u00fcnstler, Kulturschaffende und Unternehmen der Kultur bei Fragen zu Konzept, Strategie und Kommunikation. Vernetzt bin ich in der Popkultur und in der Kunst...\" \/>\n<meta property=\"og:url\" content=\"https:\/\/www.johannes-sieber.ch\/move\/ueber-mich\/\" \/>\n<meta property=\"og:site_name\" content=\"Johannes Sieber\" \/>\n<meta property=\"article:modified_time\" content=\"2025-08-27T06:26:02+00:00\" \/>\n<meta property=\"og:image\" content=\"https:\/\/www.johannes-sieber.ch\/move\/wp-content\/uploads\/2025\/08\/IMG_1108-scaled.jpg\" \/>\n\t<meta property=\"og:image:width\" content=\"2560\" \/>\n\t<meta property=\"og:image:height\" content=\"1707\" \/>\n\t<meta property=\"og:image:type\" content=\"image\/jpeg\" \/>\n<meta name=\"twitter:card\" content=\"summary_large_image\" \/>\n<meta name=\"twitter:site\" content=\"@JohannesSieber\" \/>\n<meta name=\"twitter:label1\" content=\"Gesch\u00e4tzte Lesezeit\" \/>\n\t<meta name=\"twitter:data1\" content=\"2\u00a0Minuten\" \/>\n<script type=\"application\/ld+json\" class=\"yoast-schema-graph\">{\"@context\":\"https:\\\/\\\/schema.org\",\"@graph\":[{\"@type\":\"WebPage\",\"@id\":\"https:\\\/\\\/www.johannes-sieber.ch\\\/move\\\/ueber-mich\\\/\",\"url\":\"https:\\\/\\\/www.johannes-sieber.ch\\\/move\\\/ueber-mich\\\/\",\"name\":\"\u00dcber mich - Johannes Sieber\",\"isPartOf\":{\"@id\":\"https:\\\/\\\/www.johannes-sieber.ch\\\/move\\\/#website\"},\"primaryImageOfPage\":{\"@id\":\"https:\\\/\\\/www.johannes-sieber.ch\\\/move\\\/ueber-mich\\\/#primaryimage\"},\"image\":{\"@id\":\"https:\\\/\\\/www.johannes-sieber.ch\\\/move\\\/ueber-mich\\\/#primaryimage\"},\"thumbnailUrl\":\"https:\\\/\\\/www.johannes-sieber.ch\\\/move\\\/wp-content\\\/uploads\\\/2025\\\/08\\\/IMG_1108-scaled.jpg\",\"datePublished\":\"2020-06-06T08:32:54+00:00\",\"dateModified\":\"2025-08-27T06:26:02+00:00\",\"breadcrumb\":{\"@id\":\"https:\\\/\\\/www.johannes-sieber.ch\\\/move\\\/ueber-mich\\\/#breadcrumb\"},\"inLanguage\":\"de\",\"potentialAction\":[{\"@type\":\"ReadAction\",\"target\":[\"https:\\\/\\\/www.johannes-sieber.ch\\\/move\\\/ueber-mich\\\/\"]}]},{\"@type\":\"ImageObject\",\"inLanguage\":\"de\",\"@id\":\"https:\\\/\\\/www.johannes-sieber.ch\\\/move\\\/ueber-mich\\\/#primaryimage\",\"url\":\"https:\\\/\\\/www.johannes-sieber.ch\\\/move\\\/wp-content\\\/uploads\\\/2025\\\/08\\\/IMG_1108-scaled.jpg\",\"contentUrl\":\"https:\\\/\\\/www.johannes-sieber.ch\\\/move\\\/wp-content\\\/uploads\\\/2025\\\/08\\\/IMG_1108-scaled.jpg\",\"width\":2560,\"height\":1707,\"caption\":\"Johannes Sieber zur Medienf\u00f6rderung. Mittwoch 09. Juli. 2025 \u00a9 nicole pont\"},{\"@type\":\"BreadcrumbList\",\"@id\":\"https:\\\/\\\/www.johannes-sieber.ch\\\/move\\\/ueber-mich\\\/#breadcrumb\",\"itemListElement\":[{\"@type\":\"ListItem\",\"position\":1,\"name\":\"Startseite\",\"item\":\"https:\\\/\\\/www.johannes-sieber.ch\\\/move\\\/\"},{\"@type\":\"ListItem\",\"position\":2,\"name\":\"\u00dcber mich\"}]},{\"@type\":\"WebSite\",\"@id\":\"https:\\\/\\\/www.johannes-sieber.ch\\\/move\\\/#website\",\"url\":\"https:\\\/\\\/www.johannes-sieber.ch\\\/move\\\/\",\"name\":\"Johannes Sieber\",\"description\":\"Notizen zu Kultur, Klima, Stadt &amp; Menschen\",\"publisher\":{\"@id\":\"https:\\\/\\\/www.johannes-sieber.ch\\\/move\\\/#\\\/schema\\\/person\\\/d92682c5f067a49d1c1f925bd5422e14\"},\"potentialAction\":[{\"@type\":\"SearchAction\",\"target\":{\"@type\":\"EntryPoint\",\"urlTemplate\":\"https:\\\/\\\/www.johannes-sieber.ch\\\/move\\\/?s={search_term_string}\"},\"query-input\":{\"@type\":\"PropertyValueSpecification\",\"valueRequired\":true,\"valueName\":\"search_term_string\"}}],\"inLanguage\":\"de\"},{\"@type\":[\"Person\",\"Organization\"],\"@id\":\"https:\\\/\\\/www.johannes-sieber.ch\\\/move\\\/#\\\/schema\\\/person\\\/d92682c5f067a49d1c1f925bd5422e14\",\"name\":\"Johannes Sieber\",\"image\":{\"@type\":\"ImageObject\",\"inLanguage\":\"de\",\"@id\":\"https:\\\/\\\/secure.gravatar.com\\\/avatar\\\/31f81941f5205fb74a8b0f15334401b3be15721e177e88208533a81bf8dae247?s=96&d=mm&r=g\",\"url\":\"https:\\\/\\\/secure.gravatar.com\\\/avatar\\\/31f81941f5205fb74a8b0f15334401b3be15721e177e88208533a81bf8dae247?s=96&d=mm&r=g\",\"contentUrl\":\"https:\\\/\\\/secure.gravatar.com\\\/avatar\\\/31f81941f5205fb74a8b0f15334401b3be15721e177e88208533a81bf8dae247?s=96&d=mm&r=g\",\"caption\":\"Johannes Sieber\"},\"logo\":{\"@id\":\"https:\\\/\\\/secure.gravatar.com\\\/avatar\\\/31f81941f5205fb74a8b0f15334401b3be15721e177e88208533a81bf8dae247?s=96&d=mm&r=g\"},\"sameAs\":[\"https:\\\/\\\/www.johannes-sieber.ch\\\/\",\"https:\\\/\\\/www.instagram.com\\\/johannes__sieber\",\"https:\\\/\\\/x.com\\\/https:\\\/\\\/twitter.com\\\/JohannesSieber\"]}]}<\/script>\n<!-- \/ Yoast SEO plugin. -->","yoast_head_json":{"title":"\u00dcber mich - Johannes Sieber","robots":{"index":"index","follow":"follow","max-snippet":"max-snippet:-1","max-image-preview":"max-image-preview:large","max-video-preview":"max-video-preview:-1"},"canonical":"https:\/\/www.johannes-sieber.ch\/move\/ueber-mich\/","og_locale":"de_DE","og_type":"article","og_title":"\u00dcber mich - Johannes Sieber","og_description":"Als selbstst\u00e4ndiger Unternehmer entwickle ich seit 20 Jahren Kulturprojekte und begleite heute K\u00fcnstler, Kulturschaffende und Unternehmen der Kultur bei Fragen zu Konzept, Strategie und Kommunikation. Vernetzt bin ich in der Popkultur und in der Kunst...","og_url":"https:\/\/www.johannes-sieber.ch\/move\/ueber-mich\/","og_site_name":"Johannes Sieber","article_modified_time":"2025-08-27T06:26:02+00:00","og_image":[{"width":2560,"height":1707,"url":"https:\/\/www.johannes-sieber.ch\/move\/wp-content\/uploads\/2025\/08\/IMG_1108-scaled.jpg","type":"image\/jpeg"}],"twitter_card":"summary_large_image","twitter_site":"@JohannesSieber","twitter_misc":{"Gesch\u00e4tzte Lesezeit":"2\u00a0Minuten"},"schema":{"@context":"https:\/\/schema.org","@graph":[{"@type":"WebPage","@id":"https:\/\/www.johannes-sieber.ch\/move\/ueber-mich\/","url":"https:\/\/www.johannes-sieber.ch\/move\/ueber-mich\/","name":"\u00dcber mich - Johannes Sieber","isPartOf":{"@id":"https:\/\/www.johannes-sieber.ch\/move\/#website"},"primaryImageOfPage":{"@id":"https:\/\/www.johannes-sieber.ch\/move\/ueber-mich\/#primaryimage"},"image":{"@id":"https:\/\/www.johannes-sieber.ch\/move\/ueber-mich\/#primaryimage"},"thumbnailUrl":"https:\/\/www.johannes-sieber.ch\/move\/wp-content\/uploads\/2025\/08\/IMG_1108-scaled.jpg","datePublished":"2020-06-06T08:32:54+00:00","dateModified":"2025-08-27T06:26:02+00:00","breadcrumb":{"@id":"https:\/\/www.johannes-sieber.ch\/move\/ueber-mich\/#breadcrumb"},"inLanguage":"de","potentialAction":[{"@type":"ReadAction","target":["https:\/\/www.johannes-sieber.ch\/move\/ueber-mich\/"]}]},{"@type":"ImageObject","inLanguage":"de","@id":"https:\/\/www.johannes-sieber.ch\/move\/ueber-mich\/#primaryimage","url":"https:\/\/www.johannes-sieber.ch\/move\/wp-content\/uploads\/2025\/08\/IMG_1108-scaled.jpg","contentUrl":"https:\/\/www.johannes-sieber.ch\/move\/wp-content\/uploads\/2025\/08\/IMG_1108-scaled.jpg","width":2560,"height":1707,"caption":"Johannes Sieber zur Medienf\u00f6rderung. Mittwoch 09. Juli. 2025 \u00a9 nicole pont"},{"@type":"BreadcrumbList","@id":"https:\/\/www.johannes-sieber.ch\/move\/ueber-mich\/#breadcrumb","itemListElement":[{"@type":"ListItem","position":1,"name":"Startseite","item":"https:\/\/www.johannes-sieber.ch\/move\/"},{"@type":"ListItem","position":2,"name":"\u00dcber mich"}]},{"@type":"WebSite","@id":"https:\/\/www.johannes-sieber.ch\/move\/#website","url":"https:\/\/www.johannes-sieber.ch\/move\/","name":"Johannes Sieber","description":"Notizen zu Kultur, Klima, Stadt &amp; Menschen","publisher":{"@id":"https:\/\/www.johannes-sieber.ch\/move\/#\/schema\/person\/d92682c5f067a49d1c1f925bd5422e14"},"potentialAction":[{"@type":"SearchAction","target":{"@type":"EntryPoint","urlTemplate":"https:\/\/www.johannes-sieber.ch\/move\/?s={search_term_string}"},"query-input":{"@type":"PropertyValueSpecification","valueRequired":true,"valueName":"search_term_string"}}],"inLanguage":"de"},{"@type":["Person","Organization"],"@id":"https:\/\/www.johannes-sieber.ch\/move\/#\/schema\/person\/d92682c5f067a49d1c1f925bd5422e14","name":"Johannes Sieber","image":{"@type":"ImageObject","inLanguage":"de","@id":"https:\/\/secure.gravatar.com\/avatar\/31f81941f5205fb74a8b0f15334401b3be15721e177e88208533a81bf8dae247?s=96&d=mm&r=g","url":"https:\/\/secure.gravatar.com\/avatar\/31f81941f5205fb74a8b0f15334401b3be15721e177e88208533a81bf8dae247?s=96&d=mm&r=g","contentUrl":"https:\/\/secure.gravatar.com\/avatar\/31f81941f5205fb74a8b0f15334401b3be15721e177e88208533a81bf8dae247?s=96&d=mm&r=g","caption":"Johannes Sieber"},"logo":{"@id":"https:\/\/secure.gravatar.com\/avatar\/31f81941f5205fb74a8b0f15334401b3be15721e177e88208533a81bf8dae247?s=96&d=mm&r=g"},"sameAs":["https:\/\/www.johannes-sieber.ch\/","https:\/\/www.instagram.com\/johannes__sieber","https:\/\/x.com\/https:\/\/twitter.com\/JohannesSieber"]}]}},"jetpack_sharing_enabled":true,"_links":{"self":[{"href":"https:\/\/www.johannes-sieber.ch\/move\/wp-json\/wp\/v2\/pages\/266","targetHints":{"allow":["GET"]}}],"collection":[{"href":"https:\/\/www.johannes-sieber.ch\/move\/wp-json\/wp\/v2\/pages"}],"about":[{"href":"https:\/\/www.johannes-sieber.ch\/move\/wp-json\/wp\/v2\/types\/page"}],"author":[{"embeddable":true,"href":"https:\/\/www.johannes-sieber.ch\/move\/wp-json\/wp\/v2\/users\/1"}],"replies":[{"embeddable":true,"href":"https:\/\/www.johannes-sieber.ch\/move\/wp-json\/wp\/v2\/comments?post=266"}],"version-history":[{"count":89,"href":"https:\/\/www.johannes-sieber.ch\/move\/wp-json\/wp\/v2\/pages\/266\/revisions"}],"predecessor-version":[{"id":6258,"href":"https:\/\/www.johannes-sieber.ch\/move\/wp-json\/wp\/v2\/pages\/266\/revisions\/6258"}],"wp:featuredmedia":[{"embeddable":true,"href":"https:\/\/www.johannes-sieber.ch\/move\/wp-json\/wp\/v2\/media\/8822"}],"wp:attachment":[{"href":"https:\/\/www.johannes-sieber.ch\/move\/wp-json\/wp\/v2\/media?parent=266"}],"curies":[{"name":"wp","href":"https:\/\/api.w.org\/{rel}","templated":true}]}}