{"id":4434,"date":"2021-04-21T15:53:53","date_gmt":"2021-04-21T14:53:53","guid":{"rendered":"https:\/\/www.johannes-sieber.ch\/move\/?page_id=4434"},"modified":"2021-04-21T16:12:32","modified_gmt":"2021-04-21T15:12:32","slug":"script-votum-21-04-21","status":"publish","type":"page","link":"https:\/\/www.johannes-sieber.ch\/move\/script-votum-21-04-21\/","title":{"rendered":"Script Votum, 21.04.21"},"content":{"rendered":"\n<p><strong>Interpellation Nr. 5, Johannes Sieber betr. Fokus der kant. Gleichstellungs-Arbeit, Stellungnahme zur Beantwortung der Regierung<\/strong><\/p>\n\n\n\n<p><em>Herr Pr\u00e4sident, Frau Statthalterin<br>Gesch\u00e4tzte Damen und Herren<\/em><\/p>\n\n\n\n<p><em>Ich danke Regierungsrats-Pr\u00e4sident Beat Jans<br>f\u00fcr die ausf\u00fchrliche Antwort.<\/em><\/p>\n\n\n\n<p><em>(\u2026)<\/em><\/p>\n\n\n\n<p><em>Sie zeigen darin auf, wie vielf\u00e4lltig die Gleichstellungs-Arbeit in unserem Kanton geleistet wird.<\/em><\/p>\n\n\n\n<p><em>Sie erw\u00e4hnen unter anderem die Kooperationen mit zivil-gesellschaftlichen Organisationen wie beispielsweise mit dem feministischen Salon oder dem M\u00e4nnerb\u00fcro.<\/em><\/p>\n\n\n\n<p><em>Die Aktivit\u00e4ten sind divers. Das ist sehr erfreulich. Diese Engagements sind wichtig und sie haben meine volle Unterst\u00fctzung.<\/em><\/p>\n\n\n\n<p><em>(\u2026)<\/em><\/p>\n\n\n\n<p><em>Trotzdem bin ich nach dem Lesen ihrer Antwort etwas verwirrt.<\/em><\/p>\n\n\n\n<p><em>Und ich m\u00f6chte gerne aufzeigen warum:<\/em><\/p>\n\n\n\n<p><em>(\u2026)<\/em><\/p>\n\n\n\n<p><em>Die Website der kantonalen Abteilung f\u00fcr Gleichstellung verspricht:<\/em><\/p>\n\n\n\n<p><em>\u00abDie Abteilung Gleichstellung von Frauen und M\u00e4nnern setzt sich f\u00fcr die tats\u00e4chliche Gleichstellung ALLER Bewohnerinnen und Bewohner des Kantons Basel-Stadt ein.<\/em><\/p>\n\n\n\n<p><em>Sie engagiert sich daf\u00fcr, dass ALLE Menschen im Kanton Basel-Stadt UNGEACHTET ihres Geschlechts GLEICHGESTELLT leben k\u00f6nnen.\u00bb<\/em><\/p>\n\n\n\n<p><em>ALLE Menschen UN-GEACHTET ihres Geschlechts GLEICH-GESTELLT leben.<\/em><\/p>\n\n\n\n<p><em>(\u2026)<\/em><\/p>\n\n\n\n<p><em>Doch was, wenn diese Menschen lesbisch oder schwul oder trans* sind?<\/em><\/p>\n\n\n\n<p><em>Dann &#8211; so schreiben Sie in Ihrer Antwort \u2013 sind ihnen die H\u00e4nde gebunden. Dann ben\u00f6titgen Sie eine Gesetzes-\u00c4nderung, um aktiv zu werden.<\/em><\/p>\n\n\n\n<p><em>(\u2026)<\/em><\/p>\n\n\n\n<p><em>Offenbar kann der Kanton \u2013 und verstehen sie mich richig, ich begr\u00fcsse das \u2013<br>Veranstaltungen zu Gender und interkulturelle P\u00e4dagogik m\u00f6glich machen, offenbar kann der Kanton Themen wie H\u00e4usliche Gewalt, Zwangsheirat und Prostitution aufgreifen.<\/em><\/p>\n\n\n\n<p><em>Aber Homosexualit\u00e4t\u2026 nein, daf\u00fcr ben\u00f6tigen Sie zuerst eine Gesetzes\u00e4nderung.<\/em><\/p>\n\n\n\n<p><em>(\u2026)<\/em><\/p>\n\n\n\n<p><em>Warum?<\/em><\/p>\n\n\n\n<p><em>Weder in der Kantonsverfassung,<br>noch im Gesetz,<br>noch in der Verordnung,<\/em><\/p>\n\n\n\n<p><em>auf die Sie Ihre Gleichstellungsarbeit gen\u00e4ss Beantwortung st\u00fctzen, findet sich einen Hinweis darauf, dass Frauen und M\u00e4nner HETEROsexuell sein m\u00fcssen, um gleichgestellt zu werden.<\/em><\/p>\n\n\n\n<p><em>Vetreten Sie denn die Meinung, schwule M\u00e4nner seien keine M\u00e4nner? Oder lesbische Frauen keine Frauen?<\/em><\/p>\n\n\n\n<p><em>Wohl kaum.<\/em><\/p>\n\n\n\n<p><em>(\u2026)<\/em><\/p>\n\n\n\n<p><em>Und wenn wir schon bei der Kantonsverfassung sind:<br>Dort steht seit ziemlich genau 16 Jahren &#8211; seit dem 30. Mai 2005 \u2013 in Artikel 8, dass niemand diskriminiert werden darf.<\/em><\/p>\n\n\n\n<p><em>Nicht aufgrund der Rasse,<br>nicht aufgrund des Geschlechts<br>und auch nicht aufgrund der sexuellen Orientierung.<\/em><\/p>\n\n\n\n<p><em>Weder am Arbeitsplatz,<br>noch auf dem Pausenhof<br>und auch nicht im Bezug auf die kantonale Gleichstellungsarbeit.<\/em><\/p>\n\n\n\n<p><em>(\u2026)<\/em><\/p>\n\n\n\n<p><em>Selbstverst\u00e4ndlich KANN SICH der Kanton BEREITS HEUTE f\u00fcr die Gleichstellung von schwulen M\u00e4nnern und lesbischen Frauen einsetzen.<\/em><\/p>\n\n\n\n<p><em>Mann &#8211; m\u00fcsste &#8211; nur &#8211; wollen.<\/em><\/p>\n\n\n\n<p><em>(\u2026)<\/em><\/p>\n\n\n\n<p><em>Mag sein, dass Sie eine Gesetzes\u00e4nderung ben\u00f6tigen, um den Anzug Bertschi umzusetzen.<\/em><\/p>\n\n\n\n<p><em>Doch im Thema aktiv werden, das k\u00f6nnten Sie seit jeher.<\/em><\/p>\n\n\n\n<p><em>Seit 2005 sollten sie.<\/em><\/p>\n\n\n\n<p><em>Tun sie es ab morgen.<\/em><\/p>\n\n\n\n<p><em>Ich bitte sie darum.<\/em><\/p>\n\n\n\n<p>(\u2026)<\/p>\n\n\n\n<p><em>Ihre Antwort befriedigt mich nur teilweise.<\/em><\/p>\n\n\n\n<p><em>Ich danke f\u00fcr die Aufmerksamkeit.<\/em><\/p>\n\n\n\n<p class=\"hinweisbox\"><a href=\"https:\/\/www.johannes-sieber.ch\/move\/fokus-gleichstellungs-arbeit\/\">Zur\u00fcck zur Notiz<\/a><\/p>\n","protected":false},"excerpt":{"rendered":"<p>Interpellation Nr. 5, Johannes Sieber betr. Fokus der kant. Gleichstellungs-Arbeit, Stellungnahme zur Beantwortung der Regierung Herr Pr\u00e4sident, Frau StatthalterinGesch\u00e4tzte Damen und Herren Ich danke Regierungsrats-Pr\u00e4sident Beat Jansf\u00fcr die ausf\u00fchrliche Antwort. (\u2026) Sie zeigen darin auf,&#8230;<\/p>\n","protected":false},"author":1,"featured_media":4426,"parent":0,"menu_order":0,"comment_status":"closed","ping_status":"closed","template":"","meta":{"footnotes":""},"class_list":["post-4434","page","type-page","status-publish","has-post-thumbnail","hentry"],"yoast_head":"<!-- This site is optimized with the Yoast SEO plugin v27.4 - https:\/\/yoast.com\/product\/yoast-seo-wordpress\/ -->\n<title>Script Votum, 21.04.21 - Johannes Sieber<\/title>\n<meta name=\"robots\" content=\"index, follow, max-snippet:-1, max-image-preview:large, max-video-preview:-1\" \/>\n<link rel=\"canonical\" href=\"https:\/\/www.johannes-sieber.ch\/move\/script-votum-21-04-21\/\" \/>\n<meta property=\"og:locale\" content=\"de_DE\" \/>\n<meta property=\"og:type\" content=\"article\" \/>\n<meta property=\"og:title\" content=\"Script Votum, 21.04.21 - Johannes Sieber\" \/>\n<meta property=\"og:description\" content=\"Interpellation Nr. 5, Johannes Sieber betr. Fokus der kant. Gleichstellungs-Arbeit, Stellungnahme zur Beantwortung der Regierung Herr Pr\u00e4sident, Frau StatthalterinGesch\u00e4tzte Damen und Herren Ich danke Regierungsrats-Pr\u00e4sident Beat Jansf\u00fcr die ausf\u00fchrliche Antwort. (\u2026) Sie zeigen darin auf,...\" \/>\n<meta property=\"og:url\" content=\"https:\/\/www.johannes-sieber.ch\/move\/script-votum-21-04-21\/\" \/>\n<meta property=\"og:site_name\" content=\"Johannes Sieber\" \/>\n<meta property=\"article:modified_time\" content=\"2021-04-21T15:12:32+00:00\" \/>\n<meta property=\"og:image\" content=\"https:\/\/www.johannes-sieber.ch\/move\/wp-content\/uploads\/2021\/04\/20210421_JohannesSieber_Notiz.jpg\" \/>\n\t<meta property=\"og:image:width\" content=\"2000\" \/>\n\t<meta property=\"og:image:height\" content=\"1533\" \/>\n\t<meta property=\"og:image:type\" content=\"image\/jpeg\" \/>\n<meta name=\"twitter:card\" content=\"summary_large_image\" \/>\n<meta name=\"twitter:site\" content=\"@JohannesSieber\" \/>\n<meta name=\"twitter:label1\" content=\"Gesch\u00e4tzte Lesezeit\" \/>\n\t<meta name=\"twitter:data1\" content=\"2\u00a0Minuten\" \/>\n<script type=\"application\/ld+json\" class=\"yoast-schema-graph\">{\"@context\":\"https:\\\/\\\/schema.org\",\"@graph\":[{\"@type\":\"WebPage\",\"@id\":\"https:\\\/\\\/www.johannes-sieber.ch\\\/move\\\/script-votum-21-04-21\\\/\",\"url\":\"https:\\\/\\\/www.johannes-sieber.ch\\\/move\\\/script-votum-21-04-21\\\/\",\"name\":\"Script Votum, 21.04.21 - Johannes Sieber\",\"isPartOf\":{\"@id\":\"https:\\\/\\\/www.johannes-sieber.ch\\\/move\\\/#website\"},\"primaryImageOfPage\":{\"@id\":\"https:\\\/\\\/www.johannes-sieber.ch\\\/move\\\/script-votum-21-04-21\\\/#primaryimage\"},\"image\":{\"@id\":\"https:\\\/\\\/www.johannes-sieber.ch\\\/move\\\/script-votum-21-04-21\\\/#primaryimage\"},\"thumbnailUrl\":\"https:\\\/\\\/www.johannes-sieber.ch\\\/move\\\/wp-content\\\/uploads\\\/2021\\\/04\\\/20210421_JohannesSieber_Notiz.jpg\",\"datePublished\":\"2021-04-21T14:53:53+00:00\",\"dateModified\":\"2021-04-21T15:12:32+00:00\",\"breadcrumb\":{\"@id\":\"https:\\\/\\\/www.johannes-sieber.ch\\\/move\\\/script-votum-21-04-21\\\/#breadcrumb\"},\"inLanguage\":\"de\",\"potentialAction\":[{\"@type\":\"ReadAction\",\"target\":[\"https:\\\/\\\/www.johannes-sieber.ch\\\/move\\\/script-votum-21-04-21\\\/\"]}]},{\"@type\":\"ImageObject\",\"inLanguage\":\"de\",\"@id\":\"https:\\\/\\\/www.johannes-sieber.ch\\\/move\\\/script-votum-21-04-21\\\/#primaryimage\",\"url\":\"https:\\\/\\\/www.johannes-sieber.ch\\\/move\\\/wp-content\\\/uploads\\\/2021\\\/04\\\/20210421_JohannesSieber_Notiz.jpg\",\"contentUrl\":\"https:\\\/\\\/www.johannes-sieber.ch\\\/move\\\/wp-content\\\/uploads\\\/2021\\\/04\\\/20210421_JohannesSieber_Notiz.jpg\",\"width\":2000,\"height\":1533,\"caption\":\"Johannes Sieber Notiz Votum\"},{\"@type\":\"BreadcrumbList\",\"@id\":\"https:\\\/\\\/www.johannes-sieber.ch\\\/move\\\/script-votum-21-04-21\\\/#breadcrumb\",\"itemListElement\":[{\"@type\":\"ListItem\",\"position\":1,\"name\":\"Startseite\",\"item\":\"https:\\\/\\\/www.johannes-sieber.ch\\\/move\\\/\"},{\"@type\":\"ListItem\",\"position\":2,\"name\":\"Script Votum, 21.04.21\"}]},{\"@type\":\"WebSite\",\"@id\":\"https:\\\/\\\/www.johannes-sieber.ch\\\/move\\\/#website\",\"url\":\"https:\\\/\\\/www.johannes-sieber.ch\\\/move\\\/\",\"name\":\"Johannes Sieber\",\"description\":\"Notizen zu Kultur, Klima, Stadt &amp; Menschen\",\"publisher\":{\"@id\":\"https:\\\/\\\/www.johannes-sieber.ch\\\/move\\\/#\\\/schema\\\/person\\\/d92682c5f067a49d1c1f925bd5422e14\"},\"potentialAction\":[{\"@type\":\"SearchAction\",\"target\":{\"@type\":\"EntryPoint\",\"urlTemplate\":\"https:\\\/\\\/www.johannes-sieber.ch\\\/move\\\/?s={search_term_string}\"},\"query-input\":{\"@type\":\"PropertyValueSpecification\",\"valueRequired\":true,\"valueName\":\"search_term_string\"}}],\"inLanguage\":\"de\"},{\"@type\":[\"Person\",\"Organization\"],\"@id\":\"https:\\\/\\\/www.johannes-sieber.ch\\\/move\\\/#\\\/schema\\\/person\\\/d92682c5f067a49d1c1f925bd5422e14\",\"name\":\"Johannes Sieber\",\"image\":{\"@type\":\"ImageObject\",\"inLanguage\":\"de\",\"@id\":\"https:\\\/\\\/secure.gravatar.com\\\/avatar\\\/31f81941f5205fb74a8b0f15334401b3be15721e177e88208533a81bf8dae247?s=96&d=mm&r=g\",\"url\":\"https:\\\/\\\/secure.gravatar.com\\\/avatar\\\/31f81941f5205fb74a8b0f15334401b3be15721e177e88208533a81bf8dae247?s=96&d=mm&r=g\",\"contentUrl\":\"https:\\\/\\\/secure.gravatar.com\\\/avatar\\\/31f81941f5205fb74a8b0f15334401b3be15721e177e88208533a81bf8dae247?s=96&d=mm&r=g\",\"caption\":\"Johannes Sieber\"},\"logo\":{\"@id\":\"https:\\\/\\\/secure.gravatar.com\\\/avatar\\\/31f81941f5205fb74a8b0f15334401b3be15721e177e88208533a81bf8dae247?s=96&d=mm&r=g\"},\"sameAs\":[\"https:\\\/\\\/www.johannes-sieber.ch\\\/\",\"https:\\\/\\\/www.instagram.com\\\/johannes__sieber\",\"https:\\\/\\\/x.com\\\/https:\\\/\\\/twitter.com\\\/JohannesSieber\"]}]}<\/script>\n<!-- \/ Yoast SEO plugin. -->","yoast_head_json":{"title":"Script Votum, 21.04.21 - Johannes Sieber","robots":{"index":"index","follow":"follow","max-snippet":"max-snippet:-1","max-image-preview":"max-image-preview:large","max-video-preview":"max-video-preview:-1"},"canonical":"https:\/\/www.johannes-sieber.ch\/move\/script-votum-21-04-21\/","og_locale":"de_DE","og_type":"article","og_title":"Script Votum, 21.04.21 - Johannes Sieber","og_description":"Interpellation Nr. 5, Johannes Sieber betr. Fokus der kant. Gleichstellungs-Arbeit, Stellungnahme zur Beantwortung der Regierung Herr Pr\u00e4sident, Frau StatthalterinGesch\u00e4tzte Damen und Herren Ich danke Regierungsrats-Pr\u00e4sident Beat Jansf\u00fcr die ausf\u00fchrliche Antwort. (\u2026) Sie zeigen darin auf,...","og_url":"https:\/\/www.johannes-sieber.ch\/move\/script-votum-21-04-21\/","og_site_name":"Johannes Sieber","article_modified_time":"2021-04-21T15:12:32+00:00","og_image":[{"width":2000,"height":1533,"url":"https:\/\/www.johannes-sieber.ch\/move\/wp-content\/uploads\/2021\/04\/20210421_JohannesSieber_Notiz.jpg","type":"image\/jpeg"}],"twitter_card":"summary_large_image","twitter_site":"@JohannesSieber","twitter_misc":{"Gesch\u00e4tzte Lesezeit":"2\u00a0Minuten"},"schema":{"@context":"https:\/\/schema.org","@graph":[{"@type":"WebPage","@id":"https:\/\/www.johannes-sieber.ch\/move\/script-votum-21-04-21\/","url":"https:\/\/www.johannes-sieber.ch\/move\/script-votum-21-04-21\/","name":"Script Votum, 21.04.21 - Johannes Sieber","isPartOf":{"@id":"https:\/\/www.johannes-sieber.ch\/move\/#website"},"primaryImageOfPage":{"@id":"https:\/\/www.johannes-sieber.ch\/move\/script-votum-21-04-21\/#primaryimage"},"image":{"@id":"https:\/\/www.johannes-sieber.ch\/move\/script-votum-21-04-21\/#primaryimage"},"thumbnailUrl":"https:\/\/www.johannes-sieber.ch\/move\/wp-content\/uploads\/2021\/04\/20210421_JohannesSieber_Notiz.jpg","datePublished":"2021-04-21T14:53:53+00:00","dateModified":"2021-04-21T15:12:32+00:00","breadcrumb":{"@id":"https:\/\/www.johannes-sieber.ch\/move\/script-votum-21-04-21\/#breadcrumb"},"inLanguage":"de","potentialAction":[{"@type":"ReadAction","target":["https:\/\/www.johannes-sieber.ch\/move\/script-votum-21-04-21\/"]}]},{"@type":"ImageObject","inLanguage":"de","@id":"https:\/\/www.johannes-sieber.ch\/move\/script-votum-21-04-21\/#primaryimage","url":"https:\/\/www.johannes-sieber.ch\/move\/wp-content\/uploads\/2021\/04\/20210421_JohannesSieber_Notiz.jpg","contentUrl":"https:\/\/www.johannes-sieber.ch\/move\/wp-content\/uploads\/2021\/04\/20210421_JohannesSieber_Notiz.jpg","width":2000,"height":1533,"caption":"Johannes Sieber Notiz Votum"},{"@type":"BreadcrumbList","@id":"https:\/\/www.johannes-sieber.ch\/move\/script-votum-21-04-21\/#breadcrumb","itemListElement":[{"@type":"ListItem","position":1,"name":"Startseite","item":"https:\/\/www.johannes-sieber.ch\/move\/"},{"@type":"ListItem","position":2,"name":"Script Votum, 21.04.21"}]},{"@type":"WebSite","@id":"https:\/\/www.johannes-sieber.ch\/move\/#website","url":"https:\/\/www.johannes-sieber.ch\/move\/","name":"Johannes Sieber","description":"Notizen zu Kultur, Klima, Stadt &amp; Menschen","publisher":{"@id":"https:\/\/www.johannes-sieber.ch\/move\/#\/schema\/person\/d92682c5f067a49d1c1f925bd5422e14"},"potentialAction":[{"@type":"SearchAction","target":{"@type":"EntryPoint","urlTemplate":"https:\/\/www.johannes-sieber.ch\/move\/?s={search_term_string}"},"query-input":{"@type":"PropertyValueSpecification","valueRequired":true,"valueName":"search_term_string"}}],"inLanguage":"de"},{"@type":["Person","Organization"],"@id":"https:\/\/www.johannes-sieber.ch\/move\/#\/schema\/person\/d92682c5f067a49d1c1f925bd5422e14","name":"Johannes Sieber","image":{"@type":"ImageObject","inLanguage":"de","@id":"https:\/\/secure.gravatar.com\/avatar\/31f81941f5205fb74a8b0f15334401b3be15721e177e88208533a81bf8dae247?s=96&d=mm&r=g","url":"https:\/\/secure.gravatar.com\/avatar\/31f81941f5205fb74a8b0f15334401b3be15721e177e88208533a81bf8dae247?s=96&d=mm&r=g","contentUrl":"https:\/\/secure.gravatar.com\/avatar\/31f81941f5205fb74a8b0f15334401b3be15721e177e88208533a81bf8dae247?s=96&d=mm&r=g","caption":"Johannes Sieber"},"logo":{"@id":"https:\/\/secure.gravatar.com\/avatar\/31f81941f5205fb74a8b0f15334401b3be15721e177e88208533a81bf8dae247?s=96&d=mm&r=g"},"sameAs":["https:\/\/www.johannes-sieber.ch\/","https:\/\/www.instagram.com\/johannes__sieber","https:\/\/x.com\/https:\/\/twitter.com\/JohannesSieber"]}]}},"jetpack_sharing_enabled":true,"_links":{"self":[{"href":"https:\/\/www.johannes-sieber.ch\/move\/wp-json\/wp\/v2\/pages\/4434","targetHints":{"allow":["GET"]}}],"collection":[{"href":"https:\/\/www.johannes-sieber.ch\/move\/wp-json\/wp\/v2\/pages"}],"about":[{"href":"https:\/\/www.johannes-sieber.ch\/move\/wp-json\/wp\/v2\/types\/page"}],"author":[{"embeddable":true,"href":"https:\/\/www.johannes-sieber.ch\/move\/wp-json\/wp\/v2\/users\/1"}],"replies":[{"embeddable":true,"href":"https:\/\/www.johannes-sieber.ch\/move\/wp-json\/wp\/v2\/comments?post=4434"}],"version-history":[{"count":8,"href":"https:\/\/www.johannes-sieber.ch\/move\/wp-json\/wp\/v2\/pages\/4434\/revisions"}],"predecessor-version":[{"id":4520,"href":"https:\/\/www.johannes-sieber.ch\/move\/wp-json\/wp\/v2\/pages\/4434\/revisions\/4520"}],"wp:featuredmedia":[{"embeddable":true,"href":"https:\/\/www.johannes-sieber.ch\/move\/wp-json\/wp\/v2\/media\/4426"}],"wp:attachment":[{"href":"https:\/\/www.johannes-sieber.ch\/move\/wp-json\/wp\/v2\/media?parent=4434"}],"curies":[{"name":"wp","href":"https:\/\/api.w.org\/{rel}","templated":true}]}}