{"id":5592,"date":"2021-10-19T08:42:07","date_gmt":"2021-10-19T07:42:07","guid":{"rendered":"https:\/\/www.johannes-sieber.ch\/move\/?page_id=5592"},"modified":"2021-10-28T04:53:59","modified_gmt":"2021-10-28T03:53:59","slug":"script-votum-27-10-21","status":"publish","type":"page","link":"https:\/\/www.johannes-sieber.ch\/move\/script-votum-27-10-21\/","title":{"rendered":"Script Votum, 27.10.21"},"content":{"rendered":"\n<p><strong>Antrag Johannes Sieber und Annina von Falkenstein auf Einreichung einer Standesinitiative betreffend Verbot von Konversionstherapien in der Schweiz (Gesch\u00e4ft 21.5507)<\/strong><\/p>\n\n\n\n<p><em>Sehr geehrter Herr Pr\u00e4sident, Frau Statthalterin<br>Gesch\u00e4tzte Damen und Herren<\/em><\/p>\n\n\n\n<p><em>K\u00fcrzlich haben wir in der Schweiz die \u00abEhe f\u00fcr alle\u00bb mit \u00fcber 64% Ja-Stimmen angenommen. In Basel waren es gar weit \u00fcber 70%.<\/em><\/p>\n\n\n\n<p>(&#8230;)<\/p>\n\n\n\n<p><em>Man k\u00f6nnte sagen: EHE gut, alles gut!<\/em><\/p>\n\n\n\n<p><em>Doch das ist weit gefehlt.<\/em><\/p>\n\n\n\n<p><em>In der Schweiz gibt es Organisationen und Gemeinschaften, die die \u00dcberzeugung VERTRETEN und verbreiten, eine homosexuelle Orientierung SEI eine \u00abKrankheit\u00bb und darum behandlungsbed\u00fcrftig.<\/em><\/p>\n\n\n\n<p><em>Es d\u00fcrfte Sie nicht \u00fcberraschen, dass mich das st\u00f6rt.<\/em><\/p>\n\n\n\n<p><em>Doch darum geht es HEUTE nicht. Es geht heute darum, dass aus den genannten Kreisen, sog \u00abKonversions\u00bb-Therapien angeboten werden, die darauf abzielen, die sexuelle Orientierung einer Person gezielt zu ver\u00e4ndern.<\/em><\/p>\n\n\n\n<p><em>Angeboten werden sog. \u00abKonversions\u00bb-Therapien, die darauf abzielen, die sexuelle Orientierung einer Person gezielt zu ver\u00e4ndern.<\/em><\/p>\n\n\n\n<p><em>Dass das nicht m\u00f6glich ist, das wissen wir seit JAHRZEHNTEN. 1984 strich die Welt-Ge\u00adsund\u00adheits-Or\u00adga\u00adni\u00adsa\u00adti\u00adon (WHO) Ho\u00admo\u00adse\u00adxua\u00adli\u00adt\u00e4t aus der in\u00adter\u00adna\u00adtio\u00adna\u00adlen Liste von Seuchen, Krank\u00adhei\u00adten und Epi\u00adde\u00admi\u00aden.<\/em><\/p>\n\n\n\n<p><em>Das ist die selbe Liste, auf der seit Nov. 19 auch Covid-19 eingetragen ist.<\/em><\/p>\n\n\n\n<p><em>Homosexualit\u00e4t ist keine Krankheit. Daher ist schon der Begriff \u00abTherapie\u00bb irref\u00fchrend. Wo sie durchgef\u00fchrt werden, entsteht schweres k\u00f6rperliches und seelisches Leid. Diese angebliche Therapie macht krank \u2013 und NICHT GESUND. Betroffene werden in den Wahnsinn oder <em><em>schlimmstenfalls<\/em><\/em> den Selbstmord getrieben.<\/em><\/p>\n\n\n\n<p><em>Darum verurteilt der Welt\u00e4rztebund diese sog. \u00abTherapien\u00bb als Menschenrechtsverletzung und als \u00abmit der Ethik \u00e4rztlichen Handelns unvereinbar\u00bb.<\/em><\/p>\n\n\n\n<p><em>Deutschland hat die Konversionstherapien 2020 verboten, in Frankreich hat das Unterhaus dem Verbot vor wenigen Wochen zugestimmt. In England verprach die Queen das Verbot auf n\u00e4chstes Jahr.<\/em><\/p>\n\n\n\n<p><em>Und die Schweiz?<\/em><\/p>\n\n\n\n<p><em>Eine parlamentarische Initiative <em>im Nationalrat<\/em><\/em> \u2013 <em>mit dem selben Anliegen \u2013 wurde k\u00fcrzlich aus Verfahrensgr\u00fcnden abgeschrieben und musste neu eingereicht werden.<\/em><\/p>\n\n\n\n<p><em>Als Grenzregion zu L\u00e4ndern, die dieses berechtigte Verbot bereits kennen, sind wir in Basel besonders betroffen. Es ist auch kein Zufall, dass zwischenzeitlich Genf bereits mit einem kantonalen Verbot reagiert hat.<\/em><\/p>\n\n\n\n<p><em>Darum ist es angezeigt, dass wir aus Basel ein Zeichen setzen und die Bem\u00fchungen, das Verbot auf nationaler Ebene herbeizuf\u00fchren, mit dieser Standesinitiative unterst\u00fctzen.<\/em><\/p>\n\n\n\n<p><em>(\u2026)<\/em><\/p>\n\n\n\n<p><em>Ein Verbot ist hier richtig, weil es ganz einfach darum geht, gef\u00e4hrdete Mitglieder unserer Gesellschaft zu sch\u00fctzen.<\/em><\/p>\n\n\n\n<p><em>Verboten werden EINZIG Therapien, die darauf abziehlen, die sexuelle Orientierung zu VER\u00c4NDERN. Alle andern Therapien mit dem Themen-Komplex Sexualit\u00e4t werden weiterhin m\u00f6glich sein.<\/em><\/p>\n\n\n\n<p><em>Wenn also beispielsweise ein Priester Schwierigkeiten mit seinem Z\u00f6libat haben sollte, wird weiterhin Seelsorge m\u00f6glchsein. Auch Sexsucht oder oder ein problematischer Pornokonsum kann weiterhin mit einer Verhaltenstherapie begegnet werden. Weil all das nichts mit Umpolung zu tun hat.<\/em><\/p>\n\n\n\n<p><em>Abgesehen davon, dass dieses Verbot Leben rettet, ist es auch ein wichtiges gesellschaftliches ZEICHEN an alle, die mit ihrer Homosexualit\u00e4t hadern. Wir sagen damit: \u00abes ist ok, so wie du bist\u00bb.<\/em><\/p>\n\n\n\n<p><em>Ich freue mich auf die Unterst\u00fctzung unseres Antrags.<\/em><\/p>\n\n\n\n<p><em>Besten Dank.<\/em><\/p>\n\n\n\n<p class=\"hinweisbox\"><a href=\"https:\/\/www.johannes-sieber.ch\/move\/antrag-auf-standesinitiative\/\">Zur\u00fcck zur Notiz<\/a><\/p>\n","protected":false},"excerpt":{"rendered":"<p>Antrag Johannes Sieber und Annina von Falkenstein auf Einreichung einer Standesinitiative betreffend Verbot von Konversionstherapien in der Schweiz (Gesch\u00e4ft 21.5507) Sehr geehrter Herr Pr\u00e4sident, Frau StatthalterinGesch\u00e4tzte Damen und Herren K\u00fcrzlich haben wir in der Schweiz&#8230;<\/p>\n","protected":false},"author":1,"featured_media":5607,"parent":0,"menu_order":0,"comment_status":"closed","ping_status":"closed","template":"","meta":{"footnotes":""},"class_list":["post-5592","page","type-page","status-publish","has-post-thumbnail","hentry"],"yoast_head":"<!-- This site is optimized with the Yoast SEO plugin v27.3 - https:\/\/yoast.com\/product\/yoast-seo-wordpress\/ -->\n<title>Script Votum, 27.10.21 - Johannes Sieber<\/title>\n<meta name=\"robots\" content=\"index, follow, max-snippet:-1, max-image-preview:large, max-video-preview:-1\" \/>\n<link rel=\"canonical\" href=\"https:\/\/www.johannes-sieber.ch\/move\/script-votum-27-10-21\/\" \/>\n<meta property=\"og:locale\" content=\"de_DE\" \/>\n<meta property=\"og:type\" content=\"article\" \/>\n<meta property=\"og:title\" content=\"Script Votum, 27.10.21 - Johannes Sieber\" \/>\n<meta property=\"og:description\" content=\"Antrag Johannes Sieber und Annina von Falkenstein auf Einreichung einer Standesinitiative betreffend Verbot von Konversionstherapien in der Schweiz (Gesch\u00e4ft 21.5507) Sehr geehrter Herr Pr\u00e4sident, Frau StatthalterinGesch\u00e4tzte Damen und Herren K\u00fcrzlich haben wir in der Schweiz...\" \/>\n<meta property=\"og:url\" content=\"https:\/\/www.johannes-sieber.ch\/move\/script-votum-27-10-21\/\" \/>\n<meta property=\"og:site_name\" content=\"Johannes Sieber\" \/>\n<meta property=\"article:modified_time\" content=\"2021-10-28T03:53:59+00:00\" \/>\n<meta property=\"og:image\" content=\"https:\/\/www.johannes-sieber.ch\/move\/wp-content\/uploads\/2021\/06\/greg-raines-THC13xRi_q0-unsplash-scaled.jpg\" \/>\n\t<meta property=\"og:image:width\" content=\"2560\" \/>\n\t<meta property=\"og:image:height\" content=\"1707\" \/>\n\t<meta property=\"og:image:type\" content=\"image\/jpeg\" \/>\n<meta name=\"twitter:card\" content=\"summary_large_image\" \/>\n<meta name=\"twitter:site\" content=\"@JohannesSieber\" \/>\n<meta name=\"twitter:label1\" content=\"Gesch\u00e4tzte Lesezeit\" \/>\n\t<meta name=\"twitter:data1\" content=\"3\u00a0Minuten\" \/>\n<script type=\"application\/ld+json\" class=\"yoast-schema-graph\">{\"@context\":\"https:\\\/\\\/schema.org\",\"@graph\":[{\"@type\":\"WebPage\",\"@id\":\"https:\\\/\\\/www.johannes-sieber.ch\\\/move\\\/script-votum-27-10-21\\\/\",\"url\":\"https:\\\/\\\/www.johannes-sieber.ch\\\/move\\\/script-votum-27-10-21\\\/\",\"name\":\"Script Votum, 27.10.21 - Johannes Sieber\",\"isPartOf\":{\"@id\":\"https:\\\/\\\/www.johannes-sieber.ch\\\/move\\\/#website\"},\"primaryImageOfPage\":{\"@id\":\"https:\\\/\\\/www.johannes-sieber.ch\\\/move\\\/script-votum-27-10-21\\\/#primaryimage\"},\"image\":{\"@id\":\"https:\\\/\\\/www.johannes-sieber.ch\\\/move\\\/script-votum-27-10-21\\\/#primaryimage\"},\"thumbnailUrl\":\"https:\\\/\\\/www.johannes-sieber.ch\\\/move\\\/wp-content\\\/uploads\\\/2021\\\/06\\\/greg-raines-THC13xRi_q0-unsplash-scaled.jpg\",\"datePublished\":\"2021-10-19T07:42:07+00:00\",\"dateModified\":\"2021-10-28T03:53:59+00:00\",\"breadcrumb\":{\"@id\":\"https:\\\/\\\/www.johannes-sieber.ch\\\/move\\\/script-votum-27-10-21\\\/#breadcrumb\"},\"inLanguage\":\"de\",\"potentialAction\":[{\"@type\":\"ReadAction\",\"target\":[\"https:\\\/\\\/www.johannes-sieber.ch\\\/move\\\/script-votum-27-10-21\\\/\"]}]},{\"@type\":\"ImageObject\",\"inLanguage\":\"de\",\"@id\":\"https:\\\/\\\/www.johannes-sieber.ch\\\/move\\\/script-votum-27-10-21\\\/#primaryimage\",\"url\":\"https:\\\/\\\/www.johannes-sieber.ch\\\/move\\\/wp-content\\\/uploads\\\/2021\\\/06\\\/greg-raines-THC13xRi_q0-unsplash-scaled.jpg\",\"contentUrl\":\"https:\\\/\\\/www.johannes-sieber.ch\\\/move\\\/wp-content\\\/uploads\\\/2021\\\/06\\\/greg-raines-THC13xRi_q0-unsplash-scaled.jpg\",\"width\":2560,\"height\":1707,\"caption\":\"Konversionstherapie-verbieten\"},{\"@type\":\"BreadcrumbList\",\"@id\":\"https:\\\/\\\/www.johannes-sieber.ch\\\/move\\\/script-votum-27-10-21\\\/#breadcrumb\",\"itemListElement\":[{\"@type\":\"ListItem\",\"position\":1,\"name\":\"Startseite\",\"item\":\"https:\\\/\\\/www.johannes-sieber.ch\\\/move\\\/\"},{\"@type\":\"ListItem\",\"position\":2,\"name\":\"Script Votum, 27.10.21\"}]},{\"@type\":\"WebSite\",\"@id\":\"https:\\\/\\\/www.johannes-sieber.ch\\\/move\\\/#website\",\"url\":\"https:\\\/\\\/www.johannes-sieber.ch\\\/move\\\/\",\"name\":\"Johannes Sieber\",\"description\":\"Notizen zu Kultur, Klima, Stadt &amp; Menschen\",\"publisher\":{\"@id\":\"https:\\\/\\\/www.johannes-sieber.ch\\\/move\\\/#\\\/schema\\\/person\\\/d92682c5f067a49d1c1f925bd5422e14\"},\"potentialAction\":[{\"@type\":\"SearchAction\",\"target\":{\"@type\":\"EntryPoint\",\"urlTemplate\":\"https:\\\/\\\/www.johannes-sieber.ch\\\/move\\\/?s={search_term_string}\"},\"query-input\":{\"@type\":\"PropertyValueSpecification\",\"valueRequired\":true,\"valueName\":\"search_term_string\"}}],\"inLanguage\":\"de\"},{\"@type\":[\"Person\",\"Organization\"],\"@id\":\"https:\\\/\\\/www.johannes-sieber.ch\\\/move\\\/#\\\/schema\\\/person\\\/d92682c5f067a49d1c1f925bd5422e14\",\"name\":\"Johannes Sieber\",\"image\":{\"@type\":\"ImageObject\",\"inLanguage\":\"de\",\"@id\":\"https:\\\/\\\/secure.gravatar.com\\\/avatar\\\/31f81941f5205fb74a8b0f15334401b3be15721e177e88208533a81bf8dae247?s=96&d=mm&r=g\",\"url\":\"https:\\\/\\\/secure.gravatar.com\\\/avatar\\\/31f81941f5205fb74a8b0f15334401b3be15721e177e88208533a81bf8dae247?s=96&d=mm&r=g\",\"contentUrl\":\"https:\\\/\\\/secure.gravatar.com\\\/avatar\\\/31f81941f5205fb74a8b0f15334401b3be15721e177e88208533a81bf8dae247?s=96&d=mm&r=g\",\"caption\":\"Johannes Sieber\"},\"logo\":{\"@id\":\"https:\\\/\\\/secure.gravatar.com\\\/avatar\\\/31f81941f5205fb74a8b0f15334401b3be15721e177e88208533a81bf8dae247?s=96&d=mm&r=g\"},\"sameAs\":[\"https:\\\/\\\/www.johannes-sieber.ch\\\/\",\"https:\\\/\\\/www.instagram.com\\\/johannes__sieber\",\"https:\\\/\\\/x.com\\\/https:\\\/\\\/twitter.com\\\/JohannesSieber\"]}]}<\/script>\n<!-- \/ Yoast SEO plugin. -->","yoast_head_json":{"title":"Script Votum, 27.10.21 - Johannes Sieber","robots":{"index":"index","follow":"follow","max-snippet":"max-snippet:-1","max-image-preview":"max-image-preview:large","max-video-preview":"max-video-preview:-1"},"canonical":"https:\/\/www.johannes-sieber.ch\/move\/script-votum-27-10-21\/","og_locale":"de_DE","og_type":"article","og_title":"Script Votum, 27.10.21 - Johannes Sieber","og_description":"Antrag Johannes Sieber und Annina von Falkenstein auf Einreichung einer Standesinitiative betreffend Verbot von Konversionstherapien in der Schweiz (Gesch\u00e4ft 21.5507) Sehr geehrter Herr Pr\u00e4sident, Frau StatthalterinGesch\u00e4tzte Damen und Herren K\u00fcrzlich haben wir in der Schweiz...","og_url":"https:\/\/www.johannes-sieber.ch\/move\/script-votum-27-10-21\/","og_site_name":"Johannes Sieber","article_modified_time":"2021-10-28T03:53:59+00:00","og_image":[{"width":2560,"height":1707,"url":"https:\/\/www.johannes-sieber.ch\/move\/wp-content\/uploads\/2021\/06\/greg-raines-THC13xRi_q0-unsplash-scaled.jpg","type":"image\/jpeg"}],"twitter_card":"summary_large_image","twitter_site":"@JohannesSieber","twitter_misc":{"Gesch\u00e4tzte Lesezeit":"3\u00a0Minuten"},"schema":{"@context":"https:\/\/schema.org","@graph":[{"@type":"WebPage","@id":"https:\/\/www.johannes-sieber.ch\/move\/script-votum-27-10-21\/","url":"https:\/\/www.johannes-sieber.ch\/move\/script-votum-27-10-21\/","name":"Script Votum, 27.10.21 - Johannes Sieber","isPartOf":{"@id":"https:\/\/www.johannes-sieber.ch\/move\/#website"},"primaryImageOfPage":{"@id":"https:\/\/www.johannes-sieber.ch\/move\/script-votum-27-10-21\/#primaryimage"},"image":{"@id":"https:\/\/www.johannes-sieber.ch\/move\/script-votum-27-10-21\/#primaryimage"},"thumbnailUrl":"https:\/\/www.johannes-sieber.ch\/move\/wp-content\/uploads\/2021\/06\/greg-raines-THC13xRi_q0-unsplash-scaled.jpg","datePublished":"2021-10-19T07:42:07+00:00","dateModified":"2021-10-28T03:53:59+00:00","breadcrumb":{"@id":"https:\/\/www.johannes-sieber.ch\/move\/script-votum-27-10-21\/#breadcrumb"},"inLanguage":"de","potentialAction":[{"@type":"ReadAction","target":["https:\/\/www.johannes-sieber.ch\/move\/script-votum-27-10-21\/"]}]},{"@type":"ImageObject","inLanguage":"de","@id":"https:\/\/www.johannes-sieber.ch\/move\/script-votum-27-10-21\/#primaryimage","url":"https:\/\/www.johannes-sieber.ch\/move\/wp-content\/uploads\/2021\/06\/greg-raines-THC13xRi_q0-unsplash-scaled.jpg","contentUrl":"https:\/\/www.johannes-sieber.ch\/move\/wp-content\/uploads\/2021\/06\/greg-raines-THC13xRi_q0-unsplash-scaled.jpg","width":2560,"height":1707,"caption":"Konversionstherapie-verbieten"},{"@type":"BreadcrumbList","@id":"https:\/\/www.johannes-sieber.ch\/move\/script-votum-27-10-21\/#breadcrumb","itemListElement":[{"@type":"ListItem","position":1,"name":"Startseite","item":"https:\/\/www.johannes-sieber.ch\/move\/"},{"@type":"ListItem","position":2,"name":"Script Votum, 27.10.21"}]},{"@type":"WebSite","@id":"https:\/\/www.johannes-sieber.ch\/move\/#website","url":"https:\/\/www.johannes-sieber.ch\/move\/","name":"Johannes Sieber","description":"Notizen zu Kultur, Klima, Stadt &amp; Menschen","publisher":{"@id":"https:\/\/www.johannes-sieber.ch\/move\/#\/schema\/person\/d92682c5f067a49d1c1f925bd5422e14"},"potentialAction":[{"@type":"SearchAction","target":{"@type":"EntryPoint","urlTemplate":"https:\/\/www.johannes-sieber.ch\/move\/?s={search_term_string}"},"query-input":{"@type":"PropertyValueSpecification","valueRequired":true,"valueName":"search_term_string"}}],"inLanguage":"de"},{"@type":["Person","Organization"],"@id":"https:\/\/www.johannes-sieber.ch\/move\/#\/schema\/person\/d92682c5f067a49d1c1f925bd5422e14","name":"Johannes Sieber","image":{"@type":"ImageObject","inLanguage":"de","@id":"https:\/\/secure.gravatar.com\/avatar\/31f81941f5205fb74a8b0f15334401b3be15721e177e88208533a81bf8dae247?s=96&d=mm&r=g","url":"https:\/\/secure.gravatar.com\/avatar\/31f81941f5205fb74a8b0f15334401b3be15721e177e88208533a81bf8dae247?s=96&d=mm&r=g","contentUrl":"https:\/\/secure.gravatar.com\/avatar\/31f81941f5205fb74a8b0f15334401b3be15721e177e88208533a81bf8dae247?s=96&d=mm&r=g","caption":"Johannes Sieber"},"logo":{"@id":"https:\/\/secure.gravatar.com\/avatar\/31f81941f5205fb74a8b0f15334401b3be15721e177e88208533a81bf8dae247?s=96&d=mm&r=g"},"sameAs":["https:\/\/www.johannes-sieber.ch\/","https:\/\/www.instagram.com\/johannes__sieber","https:\/\/x.com\/https:\/\/twitter.com\/JohannesSieber"]}]}},"jetpack_sharing_enabled":true,"_links":{"self":[{"href":"https:\/\/www.johannes-sieber.ch\/move\/wp-json\/wp\/v2\/pages\/5592","targetHints":{"allow":["GET"]}}],"collection":[{"href":"https:\/\/www.johannes-sieber.ch\/move\/wp-json\/wp\/v2\/pages"}],"about":[{"href":"https:\/\/www.johannes-sieber.ch\/move\/wp-json\/wp\/v2\/types\/page"}],"author":[{"embeddable":true,"href":"https:\/\/www.johannes-sieber.ch\/move\/wp-json\/wp\/v2\/users\/1"}],"replies":[{"embeddable":true,"href":"https:\/\/www.johannes-sieber.ch\/move\/wp-json\/wp\/v2\/comments?post=5592"}],"version-history":[{"count":26,"href":"https:\/\/www.johannes-sieber.ch\/move\/wp-json\/wp\/v2\/pages\/5592\/revisions"}],"predecessor-version":[{"id":5644,"href":"https:\/\/www.johannes-sieber.ch\/move\/wp-json\/wp\/v2\/pages\/5592\/revisions\/5644"}],"wp:featuredmedia":[{"embeddable":true,"href":"https:\/\/www.johannes-sieber.ch\/move\/wp-json\/wp\/v2\/media\/5607"}],"wp:attachment":[{"href":"https:\/\/www.johannes-sieber.ch\/move\/wp-json\/wp\/v2\/media?parent=5592"}],"curies":[{"name":"wp","href":"https:\/\/api.w.org\/{rel}","templated":true}]}}