{"id":6281,"date":"2022-03-15T18:42:50","date_gmt":"2022-03-15T17:42:50","guid":{"rendered":"https:\/\/www.johannes-sieber.ch\/move\/?page_id=6281"},"modified":"2022-03-23T09:31:53","modified_gmt":"2022-03-23T08:31:53","slug":"script-votum-23-03-2022","status":"publish","type":"page","link":"https:\/\/www.johannes-sieber.ch\/move\/script-votum-23-03-2022\/","title":{"rendered":"Script Votum, 23.03.2022"},"content":{"rendered":"\n<p><strong>Anzug Johannes Sieber und Konsorten betreffend Einrichtung eines runden Tischs f\u00fcr LGBTI-Anliegen (Gesch\u00e4ft 22.5023)<\/strong><\/p>\n\n\n\n<p><em>Geehrte Pr\u00e4sidentin, Herr Statthalter<br>gesch\u00e4tzte Damen und Herren<\/em><\/p>\n\n\n\n<p><em>Im Rahmen der Debatte zum Budget 2022 entbrannte in diesem hohen Hause eine Diskussion um die Erh\u00f6hung des Personalbudgets bei der kantonalen Abteilung Gleichstellung von Frauen und M\u00e4nnern.<\/em> <em>Die Erh\u00f6hung wurde bewilligt.<\/em><\/p>\n\n\n\n<p><em>Die Abteilung Gleichstellung soll sich voraussichtlich ab Herbst ENDLICH ganz offiziell AUCH mit Gleichstellungsfragen jenseits der heterosexuellen Mehrheitsgesellschaft besch\u00e4ftigen d\u00fcrfen. Die daf\u00fcr ben\u00f6tigte Kompetenz soll mit dem vorgesehenen Budget eingekauft werden.<\/em><\/p>\n\n\n\n<p><em>Die Fraktion der Gr\u00fcnliberalen hat dieser Budgeterh\u00f6hung mit Vorbehalten zugestimmt. Uns ist es wichtig, dass die Gleichstellungsarbeit f\u00fcr LGBTI-Personen nicht einfach als Seitenwagen bei der, HEUTE weitgehend hetero-normativen Gleichstellungsarbeit der Abteilung verstanden wird. Wir erwarten eine Entwicklung im VERST\u00c4NDNIS der kantonalen Gleichstellungsarbeit. Sie soll zu einem Ansatz der Vielfalt finden.<\/em><\/p>\n\n\n\n<p><em>Dazu ist es zentral, dass die Gleichstellungsarbeit f\u00fcr die queeren Communnities dieser Stadt nicht nur nahe an der Bev\u00f6lkerung, sondern in enger Zusammenarbeit MIT den zivilgesellschaftlichen LGBTI-Organisationen entwickelt wird.  <\/em><\/p>\n\n\n\n<p><em>Zum Austausch aktueller Themen, gesetzlicher Neuerungen und geplanter Massnahmen soll ein institutionalisierter Dialog in Form eines runden Tisches mit regionalen Organisationen und engagierten Mitgliedern der LGBTI-Communities sowie Gleichstellungsbeauftragten der kantonalen Verwaltung eingerichtet werden. Die Treffen sollen halbj\u00e4hrlich stattfindenden.<\/em><\/p>\n\n\n\n<p><em>Der<\/em> <em>Aufwand daf\u00fcr ist \u00fcberschaubar und innerhalb des vorgesehenen Budgets realisierbar.<\/em><\/p>\n\n\n\n<p><em>W\u00fcnschenswert w\u00e4re ein \u00abRunder Tisch f\u00fcr LGBTI-Anliegen beider Basel\u00bb mit bikantonaler Tr\u00e4gerschaft, damit die Gleichstellungsbeauftragten beider Kantone gleichermassen davon profitieren k\u00f6nnen.<\/em><\/p>\n\n\n\n<p>(&#8230;)<\/p>\n\n\n\n<p><em>Es gilt, den Austausch zwischen Verwaltung und den LGBTI-Communities zu f\u00f6rdern.<\/em><\/p>\n\n\n\n<p><em>Unterst\u00fctzen Sie das mit der \u00dcberweisung dieses Anzugs!<\/em><\/p>\n\n\n\n<p><em>Herzlichen Dank!<\/em><\/p>\n\n\n\n<p class=\"hinweisbox\"><a href=\"https:\/\/www.johannes-sieber.ch\/move\/runder-tisch-fuer-lgbti-anliegen\/\">Zur\u00fcck zur Notiz<\/a><\/p>\n\n\n\n<p class=\"fotoquelle\">Foto zur Notiz: Nathan Dumlao<\/p>\n","protected":false},"excerpt":{"rendered":"<p>Anzug Johannes Sieber und Konsorten betreffend Einrichtung eines runden Tischs f\u00fcr LGBTI-Anliegen (Gesch\u00e4ft 22.5023) Geehrte Pr\u00e4sidentin, Herr Statthaltergesch\u00e4tzte Damen und Herren Im Rahmen der Debatte zum Budget 2022 entbrannte in diesem hohen Hause eine Diskussion&#8230;<\/p>\n","protected":false},"author":1,"featured_media":6068,"parent":0,"menu_order":0,"comment_status":"closed","ping_status":"closed","template":"","meta":{"footnotes":""},"class_list":["post-6281","page","type-page","status-publish","has-post-thumbnail","hentry"],"yoast_head":"<!-- This site is optimized with the Yoast SEO plugin v27.4 - https:\/\/yoast.com\/product\/yoast-seo-wordpress\/ -->\n<title>Script Votum, 23.03.2022 - Johannes Sieber<\/title>\n<meta name=\"robots\" content=\"index, follow, max-snippet:-1, max-image-preview:large, max-video-preview:-1\" \/>\n<link rel=\"canonical\" href=\"https:\/\/www.johannes-sieber.ch\/move\/script-votum-23-03-2022\/\" \/>\n<meta property=\"og:locale\" content=\"de_DE\" \/>\n<meta property=\"og:type\" content=\"article\" \/>\n<meta property=\"og:title\" content=\"Script Votum, 23.03.2022 - Johannes Sieber\" \/>\n<meta property=\"og:description\" content=\"Anzug Johannes Sieber und Konsorten betreffend Einrichtung eines runden Tischs f\u00fcr LGBTI-Anliegen (Gesch\u00e4ft 22.5023) Geehrte Pr\u00e4sidentin, Herr Statthaltergesch\u00e4tzte Damen und Herren Im Rahmen der Debatte zum Budget 2022 entbrannte in diesem hohen Hause eine Diskussion...\" \/>\n<meta property=\"og:url\" content=\"https:\/\/www.johannes-sieber.ch\/move\/script-votum-23-03-2022\/\" \/>\n<meta property=\"og:site_name\" content=\"Johannes Sieber\" \/>\n<meta property=\"article:modified_time\" content=\"2022-03-23T08:31:53+00:00\" \/>\n<meta property=\"og:image\" content=\"https:\/\/www.johannes-sieber.ch\/move\/wp-content\/uploads\/2022\/01\/rundertisch-700x503.jpg\" \/>\n\t<meta property=\"og:image:width\" content=\"700\" \/>\n\t<meta property=\"og:image:height\" content=\"503\" \/>\n\t<meta property=\"og:image:type\" content=\"image\/jpeg\" \/>\n<meta name=\"twitter:card\" content=\"summary_large_image\" \/>\n<meta name=\"twitter:site\" content=\"@JohannesSieber\" \/>\n<meta name=\"twitter:label1\" content=\"Gesch\u00e4tzte Lesezeit\" \/>\n\t<meta name=\"twitter:data1\" content=\"2\u00a0Minuten\" \/>\n<script type=\"application\/ld+json\" class=\"yoast-schema-graph\">{\"@context\":\"https:\\\/\\\/schema.org\",\"@graph\":[{\"@type\":\"WebPage\",\"@id\":\"https:\\\/\\\/www.johannes-sieber.ch\\\/move\\\/script-votum-23-03-2022\\\/\",\"url\":\"https:\\\/\\\/www.johannes-sieber.ch\\\/move\\\/script-votum-23-03-2022\\\/\",\"name\":\"Script Votum, 23.03.2022 - Johannes Sieber\",\"isPartOf\":{\"@id\":\"https:\\\/\\\/www.johannes-sieber.ch\\\/move\\\/#website\"},\"primaryImageOfPage\":{\"@id\":\"https:\\\/\\\/www.johannes-sieber.ch\\\/move\\\/script-votum-23-03-2022\\\/#primaryimage\"},\"image\":{\"@id\":\"https:\\\/\\\/www.johannes-sieber.ch\\\/move\\\/script-votum-23-03-2022\\\/#primaryimage\"},\"thumbnailUrl\":\"https:\\\/\\\/www.johannes-sieber.ch\\\/move\\\/wp-content\\\/uploads\\\/2022\\\/01\\\/rundertisch.jpg\",\"datePublished\":\"2022-03-15T17:42:50+00:00\",\"dateModified\":\"2022-03-23T08:31:53+00:00\",\"breadcrumb\":{\"@id\":\"https:\\\/\\\/www.johannes-sieber.ch\\\/move\\\/script-votum-23-03-2022\\\/#breadcrumb\"},\"inLanguage\":\"de\",\"potentialAction\":[{\"@type\":\"ReadAction\",\"target\":[\"https:\\\/\\\/www.johannes-sieber.ch\\\/move\\\/script-votum-23-03-2022\\\/\"]}]},{\"@type\":\"ImageObject\",\"inLanguage\":\"de\",\"@id\":\"https:\\\/\\\/www.johannes-sieber.ch\\\/move\\\/script-votum-23-03-2022\\\/#primaryimage\",\"url\":\"https:\\\/\\\/www.johannes-sieber.ch\\\/move\\\/wp-content\\\/uploads\\\/2022\\\/01\\\/rundertisch.jpg\",\"contentUrl\":\"https:\\\/\\\/www.johannes-sieber.ch\\\/move\\\/wp-content\\\/uploads\\\/2022\\\/01\\\/rundertisch.jpg\",\"width\":2500,\"height\":1795,\"caption\":\"Runder Tisch f\u00fcr LGBTI-Anliegen\"},{\"@type\":\"BreadcrumbList\",\"@id\":\"https:\\\/\\\/www.johannes-sieber.ch\\\/move\\\/script-votum-23-03-2022\\\/#breadcrumb\",\"itemListElement\":[{\"@type\":\"ListItem\",\"position\":1,\"name\":\"Startseite\",\"item\":\"https:\\\/\\\/www.johannes-sieber.ch\\\/move\\\/\"},{\"@type\":\"ListItem\",\"position\":2,\"name\":\"Script Votum, 23.03.2022\"}]},{\"@type\":\"WebSite\",\"@id\":\"https:\\\/\\\/www.johannes-sieber.ch\\\/move\\\/#website\",\"url\":\"https:\\\/\\\/www.johannes-sieber.ch\\\/move\\\/\",\"name\":\"Johannes Sieber\",\"description\":\"Notizen zu Kultur, Klima, Stadt &amp; Menschen\",\"publisher\":{\"@id\":\"https:\\\/\\\/www.johannes-sieber.ch\\\/move\\\/#\\\/schema\\\/person\\\/d92682c5f067a49d1c1f925bd5422e14\"},\"potentialAction\":[{\"@type\":\"SearchAction\",\"target\":{\"@type\":\"EntryPoint\",\"urlTemplate\":\"https:\\\/\\\/www.johannes-sieber.ch\\\/move\\\/?s={search_term_string}\"},\"query-input\":{\"@type\":\"PropertyValueSpecification\",\"valueRequired\":true,\"valueName\":\"search_term_string\"}}],\"inLanguage\":\"de\"},{\"@type\":[\"Person\",\"Organization\"],\"@id\":\"https:\\\/\\\/www.johannes-sieber.ch\\\/move\\\/#\\\/schema\\\/person\\\/d92682c5f067a49d1c1f925bd5422e14\",\"name\":\"Johannes Sieber\",\"image\":{\"@type\":\"ImageObject\",\"inLanguage\":\"de\",\"@id\":\"https:\\\/\\\/secure.gravatar.com\\\/avatar\\\/31f81941f5205fb74a8b0f15334401b3be15721e177e88208533a81bf8dae247?s=96&d=mm&r=g\",\"url\":\"https:\\\/\\\/secure.gravatar.com\\\/avatar\\\/31f81941f5205fb74a8b0f15334401b3be15721e177e88208533a81bf8dae247?s=96&d=mm&r=g\",\"contentUrl\":\"https:\\\/\\\/secure.gravatar.com\\\/avatar\\\/31f81941f5205fb74a8b0f15334401b3be15721e177e88208533a81bf8dae247?s=96&d=mm&r=g\",\"caption\":\"Johannes Sieber\"},\"logo\":{\"@id\":\"https:\\\/\\\/secure.gravatar.com\\\/avatar\\\/31f81941f5205fb74a8b0f15334401b3be15721e177e88208533a81bf8dae247?s=96&d=mm&r=g\"},\"sameAs\":[\"https:\\\/\\\/www.johannes-sieber.ch\\\/\",\"https:\\\/\\\/www.instagram.com\\\/johannes__sieber\",\"https:\\\/\\\/x.com\\\/https:\\\/\\\/twitter.com\\\/JohannesSieber\"]}]}<\/script>\n<!-- \/ Yoast SEO plugin. -->","yoast_head_json":{"title":"Script Votum, 23.03.2022 - Johannes Sieber","robots":{"index":"index","follow":"follow","max-snippet":"max-snippet:-1","max-image-preview":"max-image-preview:large","max-video-preview":"max-video-preview:-1"},"canonical":"https:\/\/www.johannes-sieber.ch\/move\/script-votum-23-03-2022\/","og_locale":"de_DE","og_type":"article","og_title":"Script Votum, 23.03.2022 - Johannes Sieber","og_description":"Anzug Johannes Sieber und Konsorten betreffend Einrichtung eines runden Tischs f\u00fcr LGBTI-Anliegen (Gesch\u00e4ft 22.5023) Geehrte Pr\u00e4sidentin, Herr Statthaltergesch\u00e4tzte Damen und Herren Im Rahmen der Debatte zum Budget 2022 entbrannte in diesem hohen Hause eine Diskussion...","og_url":"https:\/\/www.johannes-sieber.ch\/move\/script-votum-23-03-2022\/","og_site_name":"Johannes Sieber","article_modified_time":"2022-03-23T08:31:53+00:00","og_image":[{"width":700,"height":503,"url":"https:\/\/www.johannes-sieber.ch\/move\/wp-content\/uploads\/2022\/01\/rundertisch-700x503.jpg","type":"image\/jpeg"}],"twitter_card":"summary_large_image","twitter_site":"@JohannesSieber","twitter_misc":{"Gesch\u00e4tzte Lesezeit":"2\u00a0Minuten"},"schema":{"@context":"https:\/\/schema.org","@graph":[{"@type":"WebPage","@id":"https:\/\/www.johannes-sieber.ch\/move\/script-votum-23-03-2022\/","url":"https:\/\/www.johannes-sieber.ch\/move\/script-votum-23-03-2022\/","name":"Script Votum, 23.03.2022 - Johannes Sieber","isPartOf":{"@id":"https:\/\/www.johannes-sieber.ch\/move\/#website"},"primaryImageOfPage":{"@id":"https:\/\/www.johannes-sieber.ch\/move\/script-votum-23-03-2022\/#primaryimage"},"image":{"@id":"https:\/\/www.johannes-sieber.ch\/move\/script-votum-23-03-2022\/#primaryimage"},"thumbnailUrl":"https:\/\/www.johannes-sieber.ch\/move\/wp-content\/uploads\/2022\/01\/rundertisch.jpg","datePublished":"2022-03-15T17:42:50+00:00","dateModified":"2022-03-23T08:31:53+00:00","breadcrumb":{"@id":"https:\/\/www.johannes-sieber.ch\/move\/script-votum-23-03-2022\/#breadcrumb"},"inLanguage":"de","potentialAction":[{"@type":"ReadAction","target":["https:\/\/www.johannes-sieber.ch\/move\/script-votum-23-03-2022\/"]}]},{"@type":"ImageObject","inLanguage":"de","@id":"https:\/\/www.johannes-sieber.ch\/move\/script-votum-23-03-2022\/#primaryimage","url":"https:\/\/www.johannes-sieber.ch\/move\/wp-content\/uploads\/2022\/01\/rundertisch.jpg","contentUrl":"https:\/\/www.johannes-sieber.ch\/move\/wp-content\/uploads\/2022\/01\/rundertisch.jpg","width":2500,"height":1795,"caption":"Runder Tisch f\u00fcr LGBTI-Anliegen"},{"@type":"BreadcrumbList","@id":"https:\/\/www.johannes-sieber.ch\/move\/script-votum-23-03-2022\/#breadcrumb","itemListElement":[{"@type":"ListItem","position":1,"name":"Startseite","item":"https:\/\/www.johannes-sieber.ch\/move\/"},{"@type":"ListItem","position":2,"name":"Script Votum, 23.03.2022"}]},{"@type":"WebSite","@id":"https:\/\/www.johannes-sieber.ch\/move\/#website","url":"https:\/\/www.johannes-sieber.ch\/move\/","name":"Johannes Sieber","description":"Notizen zu Kultur, Klima, Stadt &amp; Menschen","publisher":{"@id":"https:\/\/www.johannes-sieber.ch\/move\/#\/schema\/person\/d92682c5f067a49d1c1f925bd5422e14"},"potentialAction":[{"@type":"SearchAction","target":{"@type":"EntryPoint","urlTemplate":"https:\/\/www.johannes-sieber.ch\/move\/?s={search_term_string}"},"query-input":{"@type":"PropertyValueSpecification","valueRequired":true,"valueName":"search_term_string"}}],"inLanguage":"de"},{"@type":["Person","Organization"],"@id":"https:\/\/www.johannes-sieber.ch\/move\/#\/schema\/person\/d92682c5f067a49d1c1f925bd5422e14","name":"Johannes Sieber","image":{"@type":"ImageObject","inLanguage":"de","@id":"https:\/\/secure.gravatar.com\/avatar\/31f81941f5205fb74a8b0f15334401b3be15721e177e88208533a81bf8dae247?s=96&d=mm&r=g","url":"https:\/\/secure.gravatar.com\/avatar\/31f81941f5205fb74a8b0f15334401b3be15721e177e88208533a81bf8dae247?s=96&d=mm&r=g","contentUrl":"https:\/\/secure.gravatar.com\/avatar\/31f81941f5205fb74a8b0f15334401b3be15721e177e88208533a81bf8dae247?s=96&d=mm&r=g","caption":"Johannes Sieber"},"logo":{"@id":"https:\/\/secure.gravatar.com\/avatar\/31f81941f5205fb74a8b0f15334401b3be15721e177e88208533a81bf8dae247?s=96&d=mm&r=g"},"sameAs":["https:\/\/www.johannes-sieber.ch\/","https:\/\/www.instagram.com\/johannes__sieber","https:\/\/x.com\/https:\/\/twitter.com\/JohannesSieber"]}]}},"jetpack_sharing_enabled":true,"_links":{"self":[{"href":"https:\/\/www.johannes-sieber.ch\/move\/wp-json\/wp\/v2\/pages\/6281","targetHints":{"allow":["GET"]}}],"collection":[{"href":"https:\/\/www.johannes-sieber.ch\/move\/wp-json\/wp\/v2\/pages"}],"about":[{"href":"https:\/\/www.johannes-sieber.ch\/move\/wp-json\/wp\/v2\/types\/page"}],"author":[{"embeddable":true,"href":"https:\/\/www.johannes-sieber.ch\/move\/wp-json\/wp\/v2\/users\/1"}],"replies":[{"embeddable":true,"href":"https:\/\/www.johannes-sieber.ch\/move\/wp-json\/wp\/v2\/comments?post=6281"}],"version-history":[{"count":22,"href":"https:\/\/www.johannes-sieber.ch\/move\/wp-json\/wp\/v2\/pages\/6281\/revisions"}],"predecessor-version":[{"id":6309,"href":"https:\/\/www.johannes-sieber.ch\/move\/wp-json\/wp\/v2\/pages\/6281\/revisions\/6309"}],"wp:featuredmedia":[{"embeddable":true,"href":"https:\/\/www.johannes-sieber.ch\/move\/wp-json\/wp\/v2\/media\/6068"}],"wp:attachment":[{"href":"https:\/\/www.johannes-sieber.ch\/move\/wp-json\/wp\/v2\/media?parent=6281"}],"curies":[{"name":"wp","href":"https:\/\/api.w.org\/{rel}","templated":true}]}}