{"id":6510,"date":"2022-04-26T20:03:13","date_gmt":"2022-04-26T19:03:13","guid":{"rendered":"https:\/\/www.johannes-sieber.ch\/move\/?page_id=6510"},"modified":"2022-04-29T13:51:43","modified_gmt":"2022-04-29T12:51:43","slug":"script-votum-28-04-2022","status":"publish","type":"page","link":"https:\/\/www.johannes-sieber.ch\/move\/script-votum-28-04-2022\/","title":{"rendered":"Script Votum 28.04.2022"},"content":{"rendered":"\n<p><strong>Anzug Johannes Sieber und Konsorten betreffend einer kantonalen Medienf\u00f6rderung<\/strong> <strong>(Gesch\u00e4ft 22.5119)<\/strong><\/p>\n\n\n\n<p><em>Geehrte Pr\u00e4sidentin, Herr Statthalter,<br>gesch\u00e4tzte Damen und Herren<\/em><\/p>\n\n\n\n<p><em>Unabh\u00e4ngige Medien sind eine Voraussetzung f\u00fcr das Funktionieren einer demokratischen, kulturell vielf\u00e4ltigen Gesellschaft. Medien sind f\u00fcr die Meinungsbildung ihrer Mitglieder von zentraler Bedeutung.<\/em><\/p>\n\n\n\n<p><em>Darin waren sich bef\u00fcrwortende wie gegnerische Positionen zum \u00abBundesgesetz \u00fcber ein Massnahmenpaket zugunsten der Medien\u00bb einig. Auch wenn das Gesetz durch das Referendum mitte Februar dieses Jahres verhindert wurde.<\/em><\/p>\n\n\n\n<p><em>Die Stimmbev\u00f6lkerung vom Kanton Basel-Stadt hat diesem Gesetz mit \u00fcber 55% zugestimmt. Daraus kann eine erh\u00f6hte Sensibilit\u00e4t auf die Problematik und ein erh\u00f6hter Handlungsbedarf in Basel-Stadt abgeleitet werden.<\/em> <em>Oder auch einfach eine gewisse Unzufriedenheit, dass die Spalten f\u00fcr Region oder Kultur immer weniger wird.<\/em><\/p>\n\n\n\n<p><em>Die Besonderheiten der Nordwestschweiz und der Drei-L\u00e4nder-Region Basel zeichnen sich AUS durch ein grenz\u00fcbergreifendes Selbstverst\u00e4ndnis und ein reiches kulturelles Angebot. Wir sind eine starke Wirtschaftsregion und sind Zentrum wissenschaftlicher Forschung.<\/em><\/p>\n\n\n\n<p><em>Die mediale Reflexion unserer Region ist wichtig.<\/em><\/p>\n\n\n\n<p><em>(\u2026)<\/em><\/p>\n\n\n\n<p><em>Der Artikel \u00a7&nbsp;37 unserer Kantonsverfassung lautet:<\/em><\/p>\n\n\n\n<ul class=\"wp-block-list\"><li>Der Staat unterst\u00fctzt die Unabh\u00e4ngigkeit und Vielfalt der Information.<\/li><li>Er f\u00f6rdert den allgemeinen Zugang zu den Medien und Informationsquellen.<\/li><\/ul>\n\n\n\n<p><em>Dieser Verfassungsartikel ist bis heute nicht umgesetzt. Tats\u00e4chlich unternimmt der Kanton Basel-Stadt nichts, um die Unabh\u00e4ngigkeit und Vielfalt der Information zu unterst\u00fctzen.<\/em><\/p>\n\n\n\n<p><em>(\u2026)<\/em><\/p>\n\n\n\n<p><em>Bis auf nationaler Ebene neue L\u00f6sungsans\u00e4tze zur F\u00f6rderung der Medienvielfalt eine Mehrheit finden, kann es Jahre dauern. Die Vielfalt und hohe Qualit\u00e4t der regionalen Berichterstattung braucht jedoch zeitnah neue Perspektiven.<\/em><\/p>\n\n\n\n<p><em>Vor diesem Hintergrund bitten wir den Regierungsrat zu pr\u00fcfen und zu berichten,<\/em><\/p>\n\n\n\n<ul class=\"wp-block-list\"><li><em>wie er die Unabh\u00e4ngigkeit und Vielfalt der Information unterst\u00fctzen kann.<\/em><\/li><li><em>wie er in Zusammenarbeit mit Nutzenden und Anbietenden von Journalismus ein F\u00f6rdermodell entwickeln kann, das die unabh\u00e4ngige, qualitativ hochstehende und vielf\u00e4ltige Berichterstattung wahrt.<\/em><\/li><li><em>wir m\u00f6chten, dass das F\u00f6dermodell zukunftsgerichtet und von Medium und Gesch\u00e4ftsmodell unabh\u00e4ngig ist und weder den Wettbewerb verzerrt noch falsche Anreize setzt.<\/em><\/li><\/ul>\n\n\n\n<p><em>Es ist mir bewusst \u2013 um einen Journalisten der BZ zu zitieren \u2013 dass dieser Anzug sowas wie die Quadratur des Kreises zu pr\u00fcfen anregt.<\/em><\/p>\n\n\n\n<p><em>Das kommt nicht von ungef\u00e4hr. Die Debatte um das erw\u00e4hnte Bundesgesetz hat gezeigt, dass eine mehrheitsf\u00e4hige L\u00f6sung nicht so einfach auf der Hand liegt. Gerade darum macht es Sinn, den politischen Prozess zum Thema Medienf\u00f6rderung auf kantonaler Ebene anzuregen.<\/em><\/p>\n\n\n\n<p><em>Ich bin \u00fcberzeugt, dass uns die Besch\u00e4ftigung damit weiter bringen wird.<\/em><\/p>\n\n\n\n<p><em>Danke f\u00fcr die Unterst\u00fctzung!<\/em><\/p>\n\n\n\n<p class=\"hinweisbox\"><a href=\"https:\/\/www.johannes-sieber.ch\/move\/kantonale-medienfoerderung\/\">Zur\u00fcck zur Notiz<\/a><\/p>\n","protected":false},"excerpt":{"rendered":"<p>Anzug Johannes Sieber und Konsorten betreffend einer kantonalen Medienf\u00f6rderung (Gesch\u00e4ft 22.5119) Geehrte Pr\u00e4sidentin, Herr Statthalter,gesch\u00e4tzte Damen und Herren Unabh\u00e4ngige Medien sind eine Voraussetzung f\u00fcr das Funktionieren einer demokratischen, kulturell vielf\u00e4ltigen Gesellschaft. Medien sind f\u00fcr die&#8230;<\/p>\n","protected":false},"author":1,"featured_media":6234,"parent":0,"menu_order":0,"comment_status":"closed","ping_status":"closed","template":"","meta":{"footnotes":""},"class_list":["post-6510","page","type-page","status-publish","has-post-thumbnail","hentry"],"yoast_head":"<!-- This site is optimized with the Yoast SEO plugin v27.4 - https:\/\/yoast.com\/product\/yoast-seo-wordpress\/ -->\n<title>Script Votum 28.04.2022 - Johannes Sieber<\/title>\n<meta name=\"robots\" content=\"index, follow, max-snippet:-1, max-image-preview:large, max-video-preview:-1\" \/>\n<link rel=\"canonical\" href=\"https:\/\/www.johannes-sieber.ch\/move\/script-votum-28-04-2022\/\" \/>\n<meta property=\"og:locale\" content=\"de_DE\" \/>\n<meta property=\"og:type\" content=\"article\" \/>\n<meta property=\"og:title\" content=\"Script Votum 28.04.2022 - Johannes Sieber\" \/>\n<meta property=\"og:description\" content=\"Anzug Johannes Sieber und Konsorten betreffend einer kantonalen Medienf\u00f6rderung (Gesch\u00e4ft 22.5119) Geehrte Pr\u00e4sidentin, Herr Statthalter,gesch\u00e4tzte Damen und Herren Unabh\u00e4ngige Medien sind eine Voraussetzung f\u00fcr das Funktionieren einer demokratischen, kulturell vielf\u00e4ltigen Gesellschaft. Medien sind f\u00fcr die...\" \/>\n<meta property=\"og:url\" content=\"https:\/\/www.johannes-sieber.ch\/move\/script-votum-28-04-2022\/\" \/>\n<meta property=\"og:site_name\" content=\"Johannes Sieber\" \/>\n<meta property=\"article:modified_time\" content=\"2022-04-29T12:51:43+00:00\" \/>\n<meta property=\"og:image\" content=\"https:\/\/www.johannes-sieber.ch\/move\/wp-content\/uploads\/2022\/02\/robin-worrall-FPt10LXK0cg-unsplash-2-700x467.jpg\" \/>\n\t<meta property=\"og:image:width\" content=\"700\" \/>\n\t<meta property=\"og:image:height\" content=\"467\" \/>\n\t<meta property=\"og:image:type\" content=\"image\/jpeg\" \/>\n<meta name=\"twitter:card\" content=\"summary_large_image\" \/>\n<meta name=\"twitter:site\" content=\"@JohannesSieber\" \/>\n<meta name=\"twitter:label1\" content=\"Gesch\u00e4tzte Lesezeit\" \/>\n\t<meta name=\"twitter:data1\" content=\"3\u00a0Minuten\" \/>\n<script type=\"application\/ld+json\" class=\"yoast-schema-graph\">{\"@context\":\"https:\\\/\\\/schema.org\",\"@graph\":[{\"@type\":\"WebPage\",\"@id\":\"https:\\\/\\\/www.johannes-sieber.ch\\\/move\\\/script-votum-28-04-2022\\\/\",\"url\":\"https:\\\/\\\/www.johannes-sieber.ch\\\/move\\\/script-votum-28-04-2022\\\/\",\"name\":\"Script Votum 28.04.2022 - Johannes Sieber\",\"isPartOf\":{\"@id\":\"https:\\\/\\\/www.johannes-sieber.ch\\\/move\\\/#website\"},\"primaryImageOfPage\":{\"@id\":\"https:\\\/\\\/www.johannes-sieber.ch\\\/move\\\/script-votum-28-04-2022\\\/#primaryimage\"},\"image\":{\"@id\":\"https:\\\/\\\/www.johannes-sieber.ch\\\/move\\\/script-votum-28-04-2022\\\/#primaryimage\"},\"thumbnailUrl\":\"https:\\\/\\\/www.johannes-sieber.ch\\\/move\\\/wp-content\\\/uploads\\\/2022\\\/02\\\/robin-worrall-FPt10LXK0cg-unsplash-2.jpg\",\"datePublished\":\"2022-04-26T19:03:13+00:00\",\"dateModified\":\"2022-04-29T12:51:43+00:00\",\"breadcrumb\":{\"@id\":\"https:\\\/\\\/www.johannes-sieber.ch\\\/move\\\/script-votum-28-04-2022\\\/#breadcrumb\"},\"inLanguage\":\"de\",\"potentialAction\":[{\"@type\":\"ReadAction\",\"target\":[\"https:\\\/\\\/www.johannes-sieber.ch\\\/move\\\/script-votum-28-04-2022\\\/\"]}]},{\"@type\":\"ImageObject\",\"inLanguage\":\"de\",\"@id\":\"https:\\\/\\\/www.johannes-sieber.ch\\\/move\\\/script-votum-28-04-2022\\\/#primaryimage\",\"url\":\"https:\\\/\\\/www.johannes-sieber.ch\\\/move\\\/wp-content\\\/uploads\\\/2022\\\/02\\\/robin-worrall-FPt10LXK0cg-unsplash-2.jpg\",\"contentUrl\":\"https:\\\/\\\/www.johannes-sieber.ch\\\/move\\\/wp-content\\\/uploads\\\/2022\\\/02\\\/robin-worrall-FPt10LXK0cg-unsplash-2.jpg\",\"width\":2400,\"height\":1600,\"caption\":\"Kantonalle Medienf\u00f6rderung\"},{\"@type\":\"BreadcrumbList\",\"@id\":\"https:\\\/\\\/www.johannes-sieber.ch\\\/move\\\/script-votum-28-04-2022\\\/#breadcrumb\",\"itemListElement\":[{\"@type\":\"ListItem\",\"position\":1,\"name\":\"Startseite\",\"item\":\"https:\\\/\\\/www.johannes-sieber.ch\\\/move\\\/\"},{\"@type\":\"ListItem\",\"position\":2,\"name\":\"Script Votum 28.04.2022\"}]},{\"@type\":\"WebSite\",\"@id\":\"https:\\\/\\\/www.johannes-sieber.ch\\\/move\\\/#website\",\"url\":\"https:\\\/\\\/www.johannes-sieber.ch\\\/move\\\/\",\"name\":\"Johannes Sieber\",\"description\":\"Notizen zu Kultur, Klima, Stadt &amp; Menschen\",\"publisher\":{\"@id\":\"https:\\\/\\\/www.johannes-sieber.ch\\\/move\\\/#\\\/schema\\\/person\\\/d92682c5f067a49d1c1f925bd5422e14\"},\"potentialAction\":[{\"@type\":\"SearchAction\",\"target\":{\"@type\":\"EntryPoint\",\"urlTemplate\":\"https:\\\/\\\/www.johannes-sieber.ch\\\/move\\\/?s={search_term_string}\"},\"query-input\":{\"@type\":\"PropertyValueSpecification\",\"valueRequired\":true,\"valueName\":\"search_term_string\"}}],\"inLanguage\":\"de\"},{\"@type\":[\"Person\",\"Organization\"],\"@id\":\"https:\\\/\\\/www.johannes-sieber.ch\\\/move\\\/#\\\/schema\\\/person\\\/d92682c5f067a49d1c1f925bd5422e14\",\"name\":\"Johannes Sieber\",\"image\":{\"@type\":\"ImageObject\",\"inLanguage\":\"de\",\"@id\":\"https:\\\/\\\/secure.gravatar.com\\\/avatar\\\/31f81941f5205fb74a8b0f15334401b3be15721e177e88208533a81bf8dae247?s=96&d=mm&r=g\",\"url\":\"https:\\\/\\\/secure.gravatar.com\\\/avatar\\\/31f81941f5205fb74a8b0f15334401b3be15721e177e88208533a81bf8dae247?s=96&d=mm&r=g\",\"contentUrl\":\"https:\\\/\\\/secure.gravatar.com\\\/avatar\\\/31f81941f5205fb74a8b0f15334401b3be15721e177e88208533a81bf8dae247?s=96&d=mm&r=g\",\"caption\":\"Johannes Sieber\"},\"logo\":{\"@id\":\"https:\\\/\\\/secure.gravatar.com\\\/avatar\\\/31f81941f5205fb74a8b0f15334401b3be15721e177e88208533a81bf8dae247?s=96&d=mm&r=g\"},\"sameAs\":[\"https:\\\/\\\/www.johannes-sieber.ch\\\/\",\"https:\\\/\\\/www.instagram.com\\\/johannes__sieber\",\"https:\\\/\\\/x.com\\\/https:\\\/\\\/twitter.com\\\/JohannesSieber\"]}]}<\/script>\n<!-- \/ Yoast SEO plugin. -->","yoast_head_json":{"title":"Script Votum 28.04.2022 - Johannes Sieber","robots":{"index":"index","follow":"follow","max-snippet":"max-snippet:-1","max-image-preview":"max-image-preview:large","max-video-preview":"max-video-preview:-1"},"canonical":"https:\/\/www.johannes-sieber.ch\/move\/script-votum-28-04-2022\/","og_locale":"de_DE","og_type":"article","og_title":"Script Votum 28.04.2022 - Johannes Sieber","og_description":"Anzug Johannes Sieber und Konsorten betreffend einer kantonalen Medienf\u00f6rderung (Gesch\u00e4ft 22.5119) Geehrte Pr\u00e4sidentin, Herr Statthalter,gesch\u00e4tzte Damen und Herren Unabh\u00e4ngige Medien sind eine Voraussetzung f\u00fcr das Funktionieren einer demokratischen, kulturell vielf\u00e4ltigen Gesellschaft. Medien sind f\u00fcr die...","og_url":"https:\/\/www.johannes-sieber.ch\/move\/script-votum-28-04-2022\/","og_site_name":"Johannes Sieber","article_modified_time":"2022-04-29T12:51:43+00:00","og_image":[{"width":700,"height":467,"url":"https:\/\/www.johannes-sieber.ch\/move\/wp-content\/uploads\/2022\/02\/robin-worrall-FPt10LXK0cg-unsplash-2-700x467.jpg","type":"image\/jpeg"}],"twitter_card":"summary_large_image","twitter_site":"@JohannesSieber","twitter_misc":{"Gesch\u00e4tzte Lesezeit":"3\u00a0Minuten"},"schema":{"@context":"https:\/\/schema.org","@graph":[{"@type":"WebPage","@id":"https:\/\/www.johannes-sieber.ch\/move\/script-votum-28-04-2022\/","url":"https:\/\/www.johannes-sieber.ch\/move\/script-votum-28-04-2022\/","name":"Script Votum 28.04.2022 - Johannes Sieber","isPartOf":{"@id":"https:\/\/www.johannes-sieber.ch\/move\/#website"},"primaryImageOfPage":{"@id":"https:\/\/www.johannes-sieber.ch\/move\/script-votum-28-04-2022\/#primaryimage"},"image":{"@id":"https:\/\/www.johannes-sieber.ch\/move\/script-votum-28-04-2022\/#primaryimage"},"thumbnailUrl":"https:\/\/www.johannes-sieber.ch\/move\/wp-content\/uploads\/2022\/02\/robin-worrall-FPt10LXK0cg-unsplash-2.jpg","datePublished":"2022-04-26T19:03:13+00:00","dateModified":"2022-04-29T12:51:43+00:00","breadcrumb":{"@id":"https:\/\/www.johannes-sieber.ch\/move\/script-votum-28-04-2022\/#breadcrumb"},"inLanguage":"de","potentialAction":[{"@type":"ReadAction","target":["https:\/\/www.johannes-sieber.ch\/move\/script-votum-28-04-2022\/"]}]},{"@type":"ImageObject","inLanguage":"de","@id":"https:\/\/www.johannes-sieber.ch\/move\/script-votum-28-04-2022\/#primaryimage","url":"https:\/\/www.johannes-sieber.ch\/move\/wp-content\/uploads\/2022\/02\/robin-worrall-FPt10LXK0cg-unsplash-2.jpg","contentUrl":"https:\/\/www.johannes-sieber.ch\/move\/wp-content\/uploads\/2022\/02\/robin-worrall-FPt10LXK0cg-unsplash-2.jpg","width":2400,"height":1600,"caption":"Kantonalle Medienf\u00f6rderung"},{"@type":"BreadcrumbList","@id":"https:\/\/www.johannes-sieber.ch\/move\/script-votum-28-04-2022\/#breadcrumb","itemListElement":[{"@type":"ListItem","position":1,"name":"Startseite","item":"https:\/\/www.johannes-sieber.ch\/move\/"},{"@type":"ListItem","position":2,"name":"Script Votum 28.04.2022"}]},{"@type":"WebSite","@id":"https:\/\/www.johannes-sieber.ch\/move\/#website","url":"https:\/\/www.johannes-sieber.ch\/move\/","name":"Johannes Sieber","description":"Notizen zu Kultur, Klima, Stadt &amp; Menschen","publisher":{"@id":"https:\/\/www.johannes-sieber.ch\/move\/#\/schema\/person\/d92682c5f067a49d1c1f925bd5422e14"},"potentialAction":[{"@type":"SearchAction","target":{"@type":"EntryPoint","urlTemplate":"https:\/\/www.johannes-sieber.ch\/move\/?s={search_term_string}"},"query-input":{"@type":"PropertyValueSpecification","valueRequired":true,"valueName":"search_term_string"}}],"inLanguage":"de"},{"@type":["Person","Organization"],"@id":"https:\/\/www.johannes-sieber.ch\/move\/#\/schema\/person\/d92682c5f067a49d1c1f925bd5422e14","name":"Johannes Sieber","image":{"@type":"ImageObject","inLanguage":"de","@id":"https:\/\/secure.gravatar.com\/avatar\/31f81941f5205fb74a8b0f15334401b3be15721e177e88208533a81bf8dae247?s=96&d=mm&r=g","url":"https:\/\/secure.gravatar.com\/avatar\/31f81941f5205fb74a8b0f15334401b3be15721e177e88208533a81bf8dae247?s=96&d=mm&r=g","contentUrl":"https:\/\/secure.gravatar.com\/avatar\/31f81941f5205fb74a8b0f15334401b3be15721e177e88208533a81bf8dae247?s=96&d=mm&r=g","caption":"Johannes Sieber"},"logo":{"@id":"https:\/\/secure.gravatar.com\/avatar\/31f81941f5205fb74a8b0f15334401b3be15721e177e88208533a81bf8dae247?s=96&d=mm&r=g"},"sameAs":["https:\/\/www.johannes-sieber.ch\/","https:\/\/www.instagram.com\/johannes__sieber","https:\/\/x.com\/https:\/\/twitter.com\/JohannesSieber"]}]}},"jetpack_sharing_enabled":true,"_links":{"self":[{"href":"https:\/\/www.johannes-sieber.ch\/move\/wp-json\/wp\/v2\/pages\/6510","targetHints":{"allow":["GET"]}}],"collection":[{"href":"https:\/\/www.johannes-sieber.ch\/move\/wp-json\/wp\/v2\/pages"}],"about":[{"href":"https:\/\/www.johannes-sieber.ch\/move\/wp-json\/wp\/v2\/types\/page"}],"author":[{"embeddable":true,"href":"https:\/\/www.johannes-sieber.ch\/move\/wp-json\/wp\/v2\/users\/1"}],"replies":[{"embeddable":true,"href":"https:\/\/www.johannes-sieber.ch\/move\/wp-json\/wp\/v2\/comments?post=6510"}],"version-history":[{"count":14,"href":"https:\/\/www.johannes-sieber.ch\/move\/wp-json\/wp\/v2\/pages\/6510\/revisions"}],"predecessor-version":[{"id":6537,"href":"https:\/\/www.johannes-sieber.ch\/move\/wp-json\/wp\/v2\/pages\/6510\/revisions\/6537"}],"wp:featuredmedia":[{"embeddable":true,"href":"https:\/\/www.johannes-sieber.ch\/move\/wp-json\/wp\/v2\/media\/6234"}],"wp:attachment":[{"href":"https:\/\/www.johannes-sieber.ch\/move\/wp-json\/wp\/v2\/media?parent=6510"}],"curies":[{"name":"wp","href":"https:\/\/api.w.org\/{rel}","templated":true}]}}