{"id":7448,"date":"2023-08-17T08:11:16","date_gmt":"2023-08-17T07:11:16","guid":{"rendered":"https:\/\/www.johannes-sieber.ch\/move\/?page_id=7448"},"modified":"2023-08-17T08:19:23","modified_gmt":"2023-08-17T07:19:23","slug":"script-praesentation-15-08-2023","status":"publish","type":"page","link":"https:\/\/www.johannes-sieber.ch\/move\/script-praesentation-15-08-2023\/","title":{"rendered":"Script Pr\u00e4sentation 15.08.2023"},"content":{"rendered":"\n<p><strong>Hearing der Rechtskommission des St\u00e4nderats zum Verbot der Konversionstherapie. Kantone Basel-Stadt und Luzern haben ihr Begehren vorgetragen. Hier das Script des Teils der Pr\u00e4sentation von Johannes Sieber.<\/strong><\/p>\n\n\n\n<p>&#8212;&#8212;&#8212;&#8212;&#8212;&#8212;&#8212;&#8212;&#8212;&#8212;&#8212;&#8212;&#8212;&#8212;&#8212;&#8212;<\/p>\n\n\n\n<ul class=\"wp-block-list\"><li><em>Auch von meiner Seite Danke f\u00fcr die Gelegenheit, hier unser Anliegen vorzustellen<\/em><\/li><\/ul>\n\n\n\n<p><em>&#8212;&#8212;&#8212;&#8212;&#8212;&#8212;&#8212;&#8212;&#8212;&#8212;&#8212;&#8212;&#8212;&#8212;&#8212;&#8212;<\/em><\/p>\n\n\n\n<p><em>Folie 2<\/em><\/p>\n\n\n\n<ul class=\"wp-block-list\"><li><em>1984 strich die Welt-Gesundheits-Organisation \u00abHomosexualit\u00e4t\u00bb aus der Liste der Seuchen, Krankheiten und Epidemien<\/em><\/li><li><em>Das ist die Liste, auf der seit November 19 auch Covid-19 eingetragen ist<\/em><\/li><li><em>Dennoch werden heute noch sog. \u00abTherapien\u00ab angeboten, die die sexuelle Orientierung oder die Geschlechtsidentit\u00e4t eines Menschen ver\u00e4ndern wollen.<\/em><\/li><li><em>Sie \u00abKonversionstherapien\u00bb \u2013 besser Konversionsmassnahmen \u2013 beruhen auf der Annahme, dass eine nicht-heterosexuelle Orientierung (also Homo- oder Bisexualit\u00e4t) oder Transidentit\u00e4t behandlungsbed\u00fcrftig seien.<\/em><\/li><li><em>Im Unterschied zu beispielsweise \u00abPeople of Color\u00bb oder aufgrund ihrer Religion marginalisierten Menschen, werden homosexuelle Personen in der Regel in einem Umfeld erwachsen, das nicht ihresgleichen entspricht: Die meisten Homosexuellen sind die Kinder heterosexueller Eltern.<\/em><\/li><li><em>Ein Coming-out als schwuler Mann, lesbische Frau oder trans Person ist ein grosser Schritt f\u00fcr die Entwicklung der eigenen Pers\u00f6nlichkeit. Der Schritt m\u00fcsste von Eltern und Bezugspersonen unterst\u00fctzt werden.<\/em><\/li><li><em>Ist dies nicht der Fall und wird stattdessen auf die Ver\u00e4nderung der innersten unver\u00e4nderbaren Pers\u00f6nlichkeit gedr\u00e4ngt, hat das schwerwiegende Folgen f\u00fcr die Pers\u00f6nlichkeitsentwicklung.<\/em><\/li><li><em>Die Folgen von \u00abKonversionstherapien\u00bb sind in vielen F\u00e4lle gravierend (Leid, psychische Sch\u00e4den, Suizidalit\u00e4t)<\/em><\/li><\/ul>\n\n\n\n<p><em>&#8212;&#8212;&#8212;&#8212;&#8212;&#8212;&#8212;&#8212;&#8212;&#8212;&#8212;&#8212;&#8212;&#8212;&#8212;&#8212;<\/em><\/p>\n\n\n\n<p><em>Folie 3<\/em><\/p>\n\n\n\n<ul class=\"wp-block-list\"><li><em>Neben meiner parlamentarischen und meiner beruflichen T\u00e4tigkeit bin seit Jahren f\u00fcr die queere Kultur in Basel engagiert und vernahm in den letzten Jahren eine Zunahme von Berichten \u00fcber durchgef\u00fchrte Konversionsmassnahmen in der Region.<\/em><\/li><li><em>Ohne es statistisch belegen zu k\u00f6nnen, meine ich die Zunahme parallel mit dem eingef\u00fchrten Verbot in Deutschland und der angek\u00fcndigten Versch\u00e4rfung der Sanktionen in Frankreich zu beobachten, wo diese Behandlungen ebenfalls verboten sind.<\/em><\/li><li><em>Wir haben darum in Basel-Stadt zuerst auf ein kantonales Verbot der Konversionsmassnahmen hingearbeitet und im Dezember 2021 den Regierungsrat damit beauftragt, einen Gesetzesentwurf f\u00fcr das Verbot auf kantonaler Ebene auszuarbeiten.<\/em><\/li><li><em>Parallel dazu verabschiedeten weitere Kantone \u00e4hnliche Vorst\u00f6sse oder debattieren diese aktuell. Neben Basel-Stadt sind das meiner \u00dcbersicht nach Basel-Landschaft, St. Gallen, Solothurn, Schwyz, Waadt, Genf und Z\u00fcrich.<\/em><\/li><li><em>Dass kantonale Verbote 1. aufgrund der beschr\u00e4nkten Sanktionsm\u00f6glichkeiten im \u00dcbertretungsstrafrecht, und 2. aufgrund des kantonalen Flickenteppichs keinen Sinn machen, veranlasste uns in Basel-Stadt, wie auch den Kanton Luzern zu den heute hier vorgestellten Standesinitiativen. In beiden Kantonen wurden die Vorst\u00f6sse mit grossem Mehr \u00fcberwiesen.<\/em><\/li><\/ul>\n\n\n\n<p><em>Basel-Stadt: am 23. M\u00e4rz 2022 mit 75 Ja- zu 9 Nein-Stimmen<\/em><\/p>\n\n\n\n<p><em>&#8212;&#8212;&#8212;&#8212;&#8212;&#8212;&#8212;&#8212;&#8212;&#8212;&#8212;&#8212;&#8212;&#8212;&#8212;&#8212;<\/em><\/p>\n\n\n\n<p><em>Folie 4<\/em><\/p>\n\n\n\n<p><em>Luzern:<\/em><\/p>\n\n\n\n<p><em>&#8211; Motion von Mario Cozzio<\/em><\/p>\n\n\n\n<p><em>&#8211; am 16. Mai 2022 mit 84 Ja- zu 17 Nein-Stimmen<\/em><\/p>\n\n\n\n<p><em>&#8212;&#8212;&#8212;&#8212;&#8212;&#8212;&#8212;&#8212;&#8212;&#8212;&#8212;&#8212;&#8212;&#8212;&#8212;&#8212;<\/em><\/p>\n\n\n\n<p><em>Folie 5<\/em><\/p>\n\n\n\n<p><em>Das Initiativbegehren lautet wie folgt:<\/em><\/p>\n\n\n\n<p><em>Die Kantone Basel-Stadt und Luzern ersuchen das Bundesparlament und die Bundesbeh\u00f6rden.<\/em><\/p>\n\n\n\n<ul class=\"wp-block-list\"><li><em>Konversionstherapien zu verbieten, die das Ziel haben, die sexuelle Orientierung bei Kindern, Jugendlichen und Erwachsenen zu ver\u00e4ndern<\/em><\/li><li><em>aufzuzeigen, ob f\u00fcr Psycholog:innen, Therapeut:innen, Seelsorger:innen und dergleichen mehr, die Konversionstherapien anwenden, ein Berufsverbot bewirkt werden kann<\/em><\/li><li><em>aufzuzeigen, was die Konsequenzen bei Zuwiderhandeln sein k\u00f6nnen<\/em><\/li><\/ul>\n\n\n\n<p><em>&#8212;&#8212;&#8212;&#8212;&#8212;&#8212;&#8212;&#8212;&#8212;&#8212;&#8212;&#8212;&#8212;&#8212;&#8212;&#8212;<\/em><\/p>\n\n\n\n<p><em>Folie 6:<\/em><\/p>\n\n\n\n<p><em>F\u00fcr die n\u00e4chste Folie darf ich Frau Dorothee Frei vom GD Basel-Stadt \u00fcbergeben. Danke f\u00fcr Ihre Aufmerksamkeit.<\/em><\/p>\n\n\n\n<p class=\"hinweisbox\"><a href=\"https:\/\/www.johannes-sieber.ch\/move\/antrag-auf-standesinitiative\/\">Zur\u00fcck zur Notiz<\/a><\/p>\n\n\n\n<p class=\"fotoquelle\">Foto zur Notiz: Nik Shuliahin<\/p>\n","protected":false},"excerpt":{"rendered":"<p>Hearing der Rechtskommission des St\u00e4nderats zum Verbot der Konversionstherapie. Kantone Basel-Stadt und Luzern haben ihr Begehren vorgetragen. Hier das Script des Teils der Pr\u00e4sentation von Johannes Sieber. &#8212;&#8212;&#8212;&#8212;&#8212;&#8212;&#8212;&#8212;&#8212;&#8212;&#8212;&#8212;&#8212;&#8212;&#8212;&#8212; Auch von meiner Seite Danke f\u00fcr die&#8230;<\/p>\n","protected":false},"author":1,"featured_media":7456,"parent":0,"menu_order":0,"comment_status":"closed","ping_status":"closed","template":"","meta":{"footnotes":""},"class_list":["post-7448","page","type-page","status-publish","has-post-thumbnail","hentry"],"yoast_head":"<!-- This site is optimized with the Yoast SEO plugin v27.3 - https:\/\/yoast.com\/product\/yoast-seo-wordpress\/ -->\n<title>Script Pr\u00e4sentation 15.08.2023 - Johannes Sieber<\/title>\n<meta name=\"robots\" content=\"index, follow, max-snippet:-1, max-image-preview:large, max-video-preview:-1\" \/>\n<link rel=\"canonical\" href=\"https:\/\/www.johannes-sieber.ch\/move\/script-praesentation-15-08-2023\/\" \/>\n<meta property=\"og:locale\" content=\"de_DE\" \/>\n<meta property=\"og:type\" content=\"article\" \/>\n<meta property=\"og:title\" content=\"Script Pr\u00e4sentation 15.08.2023 - Johannes Sieber\" \/>\n<meta property=\"og:description\" content=\"Hearing der Rechtskommission des St\u00e4nderats zum Verbot der Konversionstherapie. Kantone Basel-Stadt und Luzern haben ihr Begehren vorgetragen. Hier das Script des Teils der Pr\u00e4sentation von Johannes Sieber. &#8212;&#8212;&#8212;&#8212;&#8212;&#8212;&#8212;&#8212;&#8212;&#8212;&#8212;&#8212;&#8212;&#8212;&#8212;&#8212; Auch von meiner Seite Danke f\u00fcr die...\" \/>\n<meta property=\"og:url\" content=\"https:\/\/www.johannes-sieber.ch\/move\/script-praesentation-15-08-2023\/\" \/>\n<meta property=\"og:site_name\" content=\"Johannes Sieber\" \/>\n<meta property=\"article:modified_time\" content=\"2023-08-17T07:19:23+00:00\" \/>\n<meta property=\"og:image\" content=\"https:\/\/www.johannes-sieber.ch\/move\/wp-content\/uploads\/2023\/08\/nik-shuliahin-BuNWp1bL0nc-unsplash-scaled.jpg\" \/>\n\t<meta property=\"og:image:width\" content=\"2560\" \/>\n\t<meta property=\"og:image:height\" content=\"1670\" \/>\n\t<meta property=\"og:image:type\" content=\"image\/jpeg\" \/>\n<meta name=\"twitter:card\" content=\"summary_large_image\" \/>\n<meta name=\"twitter:site\" content=\"@JohannesSieber\" \/>\n<meta name=\"twitter:label1\" content=\"Gesch\u00e4tzte Lesezeit\" \/>\n\t<meta name=\"twitter:data1\" content=\"3\u00a0Minuten\" \/>\n<script type=\"application\/ld+json\" class=\"yoast-schema-graph\">{\"@context\":\"https:\\\/\\\/schema.org\",\"@graph\":[{\"@type\":\"WebPage\",\"@id\":\"https:\\\/\\\/www.johannes-sieber.ch\\\/move\\\/script-praesentation-15-08-2023\\\/\",\"url\":\"https:\\\/\\\/www.johannes-sieber.ch\\\/move\\\/script-praesentation-15-08-2023\\\/\",\"name\":\"Script Pr\u00e4sentation 15.08.2023 - Johannes Sieber\",\"isPartOf\":{\"@id\":\"https:\\\/\\\/www.johannes-sieber.ch\\\/move\\\/#website\"},\"primaryImageOfPage\":{\"@id\":\"https:\\\/\\\/www.johannes-sieber.ch\\\/move\\\/script-praesentation-15-08-2023\\\/#primaryimage\"},\"image\":{\"@id\":\"https:\\\/\\\/www.johannes-sieber.ch\\\/move\\\/script-praesentation-15-08-2023\\\/#primaryimage\"},\"thumbnailUrl\":\"https:\\\/\\\/www.johannes-sieber.ch\\\/move\\\/wp-content\\\/uploads\\\/2023\\\/08\\\/nik-shuliahin-BuNWp1bL0nc-unsplash-scaled.jpg\",\"datePublished\":\"2023-08-17T07:11:16+00:00\",\"dateModified\":\"2023-08-17T07:19:23+00:00\",\"breadcrumb\":{\"@id\":\"https:\\\/\\\/www.johannes-sieber.ch\\\/move\\\/script-praesentation-15-08-2023\\\/#breadcrumb\"},\"inLanguage\":\"de\",\"potentialAction\":[{\"@type\":\"ReadAction\",\"target\":[\"https:\\\/\\\/www.johannes-sieber.ch\\\/move\\\/script-praesentation-15-08-2023\\\/\"]}]},{\"@type\":\"ImageObject\",\"inLanguage\":\"de\",\"@id\":\"https:\\\/\\\/www.johannes-sieber.ch\\\/move\\\/script-praesentation-15-08-2023\\\/#primaryimage\",\"url\":\"https:\\\/\\\/www.johannes-sieber.ch\\\/move\\\/wp-content\\\/uploads\\\/2023\\\/08\\\/nik-shuliahin-BuNWp1bL0nc-unsplash-scaled.jpg\",\"contentUrl\":\"https:\\\/\\\/www.johannes-sieber.ch\\\/move\\\/wp-content\\\/uploads\\\/2023\\\/08\\\/nik-shuliahin-BuNWp1bL0nc-unsplash-scaled.jpg\",\"width\":2560,\"height\":1670,\"caption\":\"Konversionstherapie Hearing St\u00e4nderat\"},{\"@type\":\"BreadcrumbList\",\"@id\":\"https:\\\/\\\/www.johannes-sieber.ch\\\/move\\\/script-praesentation-15-08-2023\\\/#breadcrumb\",\"itemListElement\":[{\"@type\":\"ListItem\",\"position\":1,\"name\":\"Startseite\",\"item\":\"https:\\\/\\\/www.johannes-sieber.ch\\\/move\\\/\"},{\"@type\":\"ListItem\",\"position\":2,\"name\":\"Script Pr\u00e4sentation 15.08.2023\"}]},{\"@type\":\"WebSite\",\"@id\":\"https:\\\/\\\/www.johannes-sieber.ch\\\/move\\\/#website\",\"url\":\"https:\\\/\\\/www.johannes-sieber.ch\\\/move\\\/\",\"name\":\"Johannes Sieber\",\"description\":\"Notizen zu Kultur, Klima, Stadt &amp; Menschen\",\"publisher\":{\"@id\":\"https:\\\/\\\/www.johannes-sieber.ch\\\/move\\\/#\\\/schema\\\/person\\\/d92682c5f067a49d1c1f925bd5422e14\"},\"potentialAction\":[{\"@type\":\"SearchAction\",\"target\":{\"@type\":\"EntryPoint\",\"urlTemplate\":\"https:\\\/\\\/www.johannes-sieber.ch\\\/move\\\/?s={search_term_string}\"},\"query-input\":{\"@type\":\"PropertyValueSpecification\",\"valueRequired\":true,\"valueName\":\"search_term_string\"}}],\"inLanguage\":\"de\"},{\"@type\":[\"Person\",\"Organization\"],\"@id\":\"https:\\\/\\\/www.johannes-sieber.ch\\\/move\\\/#\\\/schema\\\/person\\\/d92682c5f067a49d1c1f925bd5422e14\",\"name\":\"Johannes Sieber\",\"image\":{\"@type\":\"ImageObject\",\"inLanguage\":\"de\",\"@id\":\"https:\\\/\\\/secure.gravatar.com\\\/avatar\\\/31f81941f5205fb74a8b0f15334401b3be15721e177e88208533a81bf8dae247?s=96&d=mm&r=g\",\"url\":\"https:\\\/\\\/secure.gravatar.com\\\/avatar\\\/31f81941f5205fb74a8b0f15334401b3be15721e177e88208533a81bf8dae247?s=96&d=mm&r=g\",\"contentUrl\":\"https:\\\/\\\/secure.gravatar.com\\\/avatar\\\/31f81941f5205fb74a8b0f15334401b3be15721e177e88208533a81bf8dae247?s=96&d=mm&r=g\",\"caption\":\"Johannes Sieber\"},\"logo\":{\"@id\":\"https:\\\/\\\/secure.gravatar.com\\\/avatar\\\/31f81941f5205fb74a8b0f15334401b3be15721e177e88208533a81bf8dae247?s=96&d=mm&r=g\"},\"sameAs\":[\"https:\\\/\\\/www.johannes-sieber.ch\\\/\",\"https:\\\/\\\/www.instagram.com\\\/johannes__sieber\",\"https:\\\/\\\/x.com\\\/https:\\\/\\\/twitter.com\\\/JohannesSieber\"]}]}<\/script>\n<!-- \/ Yoast SEO plugin. -->","yoast_head_json":{"title":"Script Pr\u00e4sentation 15.08.2023 - Johannes Sieber","robots":{"index":"index","follow":"follow","max-snippet":"max-snippet:-1","max-image-preview":"max-image-preview:large","max-video-preview":"max-video-preview:-1"},"canonical":"https:\/\/www.johannes-sieber.ch\/move\/script-praesentation-15-08-2023\/","og_locale":"de_DE","og_type":"article","og_title":"Script Pr\u00e4sentation 15.08.2023 - Johannes Sieber","og_description":"Hearing der Rechtskommission des St\u00e4nderats zum Verbot der Konversionstherapie. Kantone Basel-Stadt und Luzern haben ihr Begehren vorgetragen. Hier das Script des Teils der Pr\u00e4sentation von Johannes Sieber. &#8212;&#8212;&#8212;&#8212;&#8212;&#8212;&#8212;&#8212;&#8212;&#8212;&#8212;&#8212;&#8212;&#8212;&#8212;&#8212; Auch von meiner Seite Danke f\u00fcr die...","og_url":"https:\/\/www.johannes-sieber.ch\/move\/script-praesentation-15-08-2023\/","og_site_name":"Johannes Sieber","article_modified_time":"2023-08-17T07:19:23+00:00","og_image":[{"width":2560,"height":1670,"url":"https:\/\/www.johannes-sieber.ch\/move\/wp-content\/uploads\/2023\/08\/nik-shuliahin-BuNWp1bL0nc-unsplash-scaled.jpg","type":"image\/jpeg"}],"twitter_card":"summary_large_image","twitter_site":"@JohannesSieber","twitter_misc":{"Gesch\u00e4tzte Lesezeit":"3\u00a0Minuten"},"schema":{"@context":"https:\/\/schema.org","@graph":[{"@type":"WebPage","@id":"https:\/\/www.johannes-sieber.ch\/move\/script-praesentation-15-08-2023\/","url":"https:\/\/www.johannes-sieber.ch\/move\/script-praesentation-15-08-2023\/","name":"Script Pr\u00e4sentation 15.08.2023 - Johannes Sieber","isPartOf":{"@id":"https:\/\/www.johannes-sieber.ch\/move\/#website"},"primaryImageOfPage":{"@id":"https:\/\/www.johannes-sieber.ch\/move\/script-praesentation-15-08-2023\/#primaryimage"},"image":{"@id":"https:\/\/www.johannes-sieber.ch\/move\/script-praesentation-15-08-2023\/#primaryimage"},"thumbnailUrl":"https:\/\/www.johannes-sieber.ch\/move\/wp-content\/uploads\/2023\/08\/nik-shuliahin-BuNWp1bL0nc-unsplash-scaled.jpg","datePublished":"2023-08-17T07:11:16+00:00","dateModified":"2023-08-17T07:19:23+00:00","breadcrumb":{"@id":"https:\/\/www.johannes-sieber.ch\/move\/script-praesentation-15-08-2023\/#breadcrumb"},"inLanguage":"de","potentialAction":[{"@type":"ReadAction","target":["https:\/\/www.johannes-sieber.ch\/move\/script-praesentation-15-08-2023\/"]}]},{"@type":"ImageObject","inLanguage":"de","@id":"https:\/\/www.johannes-sieber.ch\/move\/script-praesentation-15-08-2023\/#primaryimage","url":"https:\/\/www.johannes-sieber.ch\/move\/wp-content\/uploads\/2023\/08\/nik-shuliahin-BuNWp1bL0nc-unsplash-scaled.jpg","contentUrl":"https:\/\/www.johannes-sieber.ch\/move\/wp-content\/uploads\/2023\/08\/nik-shuliahin-BuNWp1bL0nc-unsplash-scaled.jpg","width":2560,"height":1670,"caption":"Konversionstherapie Hearing St\u00e4nderat"},{"@type":"BreadcrumbList","@id":"https:\/\/www.johannes-sieber.ch\/move\/script-praesentation-15-08-2023\/#breadcrumb","itemListElement":[{"@type":"ListItem","position":1,"name":"Startseite","item":"https:\/\/www.johannes-sieber.ch\/move\/"},{"@type":"ListItem","position":2,"name":"Script Pr\u00e4sentation 15.08.2023"}]},{"@type":"WebSite","@id":"https:\/\/www.johannes-sieber.ch\/move\/#website","url":"https:\/\/www.johannes-sieber.ch\/move\/","name":"Johannes Sieber","description":"Notizen zu Kultur, Klima, Stadt &amp; Menschen","publisher":{"@id":"https:\/\/www.johannes-sieber.ch\/move\/#\/schema\/person\/d92682c5f067a49d1c1f925bd5422e14"},"potentialAction":[{"@type":"SearchAction","target":{"@type":"EntryPoint","urlTemplate":"https:\/\/www.johannes-sieber.ch\/move\/?s={search_term_string}"},"query-input":{"@type":"PropertyValueSpecification","valueRequired":true,"valueName":"search_term_string"}}],"inLanguage":"de"},{"@type":["Person","Organization"],"@id":"https:\/\/www.johannes-sieber.ch\/move\/#\/schema\/person\/d92682c5f067a49d1c1f925bd5422e14","name":"Johannes Sieber","image":{"@type":"ImageObject","inLanguage":"de","@id":"https:\/\/secure.gravatar.com\/avatar\/31f81941f5205fb74a8b0f15334401b3be15721e177e88208533a81bf8dae247?s=96&d=mm&r=g","url":"https:\/\/secure.gravatar.com\/avatar\/31f81941f5205fb74a8b0f15334401b3be15721e177e88208533a81bf8dae247?s=96&d=mm&r=g","contentUrl":"https:\/\/secure.gravatar.com\/avatar\/31f81941f5205fb74a8b0f15334401b3be15721e177e88208533a81bf8dae247?s=96&d=mm&r=g","caption":"Johannes Sieber"},"logo":{"@id":"https:\/\/secure.gravatar.com\/avatar\/31f81941f5205fb74a8b0f15334401b3be15721e177e88208533a81bf8dae247?s=96&d=mm&r=g"},"sameAs":["https:\/\/www.johannes-sieber.ch\/","https:\/\/www.instagram.com\/johannes__sieber","https:\/\/x.com\/https:\/\/twitter.com\/JohannesSieber"]}]}},"jetpack_sharing_enabled":true,"_links":{"self":[{"href":"https:\/\/www.johannes-sieber.ch\/move\/wp-json\/wp\/v2\/pages\/7448","targetHints":{"allow":["GET"]}}],"collection":[{"href":"https:\/\/www.johannes-sieber.ch\/move\/wp-json\/wp\/v2\/pages"}],"about":[{"href":"https:\/\/www.johannes-sieber.ch\/move\/wp-json\/wp\/v2\/types\/page"}],"author":[{"embeddable":true,"href":"https:\/\/www.johannes-sieber.ch\/move\/wp-json\/wp\/v2\/users\/1"}],"replies":[{"embeddable":true,"href":"https:\/\/www.johannes-sieber.ch\/move\/wp-json\/wp\/v2\/comments?post=7448"}],"version-history":[{"count":4,"href":"https:\/\/www.johannes-sieber.ch\/move\/wp-json\/wp\/v2\/pages\/7448\/revisions"}],"predecessor-version":[{"id":7458,"href":"https:\/\/www.johannes-sieber.ch\/move\/wp-json\/wp\/v2\/pages\/7448\/revisions\/7458"}],"wp:featuredmedia":[{"embeddable":true,"href":"https:\/\/www.johannes-sieber.ch\/move\/wp-json\/wp\/v2\/media\/7456"}],"wp:attachment":[{"href":"https:\/\/www.johannes-sieber.ch\/move\/wp-json\/wp\/v2\/media?parent=7448"}],"curies":[{"name":"wp","href":"https:\/\/api.w.org\/{rel}","templated":true}]}}