{"id":8090,"date":"2024-07-21T10:22:37","date_gmt":"2024-07-21T09:22:37","guid":{"rendered":"https:\/\/www.johannes-sieber.ch\/move\/?page_id=8090"},"modified":"2024-07-27T16:44:57","modified_gmt":"2024-07-27T15:44:57","slug":"highlights-legislatur-2021-2025","status":"publish","type":"page","link":"https:\/\/www.johannes-sieber.ch\/move\/highlights-legislatur-2021-2025\/","title":{"rendered":"Highlights Legislatur 2021 &#8211; 2025"},"content":{"rendered":"\n<p>Seit mehreren Jahren besch\u00e4ftigen Johannes Sieber die Themen Kultur, Klima, Stadt und Menschen beruflich und politisch. Sein Fokus liegt bei Unternehmen der Kultur (Hochkultur \u00fcber Pop bis Soziokultur, Gastronomie und Tourismus im urbanen Lebensraum), erneuerbare Energie (Forschung, Entwicklung, Innovation) und offene Gesellschaft (gleiche Rechte und Chancen, liberale Gesellschaft und Selbstbestimmung). Er ist im sozial-liberalen Spektrum positioniert.<\/p>\n\n\n\n<p>Im Folgenden die Highlights der laufenden Legislatur 2021-2025:<\/p>\n\n\n\n<p><strong>Kulturpolitik und Medienf\u00f6rderung<\/strong><\/p>\n\n\n\n<p>Johannes Sieber hat sich w\u00e4hrend der Legislatur 2021 &#8211; 2025 intensiv in der Kulturpolitik und der Medienf\u00f6rderung engagiert. Sein besonderes Anliegen war es, dass die Popkultur f\u00fcr die breite Masse neben der Hoch- und Alternativkultur einen angemessenen Platz erh\u00e4lt. Er forderte die R\u00fcckkehr von Openair-Veranstaltungen im Joggeli und machte sich daf\u00fcr stark, dass das Musical Theater nicht abgerissen wird. Seine Resolution zur Austragung des Eurovision Song Contests fand im Parlament grossen Anklang und wurde mit einer deutlichen Mehrheit \u00fcberwiesen.<\/p>\n\n\n\n<p>Dar\u00fcber hinaus forderte Johannes Sieber eine kantonale Medienf\u00f6rderung, um den Regionaljournalismus zu st\u00e4rken, der f\u00fcr die Demokratie von grosser Bedeutung ist. In einer Zeit, in der die nationale Medienlandschaft, insbesondere die SRG, eher einem Abbau gegen\u00fcbersteht und die Schweizer L\u00f6sung f\u00fcr eine Medienf\u00f6rderugn auf sich warten l\u00e4sst, hat sein Vorstoss erfreuliche zivilgesellschaftliche Entwicklungen ausgel\u00f6st. Johannes Siebers Einsatz zeigt, wie wichtig es ist, kulturelle Vielfalt und unabh\u00e4ngigen Journalismus zu f\u00f6rdern und zu unterst\u00fctzen.<\/p>\n\n\n\n<p><strong>Revision kantonales Gleichstellungsgesetz<\/strong><\/p>\n\n\n\n<p>Johannes Sieber war bei der Revision des kantonalen Gleichstellungsgesetzes federf\u00fchrend daf\u00fcr verantwortlich, dass die Gesch\u00e4ftspr\u00fcfungskommission einen Mitbericht zur Gesetzesrevision verfasste. Damit spielte er eine zentrale Rolle in diesem Prozess. Er setzte sich daf\u00fcr ein, dass s\u00e4mtliche Stimmen im Parlament Geh\u00f6r fanden, indem er durch sein Vorgehen bewirkte, dass alle Bedenken und Anregungen w\u00e4hrend des Gesetzgebungsprozesses in die Materialien einflossen. Durch diese inklusive Vorgehensweise gelan ihm, ein Referendum gegen die Gesetzesrevision zu verhindern, da die vielf\u00e4ltigen Perspektiven und Meinungen bereits im Vorfeld ber\u00fccksichtigt und integriert wurden. Johannes Siebers Engagement und sein kooperativer Ansatz haben massgeblich dazu beigetragen, ein ausgewogenes und breit akzeptiertes Gleichstellungsgesetz zu schaffen.<\/p>\n\n\n\n<p><strong>Erlass Whistleblower-Gesetz<\/strong><\/p>\n\n\n\n<p>Johannes Sieber hat in Zusammenarbeit mit dem Juristen und Anwalt Christian von Wartburg (SP) eine bedeutende Motion f\u00fcr ein Whistleblower-Gesetz eingereicht. Diese Motion wurde zwei Mal erfolgreich \u00fcberwiesen, sodass die Regierung nun an einem Gesetzesentwurf arbeitet. Ziel des Whistleblower-Gesetzes ist, Personen, die unsachgem\u00e4sse Vorf\u00e4lle in der Verwaltung des Kantons Basel-Stadt melden, besser zu sch\u00fctzen. Dies ist ein wichtiger Schritt, da die Schweiz im Gegensatz zur Europ\u00e4ischen Union in diesem Bereich stark r\u00fcckst\u00e4ndig ist. Dank der Initiative von Johannes Sieber und Christian von Wartburg wird nun aktiv an einem rechtlichen Rahmen gearbeitet, der Whistleblowern mehr Sicherheit bietet und somit Transparenz und Verantwortlichkeit in der Verwaltung f\u00f6rdert.<\/p>\n\n\n\n<p><strong>Dar\u00fcber hinaus&#8230;<\/strong><\/p>\n\n\n\n<p>&#8230; unterst\u00fctzt Johannes Sieber die Politik der Gr\u00fcnliberalen Fraktion, die in finanziellen und wirtschaftlichen Fragen eher in der N\u00e4he zur Mitte &amp; FDP politisiert, in sozialen Fragen sowie Themen zu Stadtentwicklung &amp; Klima eher mit Links\/Gr\u00fcn L\u00f6sungen findet.<\/p>\n\n\n\n<p>Johannes Sieber kandidiert am 20. Oktober 2024 erneut f\u00fcr den Grossen Rat.<\/p>\n\n\n\n<p class=\"hinweisbox\">Online: Johannes Sieber, Website<br>3 x auf deine Liste im Kleinbasel: Johannes Sieber<br><a href=\"http:\/\/www.johannes-sieber.ch\/move\/themen\" target=\"_blank\" rel=\"noreferrer noopener\">Johannes Sieber, Erneuerungswahlen 2024<\/a><\/p>\n\n\n\n<p class=\"fotoquelle\">Foto zur Notiz: Xenia \/ Kulturstadt Jetzt<\/p>\n","protected":false},"excerpt":{"rendered":"<p>Seit mehreren Jahren besch\u00e4ftigen Johannes Sieber die Themen Kultur, Klima, Stadt und Menschen beruflich und politisch. Sein Fokus liegt bei Unternehmen der Kultur (Hochkultur \u00fcber Pop bis Soziokultur, Gastronomie und Tourismus im urbanen Lebensraum), erneuerbare&#8230;<\/p>\n","protected":false},"author":1,"featured_media":7999,"parent":0,"menu_order":0,"comment_status":"closed","ping_status":"closed","template":"","meta":{"footnotes":""},"class_list":["post-8090","page","type-page","status-publish","has-post-thumbnail","hentry"],"yoast_head":"<!-- This site is optimized with the Yoast SEO plugin v27.4 - https:\/\/yoast.com\/product\/yoast-seo-wordpress\/ -->\n<title>Highlights Legislatur 2021 - 2025 - Johannes Sieber<\/title>\n<meta name=\"robots\" content=\"index, follow, max-snippet:-1, max-image-preview:large, max-video-preview:-1\" \/>\n<link rel=\"canonical\" href=\"https:\/\/www.johannes-sieber.ch\/move\/highlights-legislatur-2021-2025\/\" \/>\n<meta property=\"og:locale\" content=\"de_DE\" \/>\n<meta property=\"og:type\" content=\"article\" \/>\n<meta property=\"og:title\" content=\"Highlights Legislatur 2021 - 2025 - Johannes Sieber\" \/>\n<meta property=\"og:description\" content=\"Seit mehreren Jahren besch\u00e4ftigen Johannes Sieber die Themen Kultur, Klima, Stadt und Menschen beruflich und politisch. Sein Fokus liegt bei Unternehmen der Kultur (Hochkultur \u00fcber Pop bis Soziokultur, Gastronomie und Tourismus im urbanen Lebensraum), erneuerbare...\" \/>\n<meta property=\"og:url\" content=\"https:\/\/www.johannes-sieber.ch\/move\/highlights-legislatur-2021-2025\/\" \/>\n<meta property=\"og:site_name\" content=\"Johannes Sieber\" \/>\n<meta property=\"article:modified_time\" content=\"2024-07-27T15:44:57+00:00\" \/>\n<meta property=\"og:image\" content=\"https:\/\/www.johannes-sieber.ch\/move\/wp-content\/uploads\/2024\/06\/JohannesSieber_2024Juni_by_Xenja_2-700x404.png\" \/>\n\t<meta property=\"og:image:width\" content=\"700\" \/>\n\t<meta property=\"og:image:height\" content=\"404\" \/>\n\t<meta property=\"og:image:type\" content=\"image\/png\" \/>\n<meta name=\"twitter:card\" content=\"summary_large_image\" \/>\n<meta name=\"twitter:site\" content=\"@JohannesSieber\" \/>\n<meta name=\"twitter:label1\" content=\"Gesch\u00e4tzte Lesezeit\" \/>\n\t<meta name=\"twitter:data1\" content=\"4\u00a0Minuten\" \/>\n<script type=\"application\/ld+json\" class=\"yoast-schema-graph\">{\"@context\":\"https:\\\/\\\/schema.org\",\"@graph\":[{\"@type\":\"WebPage\",\"@id\":\"https:\\\/\\\/www.johannes-sieber.ch\\\/move\\\/highlights-legislatur-2021-2025\\\/\",\"url\":\"https:\\\/\\\/www.johannes-sieber.ch\\\/move\\\/highlights-legislatur-2021-2025\\\/\",\"name\":\"Highlights Legislatur 2021 - 2025 - Johannes Sieber\",\"isPartOf\":{\"@id\":\"https:\\\/\\\/www.johannes-sieber.ch\\\/move\\\/#website\"},\"primaryImageOfPage\":{\"@id\":\"https:\\\/\\\/www.johannes-sieber.ch\\\/move\\\/highlights-legislatur-2021-2025\\\/#primaryimage\"},\"image\":{\"@id\":\"https:\\\/\\\/www.johannes-sieber.ch\\\/move\\\/highlights-legislatur-2021-2025\\\/#primaryimage\"},\"thumbnailUrl\":\"https:\\\/\\\/www.johannes-sieber.ch\\\/move\\\/wp-content\\\/uploads\\\/2024\\\/06\\\/JohannesSieber_2024Juni_by_Xenja_2.png\",\"datePublished\":\"2024-07-21T09:22:37+00:00\",\"dateModified\":\"2024-07-27T15:44:57+00:00\",\"breadcrumb\":{\"@id\":\"https:\\\/\\\/www.johannes-sieber.ch\\\/move\\\/highlights-legislatur-2021-2025\\\/#breadcrumb\"},\"inLanguage\":\"de\",\"potentialAction\":[{\"@type\":\"ReadAction\",\"target\":[\"https:\\\/\\\/www.johannes-sieber.ch\\\/move\\\/highlights-legislatur-2021-2025\\\/\"]}]},{\"@type\":\"ImageObject\",\"inLanguage\":\"de\",\"@id\":\"https:\\\/\\\/www.johannes-sieber.ch\\\/move\\\/highlights-legislatur-2021-2025\\\/#primaryimage\",\"url\":\"https:\\\/\\\/www.johannes-sieber.ch\\\/move\\\/wp-content\\\/uploads\\\/2024\\\/06\\\/JohannesSieber_2024Juni_by_Xenja_2.png\",\"contentUrl\":\"https:\\\/\\\/www.johannes-sieber.ch\\\/move\\\/wp-content\\\/uploads\\\/2024\\\/06\\\/JohannesSieber_2024Juni_by_Xenja_2.png\",\"width\":2378,\"height\":1374,\"caption\":\"Johannes Sieber\"},{\"@type\":\"BreadcrumbList\",\"@id\":\"https:\\\/\\\/www.johannes-sieber.ch\\\/move\\\/highlights-legislatur-2021-2025\\\/#breadcrumb\",\"itemListElement\":[{\"@type\":\"ListItem\",\"position\":1,\"name\":\"Startseite\",\"item\":\"https:\\\/\\\/www.johannes-sieber.ch\\\/move\\\/\"},{\"@type\":\"ListItem\",\"position\":2,\"name\":\"Highlights Legislatur 2021 &#8211; 2025\"}]},{\"@type\":\"WebSite\",\"@id\":\"https:\\\/\\\/www.johannes-sieber.ch\\\/move\\\/#website\",\"url\":\"https:\\\/\\\/www.johannes-sieber.ch\\\/move\\\/\",\"name\":\"Johannes Sieber\",\"description\":\"Notizen zu Kultur, Klima, Stadt &amp; Menschen\",\"publisher\":{\"@id\":\"https:\\\/\\\/www.johannes-sieber.ch\\\/move\\\/#\\\/schema\\\/person\\\/d92682c5f067a49d1c1f925bd5422e14\"},\"potentialAction\":[{\"@type\":\"SearchAction\",\"target\":{\"@type\":\"EntryPoint\",\"urlTemplate\":\"https:\\\/\\\/www.johannes-sieber.ch\\\/move\\\/?s={search_term_string}\"},\"query-input\":{\"@type\":\"PropertyValueSpecification\",\"valueRequired\":true,\"valueName\":\"search_term_string\"}}],\"inLanguage\":\"de\"},{\"@type\":[\"Person\",\"Organization\"],\"@id\":\"https:\\\/\\\/www.johannes-sieber.ch\\\/move\\\/#\\\/schema\\\/person\\\/d92682c5f067a49d1c1f925bd5422e14\",\"name\":\"Johannes Sieber\",\"image\":{\"@type\":\"ImageObject\",\"inLanguage\":\"de\",\"@id\":\"https:\\\/\\\/secure.gravatar.com\\\/avatar\\\/31f81941f5205fb74a8b0f15334401b3be15721e177e88208533a81bf8dae247?s=96&d=mm&r=g\",\"url\":\"https:\\\/\\\/secure.gravatar.com\\\/avatar\\\/31f81941f5205fb74a8b0f15334401b3be15721e177e88208533a81bf8dae247?s=96&d=mm&r=g\",\"contentUrl\":\"https:\\\/\\\/secure.gravatar.com\\\/avatar\\\/31f81941f5205fb74a8b0f15334401b3be15721e177e88208533a81bf8dae247?s=96&d=mm&r=g\",\"caption\":\"Johannes Sieber\"},\"logo\":{\"@id\":\"https:\\\/\\\/secure.gravatar.com\\\/avatar\\\/31f81941f5205fb74a8b0f15334401b3be15721e177e88208533a81bf8dae247?s=96&d=mm&r=g\"},\"sameAs\":[\"https:\\\/\\\/www.johannes-sieber.ch\\\/\",\"https:\\\/\\\/www.instagram.com\\\/johannes__sieber\",\"https:\\\/\\\/x.com\\\/https:\\\/\\\/twitter.com\\\/JohannesSieber\"]}]}<\/script>\n<!-- \/ Yoast SEO plugin. -->","yoast_head_json":{"title":"Highlights Legislatur 2021 - 2025 - Johannes Sieber","robots":{"index":"index","follow":"follow","max-snippet":"max-snippet:-1","max-image-preview":"max-image-preview:large","max-video-preview":"max-video-preview:-1"},"canonical":"https:\/\/www.johannes-sieber.ch\/move\/highlights-legislatur-2021-2025\/","og_locale":"de_DE","og_type":"article","og_title":"Highlights Legislatur 2021 - 2025 - Johannes Sieber","og_description":"Seit mehreren Jahren besch\u00e4ftigen Johannes Sieber die Themen Kultur, Klima, Stadt und Menschen beruflich und politisch. Sein Fokus liegt bei Unternehmen der Kultur (Hochkultur \u00fcber Pop bis Soziokultur, Gastronomie und Tourismus im urbanen Lebensraum), erneuerbare...","og_url":"https:\/\/www.johannes-sieber.ch\/move\/highlights-legislatur-2021-2025\/","og_site_name":"Johannes Sieber","article_modified_time":"2024-07-27T15:44:57+00:00","og_image":[{"width":700,"height":404,"url":"https:\/\/www.johannes-sieber.ch\/move\/wp-content\/uploads\/2024\/06\/JohannesSieber_2024Juni_by_Xenja_2-700x404.png","type":"image\/png"}],"twitter_card":"summary_large_image","twitter_site":"@JohannesSieber","twitter_misc":{"Gesch\u00e4tzte Lesezeit":"4\u00a0Minuten"},"schema":{"@context":"https:\/\/schema.org","@graph":[{"@type":"WebPage","@id":"https:\/\/www.johannes-sieber.ch\/move\/highlights-legislatur-2021-2025\/","url":"https:\/\/www.johannes-sieber.ch\/move\/highlights-legislatur-2021-2025\/","name":"Highlights Legislatur 2021 - 2025 - Johannes Sieber","isPartOf":{"@id":"https:\/\/www.johannes-sieber.ch\/move\/#website"},"primaryImageOfPage":{"@id":"https:\/\/www.johannes-sieber.ch\/move\/highlights-legislatur-2021-2025\/#primaryimage"},"image":{"@id":"https:\/\/www.johannes-sieber.ch\/move\/highlights-legislatur-2021-2025\/#primaryimage"},"thumbnailUrl":"https:\/\/www.johannes-sieber.ch\/move\/wp-content\/uploads\/2024\/06\/JohannesSieber_2024Juni_by_Xenja_2.png","datePublished":"2024-07-21T09:22:37+00:00","dateModified":"2024-07-27T15:44:57+00:00","breadcrumb":{"@id":"https:\/\/www.johannes-sieber.ch\/move\/highlights-legislatur-2021-2025\/#breadcrumb"},"inLanguage":"de","potentialAction":[{"@type":"ReadAction","target":["https:\/\/www.johannes-sieber.ch\/move\/highlights-legislatur-2021-2025\/"]}]},{"@type":"ImageObject","inLanguage":"de","@id":"https:\/\/www.johannes-sieber.ch\/move\/highlights-legislatur-2021-2025\/#primaryimage","url":"https:\/\/www.johannes-sieber.ch\/move\/wp-content\/uploads\/2024\/06\/JohannesSieber_2024Juni_by_Xenja_2.png","contentUrl":"https:\/\/www.johannes-sieber.ch\/move\/wp-content\/uploads\/2024\/06\/JohannesSieber_2024Juni_by_Xenja_2.png","width":2378,"height":1374,"caption":"Johannes Sieber"},{"@type":"BreadcrumbList","@id":"https:\/\/www.johannes-sieber.ch\/move\/highlights-legislatur-2021-2025\/#breadcrumb","itemListElement":[{"@type":"ListItem","position":1,"name":"Startseite","item":"https:\/\/www.johannes-sieber.ch\/move\/"},{"@type":"ListItem","position":2,"name":"Highlights Legislatur 2021 &#8211; 2025"}]},{"@type":"WebSite","@id":"https:\/\/www.johannes-sieber.ch\/move\/#website","url":"https:\/\/www.johannes-sieber.ch\/move\/","name":"Johannes Sieber","description":"Notizen zu Kultur, Klima, Stadt &amp; Menschen","publisher":{"@id":"https:\/\/www.johannes-sieber.ch\/move\/#\/schema\/person\/d92682c5f067a49d1c1f925bd5422e14"},"potentialAction":[{"@type":"SearchAction","target":{"@type":"EntryPoint","urlTemplate":"https:\/\/www.johannes-sieber.ch\/move\/?s={search_term_string}"},"query-input":{"@type":"PropertyValueSpecification","valueRequired":true,"valueName":"search_term_string"}}],"inLanguage":"de"},{"@type":["Person","Organization"],"@id":"https:\/\/www.johannes-sieber.ch\/move\/#\/schema\/person\/d92682c5f067a49d1c1f925bd5422e14","name":"Johannes Sieber","image":{"@type":"ImageObject","inLanguage":"de","@id":"https:\/\/secure.gravatar.com\/avatar\/31f81941f5205fb74a8b0f15334401b3be15721e177e88208533a81bf8dae247?s=96&d=mm&r=g","url":"https:\/\/secure.gravatar.com\/avatar\/31f81941f5205fb74a8b0f15334401b3be15721e177e88208533a81bf8dae247?s=96&d=mm&r=g","contentUrl":"https:\/\/secure.gravatar.com\/avatar\/31f81941f5205fb74a8b0f15334401b3be15721e177e88208533a81bf8dae247?s=96&d=mm&r=g","caption":"Johannes Sieber"},"logo":{"@id":"https:\/\/secure.gravatar.com\/avatar\/31f81941f5205fb74a8b0f15334401b3be15721e177e88208533a81bf8dae247?s=96&d=mm&r=g"},"sameAs":["https:\/\/www.johannes-sieber.ch\/","https:\/\/www.instagram.com\/johannes__sieber","https:\/\/x.com\/https:\/\/twitter.com\/JohannesSieber"]}]}},"jetpack_sharing_enabled":true,"_links":{"self":[{"href":"https:\/\/www.johannes-sieber.ch\/move\/wp-json\/wp\/v2\/pages\/8090","targetHints":{"allow":["GET"]}}],"collection":[{"href":"https:\/\/www.johannes-sieber.ch\/move\/wp-json\/wp\/v2\/pages"}],"about":[{"href":"https:\/\/www.johannes-sieber.ch\/move\/wp-json\/wp\/v2\/types\/page"}],"author":[{"embeddable":true,"href":"https:\/\/www.johannes-sieber.ch\/move\/wp-json\/wp\/v2\/users\/1"}],"replies":[{"embeddable":true,"href":"https:\/\/www.johannes-sieber.ch\/move\/wp-json\/wp\/v2\/comments?post=8090"}],"version-history":[{"count":12,"href":"https:\/\/www.johannes-sieber.ch\/move\/wp-json\/wp\/v2\/pages\/8090\/revisions"}],"predecessor-version":[{"id":8117,"href":"https:\/\/www.johannes-sieber.ch\/move\/wp-json\/wp\/v2\/pages\/8090\/revisions\/8117"}],"wp:featuredmedia":[{"embeddable":true,"href":"https:\/\/www.johannes-sieber.ch\/move\/wp-json\/wp\/v2\/media\/7999"}],"wp:attachment":[{"href":"https:\/\/www.johannes-sieber.ch\/move\/wp-json\/wp\/v2\/media?parent=8090"}],"curies":[{"name":"wp","href":"https:\/\/api.w.org\/{rel}","templated":true}]}}