{"id":973,"date":"2020-06-15T13:46:40","date_gmt":"2020-06-15T12:46:40","guid":{"rendered":"https:\/\/johannes-sieber.ch\/move\/?page_id=973"},"modified":"2020-06-22T16:31:10","modified_gmt":"2020-06-22T15:31:10","slug":"klima","status":"publish","type":"page","link":"https:\/\/www.johannes-sieber.ch\/move\/klima\/","title":{"rendered":"Klima, Energie und Umwelt"},"content":{"rendered":"\n<b>Meine Anliegen<\/b>:<br><ul><li>Energiewende umsetzen<\/li><li>Energieeffizienz priorisieren<\/li><li>Erneuerbare Energie f\u00f6rdern<\/li><\/ul>\n\n\n\n<p>Eine hochwertige Boden-, Luft- und Wasserqualit\u00e4t bildet die Grundlage unserer Gesundheit und Lebensqualit\u00e4t. Eine sachpolitische Auseinandersetzung mit dem Spannungsfeld zwischen Wirtschaft und Klimaschutz ist daf\u00fcr am produktivsten. Innovative L\u00f6sungen sind einer Verbotskultur vorzuziehen.<\/p>\n\n\n\n<p>Unser aktueller Energieverbrauch ist nicht nachhaltig. Wir konsumieren mehr Energie, als wir aus erneuerbaren Quellen bereitstellen k\u00f6nnen. Erste Priorit\u00e4t zur Energiewende hat darum die Energieeffizienz. Das Einf\u00fchren und Einhalten von zeitgem\u00e4ssen Ger\u00e4te- und Technologiestandards und somit das heute M\u00f6gliche auch tats\u00e4chlich tun, ist besonders erstrebenswert. Diese Entwicklung soll \u00fcber finanzielle Anreize (Lenkungsabgaben, Bonus-Malus-Systeme und Anpassungen des Steuersystems) unterst\u00fctzt werden. Das f\u00fchrt zu einer \u00f6kologischen, wirtschaftlichen und sicheren Energieversorgung.<\/p>\n\n\n\n<p>Die Grundlage f\u00fcr diese Entwicklung ist die Kostentransparenz und eine \u00f6kologische Steuerreform, die bestehende Steuern verursachergerecht durch eine Energiesteuer oder eine allgemeine Ressourcensteuer ersetzt. Dadurch werden Investitionen in erneuerbare Energien aus Sonne, Wasser, Wind, Geothermie und Biomasse attraktiver.<\/p>\n\n\n\n<p>In <a href=\"https:\/\/johannes-sieber.ch\/move\/category\/klima\/\">meinen Notizen zum Thema Klima, Energie und Umwelt<\/a> besch\u00e4ftigen mich besonders technische Innovationen. Ich bin \u00fcberzeugt, dass die Schweiz in diesem Bereich eine Vorbildsfunktion \u00fcbernehmen kann und soll. <\/p>\n\n\n\n<p>Wie denkst Du dar\u00fcber? <a href=\"https:\/\/johannes-sieber.ch\/move\/mitmachen\">Was machst Du, um Energie zu sparen<\/a>?<\/p>\n\n\n\n<p><strong>Lesen<\/strong>: <a href=\"https:\/\/johannes-sieber.ch\/move\/category\/klima\/\">Notizen zum Thema<\/a><br><strong>\u00dcbersicht<\/strong>: <a href=\"https:\/\/johannes-sieber.ch\/move\/themen\">Themen &amp; Position<\/a><\/p>\n\n\n\n<p class=\"fotoquelle\">Foto: Bill Oxford, Unsplash<\/p>\n","protected":false},"excerpt":{"rendered":"<p>Meine Anliegen: Energiewende umsetzen Energieeffizienz priorisieren Erneuerbare Energie f\u00f6rdern Eine hochwertige Boden-, Luft- und Wasserqualit\u00e4t bildet die Grundlage unserer Gesundheit und Lebensqualit\u00e4t. Eine sachpolitische Auseinandersetzung mit dem Spannungsfeld zwischen Wirtschaft und Klimaschutz ist daf\u00fcr am&#8230;<\/p>\n","protected":false},"author":1,"featured_media":1219,"parent":0,"menu_order":0,"comment_status":"closed","ping_status":"closed","template":"","meta":{"footnotes":""},"class_list":["post-973","page","type-page","status-publish","has-post-thumbnail","hentry"],"yoast_head":"<!-- This site is optimized with the Yoast SEO plugin v27.4 - https:\/\/yoast.com\/product\/yoast-seo-wordpress\/ -->\n<title>Klima, Energie und Umwelt - Johannes Sieber<\/title>\n<meta name=\"robots\" content=\"index, follow, max-snippet:-1, max-image-preview:large, max-video-preview:-1\" \/>\n<link rel=\"canonical\" href=\"https:\/\/www.johannes-sieber.ch\/move\/klima\/\" \/>\n<meta property=\"og:locale\" content=\"de_DE\" \/>\n<meta property=\"og:type\" content=\"article\" \/>\n<meta property=\"og:title\" content=\"Klima, Energie und Umwelt - Johannes Sieber\" \/>\n<meta property=\"og:description\" content=\"Meine Anliegen: Energiewende umsetzen Energieeffizienz priorisieren Erneuerbare Energie f\u00f6rdern Eine hochwertige Boden-, Luft- und Wasserqualit\u00e4t bildet die Grundlage unserer Gesundheit und Lebensqualit\u00e4t. Eine sachpolitische Auseinandersetzung mit dem Spannungsfeld zwischen Wirtschaft und Klimaschutz ist daf\u00fcr am...\" \/>\n<meta property=\"og:url\" content=\"https:\/\/www.johannes-sieber.ch\/move\/klima\/\" \/>\n<meta property=\"og:site_name\" content=\"Johannes Sieber\" \/>\n<meta property=\"article:modified_time\" content=\"2020-06-22T15:31:10+00:00\" \/>\n<meta property=\"og:image\" content=\"https:\/\/www.johannes-sieber.ch\/move\/wp-content\/uploads\/2020\/03\/blog_auftakt_visual-scaled.jpg\" \/>\n\t<meta property=\"og:image:width\" content=\"2560\" \/>\n\t<meta property=\"og:image:height\" content=\"1816\" \/>\n\t<meta property=\"og:image:type\" content=\"image\/jpeg\" \/>\n<meta name=\"twitter:card\" content=\"summary_large_image\" \/>\n<meta name=\"twitter:site\" content=\"@JohannesSieber\" \/>\n<meta name=\"twitter:label1\" content=\"Gesch\u00e4tzte Lesezeit\" \/>\n\t<meta name=\"twitter:data1\" content=\"1\u00a0Minute\" \/>\n<script type=\"application\/ld+json\" class=\"yoast-schema-graph\">{\"@context\":\"https:\\\/\\\/schema.org\",\"@graph\":[{\"@type\":\"WebPage\",\"@id\":\"https:\\\/\\\/www.johannes-sieber.ch\\\/move\\\/klima\\\/\",\"url\":\"https:\\\/\\\/www.johannes-sieber.ch\\\/move\\\/klima\\\/\",\"name\":\"Klima, Energie und Umwelt - Johannes Sieber\",\"isPartOf\":{\"@id\":\"https:\\\/\\\/www.johannes-sieber.ch\\\/move\\\/#website\"},\"primaryImageOfPage\":{\"@id\":\"https:\\\/\\\/www.johannes-sieber.ch\\\/move\\\/klima\\\/#primaryimage\"},\"image\":{\"@id\":\"https:\\\/\\\/www.johannes-sieber.ch\\\/move\\\/klima\\\/#primaryimage\"},\"thumbnailUrl\":\"https:\\\/\\\/www.johannes-sieber.ch\\\/move\\\/wp-content\\\/uploads\\\/2020\\\/03\\\/blog_auftakt_visual-scaled.jpg\",\"datePublished\":\"2020-06-15T12:46:40+00:00\",\"dateModified\":\"2020-06-22T15:31:10+00:00\",\"breadcrumb\":{\"@id\":\"https:\\\/\\\/www.johannes-sieber.ch\\\/move\\\/klima\\\/#breadcrumb\"},\"inLanguage\":\"de\",\"potentialAction\":[{\"@type\":\"ReadAction\",\"target\":[\"https:\\\/\\\/www.johannes-sieber.ch\\\/move\\\/klima\\\/\"]}]},{\"@type\":\"ImageObject\",\"inLanguage\":\"de\",\"@id\":\"https:\\\/\\\/www.johannes-sieber.ch\\\/move\\\/klima\\\/#primaryimage\",\"url\":\"https:\\\/\\\/www.johannes-sieber.ch\\\/move\\\/wp-content\\\/uploads\\\/2020\\\/03\\\/blog_auftakt_visual-scaled.jpg\",\"contentUrl\":\"https:\\\/\\\/www.johannes-sieber.ch\\\/move\\\/wp-content\\\/uploads\\\/2020\\\/03\\\/blog_auftakt_visual-scaled.jpg\",\"width\":2560,\"height\":1816,\"caption\":\"Photo by Bill Oxford on Unsplash\"},{\"@type\":\"BreadcrumbList\",\"@id\":\"https:\\\/\\\/www.johannes-sieber.ch\\\/move\\\/klima\\\/#breadcrumb\",\"itemListElement\":[{\"@type\":\"ListItem\",\"position\":1,\"name\":\"Startseite\",\"item\":\"https:\\\/\\\/www.johannes-sieber.ch\\\/move\\\/\"},{\"@type\":\"ListItem\",\"position\":2,\"name\":\"Klima, Energie und Umwelt\"}]},{\"@type\":\"WebSite\",\"@id\":\"https:\\\/\\\/www.johannes-sieber.ch\\\/move\\\/#website\",\"url\":\"https:\\\/\\\/www.johannes-sieber.ch\\\/move\\\/\",\"name\":\"Johannes Sieber\",\"description\":\"Notizen zu Kultur, Klima, Stadt &amp; Menschen\",\"publisher\":{\"@id\":\"https:\\\/\\\/www.johannes-sieber.ch\\\/move\\\/#\\\/schema\\\/person\\\/d92682c5f067a49d1c1f925bd5422e14\"},\"potentialAction\":[{\"@type\":\"SearchAction\",\"target\":{\"@type\":\"EntryPoint\",\"urlTemplate\":\"https:\\\/\\\/www.johannes-sieber.ch\\\/move\\\/?s={search_term_string}\"},\"query-input\":{\"@type\":\"PropertyValueSpecification\",\"valueRequired\":true,\"valueName\":\"search_term_string\"}}],\"inLanguage\":\"de\"},{\"@type\":[\"Person\",\"Organization\"],\"@id\":\"https:\\\/\\\/www.johannes-sieber.ch\\\/move\\\/#\\\/schema\\\/person\\\/d92682c5f067a49d1c1f925bd5422e14\",\"name\":\"Johannes Sieber\",\"image\":{\"@type\":\"ImageObject\",\"inLanguage\":\"de\",\"@id\":\"https:\\\/\\\/secure.gravatar.com\\\/avatar\\\/31f81941f5205fb74a8b0f15334401b3be15721e177e88208533a81bf8dae247?s=96&d=mm&r=g\",\"url\":\"https:\\\/\\\/secure.gravatar.com\\\/avatar\\\/31f81941f5205fb74a8b0f15334401b3be15721e177e88208533a81bf8dae247?s=96&d=mm&r=g\",\"contentUrl\":\"https:\\\/\\\/secure.gravatar.com\\\/avatar\\\/31f81941f5205fb74a8b0f15334401b3be15721e177e88208533a81bf8dae247?s=96&d=mm&r=g\",\"caption\":\"Johannes Sieber\"},\"logo\":{\"@id\":\"https:\\\/\\\/secure.gravatar.com\\\/avatar\\\/31f81941f5205fb74a8b0f15334401b3be15721e177e88208533a81bf8dae247?s=96&d=mm&r=g\"},\"sameAs\":[\"https:\\\/\\\/www.johannes-sieber.ch\\\/\",\"https:\\\/\\\/www.instagram.com\\\/johannes__sieber\",\"https:\\\/\\\/x.com\\\/https:\\\/\\\/twitter.com\\\/JohannesSieber\"]}]}<\/script>\n<!-- \/ Yoast SEO plugin. -->","yoast_head_json":{"title":"Klima, Energie und Umwelt - Johannes Sieber","robots":{"index":"index","follow":"follow","max-snippet":"max-snippet:-1","max-image-preview":"max-image-preview:large","max-video-preview":"max-video-preview:-1"},"canonical":"https:\/\/www.johannes-sieber.ch\/move\/klima\/","og_locale":"de_DE","og_type":"article","og_title":"Klima, Energie und Umwelt - Johannes Sieber","og_description":"Meine Anliegen: Energiewende umsetzen Energieeffizienz priorisieren Erneuerbare Energie f\u00f6rdern Eine hochwertige Boden-, Luft- und Wasserqualit\u00e4t bildet die Grundlage unserer Gesundheit und Lebensqualit\u00e4t. Eine sachpolitische Auseinandersetzung mit dem Spannungsfeld zwischen Wirtschaft und Klimaschutz ist daf\u00fcr am...","og_url":"https:\/\/www.johannes-sieber.ch\/move\/klima\/","og_site_name":"Johannes Sieber","article_modified_time":"2020-06-22T15:31:10+00:00","og_image":[{"width":2560,"height":1816,"url":"https:\/\/www.johannes-sieber.ch\/move\/wp-content\/uploads\/2020\/03\/blog_auftakt_visual-scaled.jpg","type":"image\/jpeg"}],"twitter_card":"summary_large_image","twitter_site":"@JohannesSieber","twitter_misc":{"Gesch\u00e4tzte Lesezeit":"1\u00a0Minute"},"schema":{"@context":"https:\/\/schema.org","@graph":[{"@type":"WebPage","@id":"https:\/\/www.johannes-sieber.ch\/move\/klima\/","url":"https:\/\/www.johannes-sieber.ch\/move\/klima\/","name":"Klima, Energie und Umwelt - Johannes Sieber","isPartOf":{"@id":"https:\/\/www.johannes-sieber.ch\/move\/#website"},"primaryImageOfPage":{"@id":"https:\/\/www.johannes-sieber.ch\/move\/klima\/#primaryimage"},"image":{"@id":"https:\/\/www.johannes-sieber.ch\/move\/klima\/#primaryimage"},"thumbnailUrl":"https:\/\/www.johannes-sieber.ch\/move\/wp-content\/uploads\/2020\/03\/blog_auftakt_visual-scaled.jpg","datePublished":"2020-06-15T12:46:40+00:00","dateModified":"2020-06-22T15:31:10+00:00","breadcrumb":{"@id":"https:\/\/www.johannes-sieber.ch\/move\/klima\/#breadcrumb"},"inLanguage":"de","potentialAction":[{"@type":"ReadAction","target":["https:\/\/www.johannes-sieber.ch\/move\/klima\/"]}]},{"@type":"ImageObject","inLanguage":"de","@id":"https:\/\/www.johannes-sieber.ch\/move\/klima\/#primaryimage","url":"https:\/\/www.johannes-sieber.ch\/move\/wp-content\/uploads\/2020\/03\/blog_auftakt_visual-scaled.jpg","contentUrl":"https:\/\/www.johannes-sieber.ch\/move\/wp-content\/uploads\/2020\/03\/blog_auftakt_visual-scaled.jpg","width":2560,"height":1816,"caption":"Photo by Bill Oxford on Unsplash"},{"@type":"BreadcrumbList","@id":"https:\/\/www.johannes-sieber.ch\/move\/klima\/#breadcrumb","itemListElement":[{"@type":"ListItem","position":1,"name":"Startseite","item":"https:\/\/www.johannes-sieber.ch\/move\/"},{"@type":"ListItem","position":2,"name":"Klima, Energie und Umwelt"}]},{"@type":"WebSite","@id":"https:\/\/www.johannes-sieber.ch\/move\/#website","url":"https:\/\/www.johannes-sieber.ch\/move\/","name":"Johannes Sieber","description":"Notizen zu Kultur, Klima, Stadt &amp; Menschen","publisher":{"@id":"https:\/\/www.johannes-sieber.ch\/move\/#\/schema\/person\/d92682c5f067a49d1c1f925bd5422e14"},"potentialAction":[{"@type":"SearchAction","target":{"@type":"EntryPoint","urlTemplate":"https:\/\/www.johannes-sieber.ch\/move\/?s={search_term_string}"},"query-input":{"@type":"PropertyValueSpecification","valueRequired":true,"valueName":"search_term_string"}}],"inLanguage":"de"},{"@type":["Person","Organization"],"@id":"https:\/\/www.johannes-sieber.ch\/move\/#\/schema\/person\/d92682c5f067a49d1c1f925bd5422e14","name":"Johannes Sieber","image":{"@type":"ImageObject","inLanguage":"de","@id":"https:\/\/secure.gravatar.com\/avatar\/31f81941f5205fb74a8b0f15334401b3be15721e177e88208533a81bf8dae247?s=96&d=mm&r=g","url":"https:\/\/secure.gravatar.com\/avatar\/31f81941f5205fb74a8b0f15334401b3be15721e177e88208533a81bf8dae247?s=96&d=mm&r=g","contentUrl":"https:\/\/secure.gravatar.com\/avatar\/31f81941f5205fb74a8b0f15334401b3be15721e177e88208533a81bf8dae247?s=96&d=mm&r=g","caption":"Johannes Sieber"},"logo":{"@id":"https:\/\/secure.gravatar.com\/avatar\/31f81941f5205fb74a8b0f15334401b3be15721e177e88208533a81bf8dae247?s=96&d=mm&r=g"},"sameAs":["https:\/\/www.johannes-sieber.ch\/","https:\/\/www.instagram.com\/johannes__sieber","https:\/\/x.com\/https:\/\/twitter.com\/JohannesSieber"]}]}},"jetpack_sharing_enabled":true,"_links":{"self":[{"href":"https:\/\/www.johannes-sieber.ch\/move\/wp-json\/wp\/v2\/pages\/973","targetHints":{"allow":["GET"]}}],"collection":[{"href":"https:\/\/www.johannes-sieber.ch\/move\/wp-json\/wp\/v2\/pages"}],"about":[{"href":"https:\/\/www.johannes-sieber.ch\/move\/wp-json\/wp\/v2\/types\/page"}],"author":[{"embeddable":true,"href":"https:\/\/www.johannes-sieber.ch\/move\/wp-json\/wp\/v2\/users\/1"}],"replies":[{"embeddable":true,"href":"https:\/\/www.johannes-sieber.ch\/move\/wp-json\/wp\/v2\/comments?post=973"}],"version-history":[{"count":24,"href":"https:\/\/www.johannes-sieber.ch\/move\/wp-json\/wp\/v2\/pages\/973\/revisions"}],"predecessor-version":[{"id":1777,"href":"https:\/\/www.johannes-sieber.ch\/move\/wp-json\/wp\/v2\/pages\/973\/revisions\/1777"}],"wp:featuredmedia":[{"embeddable":true,"href":"https:\/\/www.johannes-sieber.ch\/move\/wp-json\/wp\/v2\/media\/1219"}],"wp:attachment":[{"href":"https:\/\/www.johannes-sieber.ch\/move\/wp-json\/wp\/v2\/media?parent=973"}],"curies":[{"name":"wp","href":"https:\/\/api.w.org\/{rel}","templated":true}]}}